{"id":536,"date":"2025-04-24T13:49:40","date_gmt":"2025-04-24T13:49:40","guid":{"rendered":"https:\/\/pakhelper.com\/inox\/?post_type=product&#038;p=536"},"modified":"2025-09-02T10:52:25","modified_gmt":"2025-09-02T10:52:25","slug":"inox-ph-senker-flussig","status":"publish","type":"product","link":"https:\/\/inox-vertrieb.de\/en\/product\/inox-ph-senker-flussig\/","title":{"rendered":"INOX PH Senker fl\u00fcssig"},"content":{"rendered":"<p data-start=\"200\" data-end=\"518\"><strong data-start=\"200\" data-end=\"247\">Der INOX\u00ae Professioneller pH Senker fl\u00fcssig<\/strong>\u00a0bietet eine\u00a0<strong data-start=\"285\" data-end=\"324\">einfache &amp; effektive pH-Regulierung<\/strong>\u00a0f\u00fcr Ihren Pool &amp; Whirlpool. Um den pH-Wert um 0,1 zu senken, sind ca. 700\u202fml pro 10\u202fm\u00b3 erforderlich. Dank des mitgelieferten\u00a0<strong data-start=\"450\" data-end=\"465\">Dosierhahns<\/strong>\u00a0k\u00f6nnen Sie die ideale Menge exakt &amp; sauber abf\u00fcllen.<\/p>\n<p data-start=\"520\" data-end=\"788\">Unser pH Senker wirkt\u00a0<strong data-start=\"542\" data-end=\"569\">schnell &amp; langanhaltend<\/strong>, reguliert den pH-Wert zuverl\u00e4ssig &amp; ist mit allen Pools &amp; Pumpensystemen kompatibel.\u00a0<strong data-start=\"656\" data-end=\"681\">100\u202f% Made in Germany<\/strong>\u00a0steht unser Produkt f\u00fcr h\u00f6chste Qualit\u00e4t, Sicherheit &amp; Effektivit\u00e4t \u2013 ganz ohne Gefahrstoff-Kennzeichnung.<\/p>\n<p>\u2713\u00a0<strong>Einfache pH-Regulierung<\/strong>: Senkt den pH-Wert zuverl\u00e4ssig um 0,1 mit nur 300 ml pro 10 m\u00b3.<br \/>\n\u2713\u00a0<strong>Schnell &amp; langanhaltend<\/strong>: Wirkt direkt und sorgt f\u00fcr eine langfristige Regulierung ohne R\u00fcckst\u00e4nde.<br \/>\n\u2713\u00a0<strong>F\u00fcr alle Pools kompatibel<\/strong>: Geeignet f\u00fcr alle Pools und Pumpen.<br \/>\n\u2713\u00a0<strong>Hautvertr\u00e4glich<\/strong>: Optimale pH-Einstellung verhindert Augen- und Hautbeschwerden.<br \/>\n\u2713\u00a0<strong>100% Made in Germany<\/strong>: Strenge Qualit\u00e4tskontrollen &amp; Erfahrung garantieren h\u00f6chste Produkt.<\/p>\n<p><strong>Achtung:<\/strong>\u00a0Kann gegen\u00fcber Metallen korrosiv sein. Verursacht Hautreizungen. Verursacht schwere Augenreizung.<\/p>","protected":false},"excerpt":{"rendered":"<p>Der INOX\u00ae Professioneller pH Senker fl\u00fcssig\u00a0bietet eine\u00a0einfache &amp; effektive pH-Regulierung\u00a0f\u00fcr Ihren Pool &amp; Whirlpool. Um den pH-Wert um 0,1 zu senken, sind ca. 700\u202fml pro 10\u202fm\u00b3 erforderlich. Dank des mitgelieferten\u00a0Dosierhahns\u00a0k\u00f6nnen Sie die ideale Menge exakt &amp; sauber abf\u00fcllen. Unser pH Senker wirkt\u00a0schnell &amp; langanhaltend, reguliert den pH-Wert zuverl\u00e4ssig &amp; ist mit allen Pools &amp; Pumpensystemen [&hellip;]<\/p>","protected":false},"featured_media":1473,"comment_status":"open","ping_status":"closed","template":"","meta":[],"product_brand":[],"product_cat":[36],"product_tag":[],"class_list":{"0":"post-536","1":"product","2":"type-product","3":"status-publish","4":"has-post-thumbnail","6":"product_cat-poolpflege","8":"first","9":"instock","10":"shipping-taxable","11":"product-type-simple"},"_links":{"self":[{"href":"https:\/\/inox-vertrieb.de\/en\/wp-json\/wp\/v2\/product\/536","targetHints":{"allow":["GET"]}}],"collection":[{"href":"https:\/\/inox-vertrieb.de\/en\/wp-json\/wp\/v2\/product"}],"about":[{"href":"https:\/\/inox-vertrieb.de\/en\/wp-json\/wp\/v2\/types\/product"}],"replies":[{"embeddable":true,"href":"https:\/\/inox-vertrieb.de\/en\/wp-json\/wp\/v2\/comments?post=536"}],"wp:featuredmedia":[{"embeddable":true,"href":"https:\/\/inox-vertrieb.de\/en\/wp-json\/wp\/v2\/media\/1473"}],"wp:attachment":[{"href":"https:\/\/inox-vertrieb.de\/en\/wp-json\/wp\/v2\/media?parent=536"}],"wp:term":[{"taxonomy":"product_brand","embeddable":true,"href":"https:\/\/inox-vertrieb.de\/en\/wp-json\/wp\/v2\/product_brand?post=536"},{"taxonomy":"product_cat","embeddable":true,"href":"https:\/\/inox-vertrieb.de\/en\/wp-json\/wp\/v2\/product_cat?post=536"},{"taxonomy":"product_tag","embeddable":true,"href":"https:\/\/inox-vertrieb.de\/en\/wp-json\/wp\/v2\/product_tag?post=536"}],"curies":[{"name":"wp","href":"https:\/\/api.w.org\/{rel}","templated":true}]}}