{"id":535,"date":"2025-04-24T13:49:37","date_gmt":"2025-04-24T13:49:37","guid":{"rendered":"https:\/\/pakhelper.com\/inox\/?post_type=product&#038;p=535"},"modified":"2025-09-05T12:02:25","modified_gmt":"2025-09-05T12:02:25","slug":"inox-winter-booster","status":"publish","type":"product","link":"https:\/\/inox-vertrieb.de\/en\/product\/inox-winter-booster\/","title":{"rendered":"INOX\u00ae Winter Booster"},"content":{"rendered":"<div class=\"textproduct\">\n<div class=\"textproduct\">\n<div class=\"textproduct\">\n<div class=\"textproduct\">\n<div class=\"textproduct\">\n<p>Der\u00a0<strong>INOX\u00ae Effektiver Winter Booster<\/strong>\u00a0dient zur <strong>\u00dcberwinterung von Pools und Schwimmbecken<\/strong>. Das Wintermittel h\u00e4lt zuverl\u00e4ssig Keime und Bakterien fern, verhindert Algenbewuchs und wirkt effektiv gegen Kalk- und Schmutzablagerungen.<\/p>\n<p>Mit minimalem Aufwand sorgt der Winter Booster f\u00fcr eine einfache und nachhaltige Poolpflege w\u00e4hrend der kalten Jahreszeit.<\/p>\n<p>\u2713<strong> \u00dcberwinterungsschutz<\/strong>: Desinfiziert das Poolwasser und verhindert Kalkablagerungen.<br \/>\n\u2713 <strong>Winter Algenschutz<\/strong>: Wirkt nachhaltig gegen Algen, Bakterien &amp; Keime.<br \/>\n\u2713 <strong>Einfache Poolpflege<\/strong>: Unkomplizierte Anwendung.<br \/>\n\u2713 <strong>Vorbereitung f\u00fcr Saison<\/strong>: Keine zeitintensive Fr\u00fchjahrsreinigung n\u00f6tig.<br \/>\n\u2713 <strong>Kompatibel<\/strong>: Mit allen g\u00e4ngigen Pooldesinfektionsmitteln.<\/p>\n<\/div>\n<\/div>\n<\/div>\n<\/div>\n<\/div>","protected":false},"excerpt":{"rendered":"<p>Der\u00a0INOX\u00ae Effektiver Winter Booster\u00a0dient zur \u00dcberwinterung von Pools und Schwimmbecken. Das Wintermittel h\u00e4lt zuverl\u00e4ssig Keime und Bakterien fern, verhindert Algenbewuchs und wirkt effektiv gegen Kalk- und Schmutzablagerungen. Mit minimalem Aufwand sorgt der Winter Booster f\u00fcr eine einfache und nachhaltige Poolpflege w\u00e4hrend der kalten Jahreszeit. \u2713 \u00dcberwinterungsschutz: Desinfiziert das Poolwasser und verhindert Kalkablagerungen. \u2713 Winter Algenschutz: [&hellip;]<\/p>","protected":false},"featured_media":1544,"comment_status":"open","ping_status":"closed","template":"","meta":[],"product_brand":[],"product_cat":[36],"product_tag":[],"class_list":{"0":"post-535","1":"product","2":"type-product","3":"status-publish","4":"has-post-thumbnail","6":"product_cat-poolpflege","8":"first","9":"instock","10":"shipping-taxable","11":"product-type-simple"},"_links":{"self":[{"href":"https:\/\/inox-vertrieb.de\/en\/wp-json\/wp\/v2\/product\/535","targetHints":{"allow":["GET"]}}],"collection":[{"href":"https:\/\/inox-vertrieb.de\/en\/wp-json\/wp\/v2\/product"}],"about":[{"href":"https:\/\/inox-vertrieb.de\/en\/wp-json\/wp\/v2\/types\/product"}],"replies":[{"embeddable":true,"href":"https:\/\/inox-vertrieb.de\/en\/wp-json\/wp\/v2\/comments?post=535"}],"wp:featuredmedia":[{"embeddable":true,"href":"https:\/\/inox-vertrieb.de\/en\/wp-json\/wp\/v2\/media\/1544"}],"wp:attachment":[{"href":"https:\/\/inox-vertrieb.de\/en\/wp-json\/wp\/v2\/media?parent=535"}],"wp:term":[{"taxonomy":"product_brand","embeddable":true,"href":"https:\/\/inox-vertrieb.de\/en\/wp-json\/wp\/v2\/product_brand?post=535"},{"taxonomy":"product_cat","embeddable":true,"href":"https:\/\/inox-vertrieb.de\/en\/wp-json\/wp\/v2\/product_cat?post=535"},{"taxonomy":"product_tag","embeddable":true,"href":"https:\/\/inox-vertrieb.de\/en\/wp-json\/wp\/v2\/product_tag?post=535"}],"curies":[{"name":"wp","href":"https:\/\/api.w.org\/{rel}","templated":true}]}}