{"id":534,"date":"2025-04-24T13:49:35","date_gmt":"2025-04-24T13:49:35","guid":{"rendered":"https:\/\/pakhelper.com\/inox\/?post_type=product&#038;p=534"},"modified":"2026-04-06T20:12:47","modified_gmt":"2026-04-06T20:12:47","slug":"inox-pool-booster","status":"publish","type":"product","link":"https:\/\/inox-vertrieb.de\/en\/product\/inox-pool-booster\/","title":{"rendered":"INOX\u00ae Pool Booster"},"content":{"rendered":"<div class=\"textproduct\">\n<p>Der <strong>INOX\u00ae Effektiver Pool Booster<\/strong> ist ein <strong>hochwirksames Algizid<\/strong> f\u00fcr Pools, das das Wasser zuverl\u00e4ssig desinfiziert und vor Algen, Bakterien und anderen Verunreinigungen sch\u00fctzt. Er sorgt f\u00fcr dauerhaft hygienisch sauberes Poolwasser und verhindert die Bildung von Gr\u00fcnbelag und Algen.<\/p>\n<p>Der Pool Booster ist\u00a0<strong>vertr\u00e4glich und verhindert allergische Reaktionen<\/strong> wie rote Augen durch minimalen Einsatz von Chlor.<\/p>\n<p>\u2713 <strong>Hohe Wirksamkeit<\/strong>: Bek\u00e4mpft Algen, Bakterien &amp; Keime effektiv.<br \/>\n\u2713 <strong>Desinfizierend<\/strong>: Sorgt f\u00fcr kristallklares Wasser und verhindert die Verbreitung von Infektionen.<br \/>\n\u2713 <strong>Einfach<\/strong>: Kein Messen des pH-Wertes erforderlich, einfach anzuwenden.<br \/>\n\u2713 <strong>Vertr\u00e4glich<\/strong>: Verhindert allergische Reaktionen, schonend zur Haut.<br \/>\n\u2713 <strong>Vielseitig<\/strong>: Geeignet f\u00fcr die Sto\u00df- und Dauerchlorung von Poolwasser.<\/p>\n<p><strong>Anwendung:<\/strong> Geben Sie 1 Liter Pool Booster pro 10m\u00b3 Wasser hinzu. Verwenden Sie das Produkt vorzugsweise bei geringer Sonneneinstrahlung (abends). Bei extrem hei\u00dfem Wetter doppelte Dosierung verwenden.<\/p>\n<p><strong>Inhaltsstoffe: <\/strong>Natriumhypochlorit 0,20 % pro 100g<\/p>\n<p><strong>Warnhinweise:<\/strong><\/p>\n<ul>\n<li>Biozidprodukte vorsichtig verwenden. Vor Gebrauch stets Etikett und Produktinformation lesen.<\/li>\n<li>Darf nicht in die H\u00e4nde von Kindern gelangen.<\/li>\n<li>Bei Verschlucken: Mund aussp\u00fclen und Giftinformationszentrum oder Arzt anrufen.<\/li>\n<\/ul>\n<\/div>","protected":false},"excerpt":{"rendered":"<p>Der INOX\u00ae Effektiver Pool Booster ist ein hochwirksames Algizid f\u00fcr Pools, das das Wasser zuverl\u00e4ssig desinfiziert und vor Algen, Bakterien und anderen Verunreinigungen sch\u00fctzt. Er sorgt f\u00fcr dauerhaft hygienisch sauberes Poolwasser und verhindert die Bildung von Gr\u00fcnbelag und Algen. Der Pool Booster ist\u00a0vertr\u00e4glich und verhindert allergische Reaktionen wie rote Augen durch minimalen Einsatz von Chlor. [&hellip;]<\/p>","protected":false},"featured_media":707,"comment_status":"open","ping_status":"closed","template":"","meta":[],"product_brand":[],"product_cat":[36],"product_tag":[],"class_list":{"0":"post-534","1":"product","2":"type-product","3":"status-publish","4":"has-post-thumbnail","6":"product_cat-poolpflege","8":"first","9":"instock","10":"shipping-taxable","11":"product-type-simple"},"_links":{"self":[{"href":"https:\/\/inox-vertrieb.de\/en\/wp-json\/wp\/v2\/product\/534","targetHints":{"allow":["GET"]}}],"collection":[{"href":"https:\/\/inox-vertrieb.de\/en\/wp-json\/wp\/v2\/product"}],"about":[{"href":"https:\/\/inox-vertrieb.de\/en\/wp-json\/wp\/v2\/types\/product"}],"replies":[{"embeddable":true,"href":"https:\/\/inox-vertrieb.de\/en\/wp-json\/wp\/v2\/comments?post=534"}],"wp:featuredmedia":[{"embeddable":true,"href":"https:\/\/inox-vertrieb.de\/en\/wp-json\/wp\/v2\/media\/707"}],"wp:attachment":[{"href":"https:\/\/inox-vertrieb.de\/en\/wp-json\/wp\/v2\/media?parent=534"}],"wp:term":[{"taxonomy":"product_brand","embeddable":true,"href":"https:\/\/inox-vertrieb.de\/en\/wp-json\/wp\/v2\/product_brand?post=534"},{"taxonomy":"product_cat","embeddable":true,"href":"https:\/\/inox-vertrieb.de\/en\/wp-json\/wp\/v2\/product_cat?post=534"},{"taxonomy":"product_tag","embeddable":true,"href":"https:\/\/inox-vertrieb.de\/en\/wp-json\/wp\/v2\/product_tag?post=534"}],"curies":[{"name":"wp","href":"https:\/\/api.w.org\/{rel}","templated":true}]}}