{"id":528,"date":"2025-04-24T13:45:50","date_gmt":"2025-04-24T13:45:50","guid":{"rendered":"https:\/\/pakhelper.com\/inox\/?post_type=product&#038;p=528"},"modified":"2025-04-24T16:18:55","modified_gmt":"2025-04-24T16:18:55","slug":"inox-nano-glanztrockner","status":"publish","type":"product","link":"https:\/\/inox-vertrieb.de\/en\/product\/inox-nano-glanztrockner\/","title":{"rendered":"INOX Nano Glanztrockner"},"content":{"rendered":"<div class=\"textproduct\">\n<p style=\"font-weight: 400;\"><b><strong>INOX\u00ae Glanztrockner<\/strong><\/b>\u00a0ist ein aus speziellen Netzmitteln aufgebautes Produkt, welches schnell auf die Lacke aufzieht und ein schnelles Ausrei\u00dfen des Wasserfilms bewirkt. Der Lack erh\u00e4lt einen gleichm\u00e4\u00dfigen Glanz und eine\u00a0 optimale Farbvertiefung. Die kationischen Tenside veranlassen die Spezialwachse, sich in d\u00fcnner Schicht auf den Lackfl\u00e4chen abzulagern und sich als Film gleichm\u00e4\u00dfig zu verteilen. Die aufgebrachten Spezialwachse sind hart und verleihen deshalb den Lackfl\u00e4chen einen lange haltbaren Schutzfilm.<\/p>\n<\/div>","protected":false},"excerpt":{"rendered":"<p>INOX\u00ae Glanztrockner\u00a0ist ein aus speziellen Netzmitteln aufgebautes Produkt, welches schnell auf die Lacke aufzieht und ein schnelles Ausrei\u00dfen des Wasserfilms bewirkt. Der Lack erh\u00e4lt einen gleichm\u00e4\u00dfigen Glanz und eine\u00a0 optimale Farbvertiefung. Die kationischen Tenside veranlassen die Spezialwachse, sich in d\u00fcnner Schicht auf den Lackfl\u00e4chen abzulagern und sich als Film gleichm\u00e4\u00dfig zu verteilen. Die aufgebrachten Spezialwachse [&hellip;]<\/p>","protected":false},"featured_media":694,"comment_status":"open","ping_status":"closed","template":"","meta":[],"product_brand":[],"product_cat":[35],"product_tag":[],"class_list":{"0":"post-528","1":"product","2":"type-product","3":"status-publish","4":"has-post-thumbnail","6":"product_cat-waschanlage","8":"first","9":"instock","10":"shipping-taxable","11":"product-type-simple"},"_links":{"self":[{"href":"https:\/\/inox-vertrieb.de\/en\/wp-json\/wp\/v2\/product\/528","targetHints":{"allow":["GET"]}}],"collection":[{"href":"https:\/\/inox-vertrieb.de\/en\/wp-json\/wp\/v2\/product"}],"about":[{"href":"https:\/\/inox-vertrieb.de\/en\/wp-json\/wp\/v2\/types\/product"}],"replies":[{"embeddable":true,"href":"https:\/\/inox-vertrieb.de\/en\/wp-json\/wp\/v2\/comments?post=528"}],"wp:featuredmedia":[{"embeddable":true,"href":"https:\/\/inox-vertrieb.de\/en\/wp-json\/wp\/v2\/media\/694"}],"wp:attachment":[{"href":"https:\/\/inox-vertrieb.de\/en\/wp-json\/wp\/v2\/media?parent=528"}],"wp:term":[{"taxonomy":"product_brand","embeddable":true,"href":"https:\/\/inox-vertrieb.de\/en\/wp-json\/wp\/v2\/product_brand?post=528"},{"taxonomy":"product_cat","embeddable":true,"href":"https:\/\/inox-vertrieb.de\/en\/wp-json\/wp\/v2\/product_cat?post=528"},{"taxonomy":"product_tag","embeddable":true,"href":"https:\/\/inox-vertrieb.de\/en\/wp-json\/wp\/v2\/product_tag?post=528"}],"curies":[{"name":"wp","href":"https:\/\/api.w.org\/{rel}","templated":true}]}}