{"id":499,"date":"2025-04-24T13:27:53","date_gmt":"2025-04-24T13:27:53","guid":{"rendered":"https:\/\/pakhelper.com\/inox\/?post_type=product&#038;p=499"},"modified":"2025-08-31T20:17:23","modified_gmt":"2025-08-31T20:17:23","slug":"inox-werkstattreiniger","status":"publish","type":"product","link":"https:\/\/inox-vertrieb.de\/en\/product\/inox-werkstattreiniger\/","title":{"rendered":"INOX Werkstattreiniger"},"content":{"rendered":"<div class=\"textproduct\">\n<div class=\"textproduct\">\n<div class=\"textproduct\">\n<div class=\"textproduct\">\n<div class=\"textproduct\"><\/div>\n<\/div>\n<\/div>\n<p>Der\u00a0<strong>INOX\u00ae WS Werkstattreiniger Konzentrat<\/strong>\u00a0im 5-Liter-Kanister ist ein\u00a0<strong>kraftvoller universeller Reiniger<\/strong>\u00a0f\u00fcr alle Verschmutzungen im Werkstatt- oder Hallenbereich. Ideal zur Entfernung von \u00d6l-, Schmier- und Fettr\u00fcckst\u00e4nden, eignet sich dieser Reiniger f\u00fcr viele weitere Verschmutzungen.<\/p>\n<p>Dank seiner Vielseitigkeit kann der Reiniger\u00a0<strong>manuell, maschinell und in Hochdruckger\u00e4ten<\/strong>\u00a0eingesetzt werden. Der\u00a0<strong>biologisch abbaubare<\/strong>\u00a0Werkstattreiniger greift keine Gummi-, Lack- oder Kunststoffoberfl\u00e4chen an und ist somit schonend zur Umwelt und den behandelten Materialien.<\/p>\n<p>\u2713\u00a0<strong>Hohe Fettl\u00f6sekraft<\/strong>: Entfernt m\u00fchelos \u00d6l-, Schmier- und Fettr\u00fcckst\u00e4nde.<br \/>\n\u2713\u00a0<strong>Universell<\/strong>: Geeignet f\u00fcr manuelle, maschinelle &amp; Hochdruckreiniger-Anwendung.<br \/>\n\u2713\u00a0<strong>Materialschonend<\/strong>: Greift keine Gummi-, Lack- oder Kunststoffoberfl\u00e4chen an.<br \/>\n\u2713\u00a0<strong>Biologisch abbaubar<\/strong>: Umweltfreundlich &amp; sicher in der Anwendung.<br \/>\n\u2713\u00a0<strong>Vielseitig<\/strong>: F\u00fcr Werkst\u00e4tten, Hallenb\u00f6den und weitere Einsatzbereiche.<\/p>\n<p>&nbsp;<\/p>\n<div><img decoding=\"async\" src=\"https:\/\/m.media-amazon.com\/images\/I\/31FKY40zb5L.png\" alt=\"Fl\u00fcssigkeit und Dampf leicht entz\u00fcndbar.\" width=\"44\" \/><img decoding=\"async\" src=\"https:\/\/m.media-amazon.com\/images\/I\/41m4Jsj5OgL.png\" alt=\"Giftig f\u00fcr Wasserorganismen, mit langfristiger Wirkung.\" width=\"44\" \/><img decoding=\"async\" src=\"https:\/\/m.media-amazon.com\/images\/I\/31mTHI4a8xL.png\" alt=\"Kann Schl\u00e4frigkeit und Benommenheit verursachen.\" width=\"44\" \/><img decoding=\"async\" src=\"https:\/\/m.media-amazon.com\/images\/I\/41LBEV3R9FL.png\" alt=\"Kann bei Verschlucken und Eindringen in die Atemwege t\u00f6dlich sein.\" width=\"44\" \/><\/div>\n<p><strong>Gefahr:<\/strong>\u00a0Fl\u00fcssigkeit und Dampf leicht entz\u00fcndbar. Giftig f\u00fcr Wasserorganismen, mit langfristiger Wirkung. Kann Schl\u00e4frigkeit und Benommenheit verursachen. Kann bei Verschlucken und Eindringen in die Atemwege t\u00f6dlich sein. Verursacht Hautreizungen. Verursacht schwere Augenreizung.<\/p>\n<\/div>\n<\/div>","protected":false},"excerpt":{"rendered":"<p>Der\u00a0INOX\u00ae WS Werkstattreiniger Konzentrat\u00a0im 5-Liter-Kanister ist ein\u00a0kraftvoller universeller Reiniger\u00a0f\u00fcr alle Verschmutzungen im Werkstatt- oder Hallenbereich. Ideal zur Entfernung von \u00d6l-, Schmier- und Fettr\u00fcckst\u00e4nden, eignet sich dieser Reiniger f\u00fcr viele weitere Verschmutzungen. Dank seiner Vielseitigkeit kann der Reiniger\u00a0manuell, maschinell und in Hochdruckger\u00e4ten\u00a0eingesetzt werden. Der\u00a0biologisch abbaubare\u00a0Werkstattreiniger greift keine Gummi-, Lack- oder Kunststoffoberfl\u00e4chen an und ist somit schonend [&hellip;]<\/p>","protected":false},"featured_media":1385,"comment_status":"open","ping_status":"closed","template":"","meta":[],"product_brand":[],"product_cat":[34],"product_tag":[],"class_list":{"0":"post-499","1":"product","2":"type-product","3":"status-publish","4":"has-post-thumbnail","6":"product_cat-technische-reiniger","8":"first","9":"instock","10":"shipping-taxable","11":"product-type-simple"},"_links":{"self":[{"href":"https:\/\/inox-vertrieb.de\/en\/wp-json\/wp\/v2\/product\/499","targetHints":{"allow":["GET"]}}],"collection":[{"href":"https:\/\/inox-vertrieb.de\/en\/wp-json\/wp\/v2\/product"}],"about":[{"href":"https:\/\/inox-vertrieb.de\/en\/wp-json\/wp\/v2\/types\/product"}],"replies":[{"embeddable":true,"href":"https:\/\/inox-vertrieb.de\/en\/wp-json\/wp\/v2\/comments?post=499"}],"wp:featuredmedia":[{"embeddable":true,"href":"https:\/\/inox-vertrieb.de\/en\/wp-json\/wp\/v2\/media\/1385"}],"wp:attachment":[{"href":"https:\/\/inox-vertrieb.de\/en\/wp-json\/wp\/v2\/media?parent=499"}],"wp:term":[{"taxonomy":"product_brand","embeddable":true,"href":"https:\/\/inox-vertrieb.de\/en\/wp-json\/wp\/v2\/product_brand?post=499"},{"taxonomy":"product_cat","embeddable":true,"href":"https:\/\/inox-vertrieb.de\/en\/wp-json\/wp\/v2\/product_cat?post=499"},{"taxonomy":"product_tag","embeddable":true,"href":"https:\/\/inox-vertrieb.de\/en\/wp-json\/wp\/v2\/product_tag?post=499"}],"curies":[{"name":"wp","href":"https:\/\/api.w.org\/{rel}","templated":true}]}}