{"id":493,"date":"2025-04-24T13:22:41","date_gmt":"2025-04-24T13:22:41","guid":{"rendered":"https:\/\/pakhelper.com\/inox\/?post_type=product&#038;p=493"},"modified":"2025-08-31T20:22:29","modified_gmt":"2025-08-31T20:22:29","slug":"inox-wege-clean","status":"publish","type":"product","link":"https:\/\/inox-vertrieb.de\/en\/product\/inox-wege-clean\/","title":{"rendered":"INOX Wege Clean"},"content":{"rendered":"<div class=\"textproduct\">\n<p>Das\u00a0<strong>INOX\u00ae &#8211; Effektiver Wege Clean Konzentrat<\/strong>\u00a0ist ein hochkonzentriertes, schnell wirkendes biologisches Reinigungsmittel f\u00fcr die nachhaltige Reinigung und Pflege Ihrer Steinplatten, Betonfl\u00e4chen, Wege sowie Schotterpassagen &amp; Kieselsteine. Dank seiner starken Konzentration ist es sparsam im Verbrauch und bietet eine\u00a0<strong>langanhaltende Wirkung.<\/strong><\/p>\n<p>Mit unserem Steinreiniger entfernen Sie\u00a0<strong>Gr\u00fcnbelag, wie Flechten, Moose, Algen und Pilze<\/strong>, und lassen Ihre Steinfl\u00e4chen so sauber strahlen wie nie zuvor. Unser Reinigungsmittel ist\u00a0<strong>vollst\u00e4ndig biologisch abbaubar<\/strong>\u00a0und umweltfreundlich. Hergestellt in Deutschland, steht unser Produkt f\u00fcr h\u00f6chste Qualit\u00e4t und Effektivit\u00e4t.<\/p>\n<\/div>\n<p><strong>\u2713 Langanhaltende Wirkung:<\/strong>\u00a0Die verd\u00fcnnte L\u00f6sung h\u00e4lt die gereinigten Fl\u00e4chen nachhaltig sauber.<br \/>\n<strong>\u2713 Extrem effektiv:\u00a0<\/strong>Entfernt Gr\u00fcnbelag, wie Flechten, Moose, Algen, Pilze uvm.<br \/>\n<strong>\u2713 Umweltvertr\u00e4glich:<\/strong>\u00a0Vollst\u00e4ndig biologisch abbaubar.<br \/>\n<strong>\u2713 Einfache Anwendung:\u00a0<\/strong>Anwendung mit Gie\u00dfkanne, Druckspr\u00fcher oder Gartenspritze.<br \/>\n<strong>\u2713 Vielseitig:<\/strong>\u00a0Geeignet f\u00fcr Gehwege, Terrassen, Balkone und Fassaden.<\/p>\n<p>&nbsp;<\/p>\n<div class=\"textproduct\">\n<div class=\"a-section a-spacing-mini\">\u00a0<img decoding=\"async\" src=\"https:\/\/m.media-amazon.com\/images\/I\/41m4Jsj5OgL.png\" alt=\"Giftig f\u00fcr Wasserorganismen, mit langfristiger Wirkung.\" width=\"44\" height=\"44\" \/><\/div>\n<div class=\"a-section a-spacing-none\"><strong><span class=\"a-size-base a-color-base\">Gefahr:\u00a0\u00a0<\/span><\/strong>Sch\u00e4dlich f\u00fcr Wasserorganismen, mit langfristiger Wirkung.<\/div>\n<\/div>","protected":false},"excerpt":{"rendered":"<p>Das\u00a0INOX\u00ae &#8211; Effektiver Wege Clean Konzentrat\u00a0ist ein hochkonzentriertes, schnell wirkendes biologisches Reinigungsmittel f\u00fcr die nachhaltige Reinigung und Pflege Ihrer Steinplatten, Betonfl\u00e4chen, Wege sowie Schotterpassagen &amp; Kieselsteine. Dank seiner starken Konzentration ist es sparsam im Verbrauch und bietet eine\u00a0langanhaltende Wirkung. Mit unserem Steinreiniger entfernen Sie\u00a0Gr\u00fcnbelag, wie Flechten, Moose, Algen und Pilze, und lassen Ihre Steinfl\u00e4chen so [&hellip;]<\/p>","protected":false},"featured_media":1389,"comment_status":"open","ping_status":"closed","template":"","meta":[],"product_brand":[],"product_cat":[34],"product_tag":[],"class_list":{"0":"post-493","1":"product","2":"type-product","3":"status-publish","4":"has-post-thumbnail","6":"product_cat-technische-reiniger","8":"first","9":"instock","10":"shipping-taxable","11":"product-type-simple"},"_links":{"self":[{"href":"https:\/\/inox-vertrieb.de\/en\/wp-json\/wp\/v2\/product\/493","targetHints":{"allow":["GET"]}}],"collection":[{"href":"https:\/\/inox-vertrieb.de\/en\/wp-json\/wp\/v2\/product"}],"about":[{"href":"https:\/\/inox-vertrieb.de\/en\/wp-json\/wp\/v2\/types\/product"}],"replies":[{"embeddable":true,"href":"https:\/\/inox-vertrieb.de\/en\/wp-json\/wp\/v2\/comments?post=493"}],"wp:featuredmedia":[{"embeddable":true,"href":"https:\/\/inox-vertrieb.de\/en\/wp-json\/wp\/v2\/media\/1389"}],"wp:attachment":[{"href":"https:\/\/inox-vertrieb.de\/en\/wp-json\/wp\/v2\/media?parent=493"}],"wp:term":[{"taxonomy":"product_brand","embeddable":true,"href":"https:\/\/inox-vertrieb.de\/en\/wp-json\/wp\/v2\/product_brand?post=493"},{"taxonomy":"product_cat","embeddable":true,"href":"https:\/\/inox-vertrieb.de\/en\/wp-json\/wp\/v2\/product_cat?post=493"},{"taxonomy":"product_tag","embeddable":true,"href":"https:\/\/inox-vertrieb.de\/en\/wp-json\/wp\/v2\/product_tag?post=493"}],"curies":[{"name":"wp","href":"https:\/\/api.w.org\/{rel}","templated":true}]}}