{"id":492,"date":"2025-04-24T13:22:37","date_gmt":"2025-04-24T13:22:37","guid":{"rendered":"https:\/\/pakhelper.com\/inox\/?post_type=product&#038;p=492"},"modified":"2025-08-31T20:25:20","modified_gmt":"2025-08-31T20:25:20","slug":"inox-maschinen-anlagenreiniger","status":"publish","type":"product","link":"https:\/\/inox-vertrieb.de\/en\/product\/inox-maschinen-anlagenreiniger\/","title":{"rendered":"INOX Maschinen- &#038; Anlagenreiniger"},"content":{"rendered":"<div class=\"textproduct\">\n<p>Das\u00a0<strong>INOX\u00ae Maschinen- und Anlagenreiniger Konzentrat<\/strong>\u00a0ist ein\u00a0<strong>starker Reiniger<\/strong>\u00a0zum Entfernen von \u00d6l, Fett, Ru\u00df und anderen Verschmutzungen auf Maschinen und Anlagen. Der Fl\u00fcssigreiniger ist ideal f\u00fcr\u00a0<strong>Spr\u00fch- oder Hochdruckreinigung<\/strong>\u00a0geeignet.<\/p>\n<p>Das hochkonzentrierte Reinigungsmittel ist sehr ergiebig und wirtschaftlich. Es gew\u00e4hrleistet eine schnelle und gr\u00fcndliche Reinigung und ist schonend zu allen Oberfl\u00e4chen und Materialien.<\/p>\n<p>\u2713\u00a0<strong>Gr\u00fcndlich<\/strong>: Entfernt hartn\u00e4ckige &amp; festsitzende Verschmutzungen.<br \/>\n\u2713\u00a0<strong>Hochkonzentriert<\/strong>: Sehr ergiebig &amp; wirtschaftlich.<br \/>\n\u2713\u00a0<strong>Vielseitig<\/strong>: Ideal f\u00fcr Industrie &amp; Werkstatt, geeignet f\u00fcr Spr\u00fch- und Hochdruckreiniger.<br \/>\n\u2713\u00a0<strong>Umweltfreundlich<\/strong>: Ohne NTA, Formaldehyd, Phosphate, FCKW &amp; L\u00f6semitteln.<br \/>\n\u2713\u00a0<strong>Schonend<\/strong>: Sicher mit allen Oberfl\u00e4chen &amp; Materialien.<\/p>\n<p>&nbsp;<\/p>\n<div class=\"a-section a-spacing-mini\"><img decoding=\"async\" src=\"https:\/\/m.media-amazon.com\/images\/I\/31mTHI4a8xL.png\" alt=\"Verursacht Hautreizungen.\" width=\"44\" height=\"44\" \/><\/div>\n<div class=\"a-section a-spacing-none\"><strong><span class=\"a-size-base a-color-base\">Achtung:\u00a0<\/span><\/strong>Verursacht Hautreizungen.\u00a0Verursacht schwere Augenreizung.<\/div>\n<\/div>","protected":false},"excerpt":{"rendered":"<p>Das\u00a0INOX\u00ae Maschinen- und Anlagenreiniger Konzentrat\u00a0ist ein\u00a0starker Reiniger\u00a0zum Entfernen von \u00d6l, Fett, Ru\u00df und anderen Verschmutzungen auf Maschinen und Anlagen. Der Fl\u00fcssigreiniger ist ideal f\u00fcr\u00a0Spr\u00fch- oder Hochdruckreinigung\u00a0geeignet. Das hochkonzentrierte Reinigungsmittel ist sehr ergiebig und wirtschaftlich. Es gew\u00e4hrleistet eine schnelle und gr\u00fcndliche Reinigung und ist schonend zu allen Oberfl\u00e4chen und Materialien. \u2713\u00a0Gr\u00fcndlich: Entfernt hartn\u00e4ckige &amp; festsitzende Verschmutzungen. [&hellip;]<\/p>","protected":false},"featured_media":1394,"comment_status":"open","ping_status":"closed","template":"","meta":[],"product_brand":[],"product_cat":[34],"product_tag":[],"class_list":{"0":"post-492","1":"product","2":"type-product","3":"status-publish","4":"has-post-thumbnail","6":"product_cat-technische-reiniger","8":"first","9":"instock","10":"shipping-taxable","11":"product-type-simple"},"_links":{"self":[{"href":"https:\/\/inox-vertrieb.de\/en\/wp-json\/wp\/v2\/product\/492","targetHints":{"allow":["GET"]}}],"collection":[{"href":"https:\/\/inox-vertrieb.de\/en\/wp-json\/wp\/v2\/product"}],"about":[{"href":"https:\/\/inox-vertrieb.de\/en\/wp-json\/wp\/v2\/types\/product"}],"replies":[{"embeddable":true,"href":"https:\/\/inox-vertrieb.de\/en\/wp-json\/wp\/v2\/comments?post=492"}],"wp:featuredmedia":[{"embeddable":true,"href":"https:\/\/inox-vertrieb.de\/en\/wp-json\/wp\/v2\/media\/1394"}],"wp:attachment":[{"href":"https:\/\/inox-vertrieb.de\/en\/wp-json\/wp\/v2\/media?parent=492"}],"wp:term":[{"taxonomy":"product_brand","embeddable":true,"href":"https:\/\/inox-vertrieb.de\/en\/wp-json\/wp\/v2\/product_brand?post=492"},{"taxonomy":"product_cat","embeddable":true,"href":"https:\/\/inox-vertrieb.de\/en\/wp-json\/wp\/v2\/product_cat?post=492"},{"taxonomy":"product_tag","embeddable":true,"href":"https:\/\/inox-vertrieb.de\/en\/wp-json\/wp\/v2\/product_tag?post=492"}],"curies":[{"name":"wp","href":"https:\/\/api.w.org\/{rel}","templated":true}]}}