{"id":491,"date":"2025-04-24T13:22:35","date_gmt":"2025-04-24T13:22:35","guid":{"rendered":"https:\/\/pakhelper.com\/inox\/?post_type=product&#038;p=491"},"modified":"2025-08-31T20:28:42","modified_gmt":"2025-08-31T20:28:42","slug":"inox-kamin-und-ofenglas-reiniger","status":"publish","type":"product","link":"https:\/\/inox-vertrieb.de\/en\/product\/inox-kamin-und-ofenglas-reiniger\/","title":{"rendered":"INOX Kamin- und Ofenglas Reiniger"},"content":{"rendered":"<div class=\"textproduct\">\n<p>Der <strong>INOX\u00ae Kaminscheibenreiniger<\/strong> ist speziell entwickelt, um kraftvolle und dennoch schonende Reinigung von verru\u00dften Kaminscheiben zu erm\u00f6glichen. <strong>Dieser Reiniger entfernt schnell und effektiv Ru\u00df, Rauchharz, \u00d6l und Fett von Kaminscheiben<\/strong>, ohne dass langes Einwirken oder hartn\u00e4ckiges Schrubben erforderlich ist.<\/p>\n<p><img \/>Er ist auch ideal f\u00fcr die Reinigung von Back\u00f6fen und Grillrosten geeignet, dank seiner hervorragenden Fettl\u00f6sekraft.<\/p>\n<p><strong>\u2713<\/strong>\u00a0<strong>Schnell &amp; Effektiv:<\/strong>\u00a0Entfernt Verbrennungsr\u00fcckst\u00e4nde wie Ru\u00df, Rauchharz, \u00d6l &amp; Fett.<br \/>\n<strong>\u2713<\/strong>\u00a0<strong>Materialschonend:<\/strong>\u00a0Reinigt verru\u00dfte Kaminscheiben ohne Kratzen.<br \/>\n<strong>\u2713<\/strong>\u00a0<strong>Universell:<\/strong>\u00a0Geeignet f\u00fcr Tischkamine, Kachel-, Holz- &amp; Terrassen\u00f6fen, Back\u00f6fen &amp; Grillroste.<br \/>\n<strong>\u2713<\/strong>\u00a0<strong>Einfache Anwendung:<\/strong>\u00a0Aufspr\u00fchen, einwirken lassen &amp; abwischen.<\/p>\n<p>&nbsp;<\/p>\n<div style=\"display: flex; gap: 10px; align-items: center; margin-bottom: 10px;\"><img decoding=\"async\" src=\"https:\/\/m.media-amazon.com\/images\/I\/31FKY40zb5L.png\" alt=\"Fl\u00fcssigkeit und Dampf entz\u00fcndbar.\" width=\"44\" \/> <img decoding=\"async\" src=\"https:\/\/m.media-amazon.com\/images\/I\/31mTHI4a8xL.png\" alt=\"Gesundheitssch\u00e4dlich bei Einatmen.\" width=\"44\" \/> <img decoding=\"async\" src=\"https:\/\/m.media-amazon.com\/images\/I\/41m4Jsj5OgL.png\" alt=\"Giftig f\u00fcr Wasserorganismen, mit langfristiger Wirkung.\" width=\"44\" \/> <img decoding=\"async\" src=\"https:\/\/m.media-amazon.com\/images\/I\/41LBEV3R9FL.png\" alt=\"Kann bei Verschlucken und Eindringen in die Atemwege t\u00f6dlich sein.\" width=\"44\" \/><\/div>\n<p><strong>Gefahr:<\/strong> Fl\u00fcssigkeit und Dampf entz\u00fcndbar. Gesundheitssch\u00e4dlich bei Einatmen. Giftig f\u00fcr Wasserorganismen, mit langfristiger Wirkung. Kann bei Verschlucken und Eindringen in die Atemwege t\u00f6dlich sein. Kann die Organe sch\u00e4digen bei l\u00e4ngerer oder wiederholter Exposition. Kann vermutlich Krebs erzeugen. Verursacht Hautreizungen.<\/p>\n<\/div>","protected":false},"excerpt":{"rendered":"<p>Der INOX\u00ae Kaminscheibenreiniger ist speziell entwickelt, um kraftvolle und dennoch schonende Reinigung von verru\u00dften Kaminscheiben zu erm\u00f6glichen. Dieser Reiniger entfernt schnell und effektiv Ru\u00df, Rauchharz, \u00d6l und Fett von Kaminscheiben, ohne dass langes Einwirken oder hartn\u00e4ckiges Schrubben erforderlich ist. Er ist auch ideal f\u00fcr die Reinigung von Back\u00f6fen und Grillrosten geeignet, dank seiner hervorragenden Fettl\u00f6sekraft. [&hellip;]<\/p>","protected":false},"featured_media":1395,"comment_status":"open","ping_status":"closed","template":"","meta":[],"product_brand":[],"product_cat":[34],"product_tag":[],"class_list":{"0":"post-491","1":"product","2":"type-product","3":"status-publish","4":"has-post-thumbnail","6":"product_cat-technische-reiniger","8":"first","9":"instock","10":"shipping-taxable","11":"product-type-simple"},"_links":{"self":[{"href":"https:\/\/inox-vertrieb.de\/en\/wp-json\/wp\/v2\/product\/491","targetHints":{"allow":["GET"]}}],"collection":[{"href":"https:\/\/inox-vertrieb.de\/en\/wp-json\/wp\/v2\/product"}],"about":[{"href":"https:\/\/inox-vertrieb.de\/en\/wp-json\/wp\/v2\/types\/product"}],"replies":[{"embeddable":true,"href":"https:\/\/inox-vertrieb.de\/en\/wp-json\/wp\/v2\/comments?post=491"}],"wp:featuredmedia":[{"embeddable":true,"href":"https:\/\/inox-vertrieb.de\/en\/wp-json\/wp\/v2\/media\/1395"}],"wp:attachment":[{"href":"https:\/\/inox-vertrieb.de\/en\/wp-json\/wp\/v2\/media?parent=491"}],"wp:term":[{"taxonomy":"product_brand","embeddable":true,"href":"https:\/\/inox-vertrieb.de\/en\/wp-json\/wp\/v2\/product_brand?post=491"},{"taxonomy":"product_cat","embeddable":true,"href":"https:\/\/inox-vertrieb.de\/en\/wp-json\/wp\/v2\/product_cat?post=491"},{"taxonomy":"product_tag","embeddable":true,"href":"https:\/\/inox-vertrieb.de\/en\/wp-json\/wp\/v2\/product_tag?post=491"}],"curies":[{"name":"wp","href":"https:\/\/api.w.org\/{rel}","templated":true}]}}