{"id":490,"date":"2025-04-24T13:22:31","date_gmt":"2025-04-24T13:22:31","guid":{"rendered":"https:\/\/pakhelper.com\/inox\/?post_type=product&#038;p=490"},"modified":"2025-10-13T14:38:50","modified_gmt":"2025-10-13T14:38:50","slug":"inox-holzgleitmittel","status":"publish","type":"product","link":"https:\/\/inox-vertrieb.de\/en\/product\/inox-holzgleitmittel\/","title":{"rendered":"INOX Holzgleitmittel"},"content":{"rendered":"<div class=\"textproduct\">\n<div class=\"textproduct\">\n<p>Das <strong>INOX\u00ae Holzgleitmittel<\/strong> dient zur Schmierung und als Korrosionsschutz f\u00fcr Holzbearbeitungsmaschinen und bildet einen <strong>ultrafeinen Gleitfilm<\/strong> mit starker Kriechf\u00e4higkeit.<\/p>\n<p>Es verhindert das Verkleben und Verschmieren mit Holzmehl oder Sp\u00e4nen und ist\u00a0<strong>chlor- und silikonfrei<\/strong>, sodass es keine R\u00fcckst\u00e4nde hinterl\u00e4sst. <strong>Neutralisiert Harz<\/strong> und verdr\u00e4ngt Feuchtigkeit, was besonders bei nassem und verharztem Holz vorteilhaft ist.<\/p>\n<p>\u2713 <strong>Kein Verkleben &amp; Verschmieren:<\/strong> Bildet einen hauchd\u00fcnnen Gleitfilm.<br \/>\n\u2713 <strong>Neutralisierender Effekt:<\/strong> Neutralisiert Harz ohne Chlor &amp; Silikon, verdr\u00e4ngt Feuchtigkeit.<br \/>\n\u2713 <strong>R\u00fcckstandslos:<\/strong> Das Werkst\u00fcck kann geleimt, gebeizt &amp; lackiert werden kann.<br \/>\n\u2713 <strong>Reinigt &amp; pflegt:<\/strong> Beugt Korrosion auf blanken Maschinenteilen vor.<br \/>\n\u2713 <strong>Universell:<\/strong> F\u00fcr Holzbearbeitungsmaschinen wie Fr\u00e4ser, Hobelmaschine, Bands\u00e4ge, Handkreiss\u00e4ge, Kreiss\u00e4ge und Tischkreiss\u00e4ge.<\/p>\n<div class=\"a-section a-spacing-mini\"><img decoding=\"async\" src=\"https:\/\/m.media-amazon.com\/images\/I\/41LBEV3R9FL.png\" alt=\"Kann bei Verschlucken und Eindringen in die Atemwege t\u00f6dlich sein.\" width=\"44\" height=\"44\" \/><\/div>\n<div><\/div>\n<div class=\"a-section a-spacing-none\"><strong><span class=\"a-size-base a-color-base\">Gefahr: <\/span><\/strong>Kann bei Verschlucken und Eindringen in die Atemwege t\u00f6dlich sein.<\/div>\n<\/div>\n<\/div>","protected":false},"excerpt":{"rendered":"<p>Das INOX\u00ae Holzgleitmittel dient zur Schmierung und als Korrosionsschutz f\u00fcr Holzbearbeitungsmaschinen und bildet einen ultrafeinen Gleitfilm mit starker Kriechf\u00e4higkeit. Es verhindert das Verkleben und Verschmieren mit Holzmehl oder Sp\u00e4nen und ist\u00a0chlor- und silikonfrei, sodass es keine R\u00fcckst\u00e4nde hinterl\u00e4sst. Neutralisiert Harz und verdr\u00e4ngt Feuchtigkeit, was besonders bei nassem und verharztem Holz vorteilhaft ist. \u2713 Kein Verkleben [&hellip;]<\/p>","protected":false},"featured_media":1607,"comment_status":"open","ping_status":"closed","template":"","meta":[],"product_brand":[],"product_cat":[34],"product_tag":[],"class_list":{"0":"post-490","1":"product","2":"type-product","3":"status-publish","4":"has-post-thumbnail","6":"product_cat-technische-reiniger","8":"first","9":"instock","10":"shipping-taxable","11":"product-type-simple"},"_links":{"self":[{"href":"https:\/\/inox-vertrieb.de\/en\/wp-json\/wp\/v2\/product\/490","targetHints":{"allow":["GET"]}}],"collection":[{"href":"https:\/\/inox-vertrieb.de\/en\/wp-json\/wp\/v2\/product"}],"about":[{"href":"https:\/\/inox-vertrieb.de\/en\/wp-json\/wp\/v2\/types\/product"}],"replies":[{"embeddable":true,"href":"https:\/\/inox-vertrieb.de\/en\/wp-json\/wp\/v2\/comments?post=490"}],"wp:featuredmedia":[{"embeddable":true,"href":"https:\/\/inox-vertrieb.de\/en\/wp-json\/wp\/v2\/media\/1607"}],"wp:attachment":[{"href":"https:\/\/inox-vertrieb.de\/en\/wp-json\/wp\/v2\/media?parent=490"}],"wp:term":[{"taxonomy":"product_brand","embeddable":true,"href":"https:\/\/inox-vertrieb.de\/en\/wp-json\/wp\/v2\/product_brand?post=490"},{"taxonomy":"product_cat","embeddable":true,"href":"https:\/\/inox-vertrieb.de\/en\/wp-json\/wp\/v2\/product_cat?post=490"},{"taxonomy":"product_tag","embeddable":true,"href":"https:\/\/inox-vertrieb.de\/en\/wp-json\/wp\/v2\/product_tag?post=490"}],"curies":[{"name":"wp","href":"https:\/\/api.w.org\/{rel}","templated":true}]}}