{"id":488,"date":"2025-04-24T13:22:24","date_gmt":"2025-04-24T13:22:24","guid":{"rendered":"https:\/\/pakhelper.com\/inox\/?post_type=product&#038;p=488"},"modified":"2025-09-19T12:41:30","modified_gmt":"2025-09-19T12:41:30","slug":"inox-silikonentferner-ix-400","status":"publish","type":"product","link":"https:\/\/inox-vertrieb.de\/en\/product\/inox-silikonentferner-ix-400\/","title":{"rendered":"INOX Silikonentferner IX 400"},"content":{"rendered":"<div class=\"textproduct\">\n<div class=\"textproduct\">\n<p>Der <strong>INOX\u00ae Silikonentferner<\/strong> ist ein <strong>universell anwendbarer<\/strong> Reiniger und Entfetter, der auf Basis von L\u00f6sungsmitteln hergestellt wird. Durch seine spezielle Zusammensetzung eignet sich der INOX Silikonentferner besonders gut f\u00fcr <strong>gro\u00dfe Fl\u00e4chen<\/strong>.<\/p>\n<p>Der Reiniger entfernt gr\u00fcndlich und m\u00fchelos alle\u00a0<strong>Silicone, Fette, \u00d6le<\/strong> und R\u00fcckst\u00e4nde. <strong>INOX\u00ae Silikonentferner<\/strong> enth\u00e4lt keine aggressiven Stoffe und greift Lacke nicht an.<\/p>\n<\/div>\n<p>\u2713 <strong>Universal:<\/strong> L\u00f6st m\u00fchelos \u00d6l, Silikon, Wachs &amp; andere Fette, ideal f\u00fcr gro\u00dfe Fl\u00e4chen.<br \/>\n\u2713 S<strong>chonend:<\/strong> L\u00f6sungsmittelbasiert &amp; frei von aggressiven Stoffen, perfekt f\u00fcr Autolacke.<br \/>\n\u2713 <strong>Keine R\u00fcckst\u00e4nde:<\/strong> Selbsttrocknend, keine Notwendigkeit f\u00fcr erneutes Nachwischen.<br \/>\n\u2713 <strong>Produktdetails:<\/strong> Ideal f\u00fcr die intensive Reinigung, materialvertr\u00e4glich, Made in Germany.<\/p>\n<div class=\"textproduct\">\n<div class=\"a-section a-spacing-mini\"><img decoding=\"async\" src=\"https:\/\/m.media-amazon.com\/images\/I\/41LBEV3R9FL.png\" alt=\"Kann bei Verschlucken und Eindringen in die Atemwege t\u00f6dlich sein.\" width=\"44\" height=\"44\" \/><\/div>\n<div class=\"a-section a-spacing-none\"><strong><span class=\"a-size-base a-color-base\">Gefahr: <\/span><\/strong>Kann bei Verschlucken und Eindringen in die Atemwege t\u00f6dlich sein.<\/div>\n<\/div>\n<\/div>","protected":false},"excerpt":{"rendered":"<p>Der INOX\u00ae Silikonentferner ist ein universell anwendbarer Reiniger und Entfetter, der auf Basis von L\u00f6sungsmitteln hergestellt wird. Durch seine spezielle Zusammensetzung eignet sich der INOX Silikonentferner besonders gut f\u00fcr gro\u00dfe Fl\u00e4chen. Der Reiniger entfernt gr\u00fcndlich und m\u00fchelos alle\u00a0Silicone, Fette, \u00d6le und R\u00fcckst\u00e4nde. INOX\u00ae Silikonentferner enth\u00e4lt keine aggressiven Stoffe und greift Lacke nicht an. \u2713 Universal: [&hellip;]<\/p>","protected":false},"featured_media":1571,"comment_status":"open","ping_status":"closed","template":"","meta":[],"product_brand":[],"product_cat":[34],"product_tag":[],"class_list":{"0":"post-488","1":"product","2":"type-product","3":"status-publish","4":"has-post-thumbnail","6":"product_cat-technische-reiniger","8":"first","9":"instock","10":"shipping-taxable","11":"product-type-simple"},"_links":{"self":[{"href":"https:\/\/inox-vertrieb.de\/en\/wp-json\/wp\/v2\/product\/488","targetHints":{"allow":["GET"]}}],"collection":[{"href":"https:\/\/inox-vertrieb.de\/en\/wp-json\/wp\/v2\/product"}],"about":[{"href":"https:\/\/inox-vertrieb.de\/en\/wp-json\/wp\/v2\/types\/product"}],"replies":[{"embeddable":true,"href":"https:\/\/inox-vertrieb.de\/en\/wp-json\/wp\/v2\/comments?post=488"}],"wp:featuredmedia":[{"embeddable":true,"href":"https:\/\/inox-vertrieb.de\/en\/wp-json\/wp\/v2\/media\/1571"}],"wp:attachment":[{"href":"https:\/\/inox-vertrieb.de\/en\/wp-json\/wp\/v2\/media?parent=488"}],"wp:term":[{"taxonomy":"product_brand","embeddable":true,"href":"https:\/\/inox-vertrieb.de\/en\/wp-json\/wp\/v2\/product_brand?post=488"},{"taxonomy":"product_cat","embeddable":true,"href":"https:\/\/inox-vertrieb.de\/en\/wp-json\/wp\/v2\/product_cat?post=488"},{"taxonomy":"product_tag","embeddable":true,"href":"https:\/\/inox-vertrieb.de\/en\/wp-json\/wp\/v2\/product_tag?post=488"}],"curies":[{"name":"wp","href":"https:\/\/api.w.org\/{rel}","templated":true}]}}