{"id":487,"date":"2025-04-24T13:22:22","date_gmt":"2025-04-24T13:22:22","guid":{"rendered":"https:\/\/pakhelper.com\/inox\/?post_type=product&#038;p=487"},"modified":"2025-10-08T09:12:30","modified_gmt":"2025-10-08T09:12:30","slug":"inox-kaltreiniger-ix-300","status":"publish","type":"product","link":"https:\/\/inox-vertrieb.de\/en\/product\/inox-kaltreiniger-ix-300\/","title":{"rendered":"INOX Kaltreiniger IX 300"},"content":{"rendered":"<div class=\"textproduct\">\n<div class=\"textproduct\">\n<div class=\"textproduct\">\n<p>Der\u00a0<strong>INOX\u00ae IX 300 Kaltreiniger<\/strong> ist ein hochwirksames Reinigungsmittel, das speziell entwickelt wurde, um <strong>hartn\u00e4ckige Verschmutzungen wie \u00d6l, Teer und Fett<\/strong> r\u00fcckstandsfrei zu entfernen. Dieser <strong>Universalreiniger<\/strong> ist f\u00fcr fast alle Materialien und Oberfl\u00e4chen geeignet, was ihn besonders empfehlenswert f\u00fcr die <strong>Motorrad- und Kfz-Pflege<\/strong> macht.<\/p>\n<p>Durch seine Kombination von reinigungsaktiven Substanzen ist der Kaltreiniger\u00a0<strong>nicht korrosiv<\/strong>, wodurch er sich ideal als <strong>Teilereiniger<\/strong> oder zur <strong>Motorpflege<\/strong> eignet.<\/p>\n<p><strong>\u2713<\/strong> <strong>R\u00fcckstandslose Reinigung:<\/strong> Entfernt schnell. zuverl\u00e4ssig \u00d6l, Teer &amp; Fett von Fahrzeugen.<br \/>\n<strong>\u2713<\/strong> <strong>Universalreiniger:<\/strong> Geeignet f\u00fcr fast alle Materialien &amp; Oberfl\u00e4chen, ideal f\u00fcr Motorrad- und Kfz-Pflege.<br \/>\n<strong>\u2713<\/strong> <strong>Hochwirksames Konzentrat:<\/strong> Nicht korrosiv &amp; hochwirksam, perfekt f\u00fcr Motorpflege oder Teilereiniger.<br \/>\n<strong>\u2713<\/strong> <strong>Effektiv:<\/strong> Regelm\u00e4\u00dfige Reinigung sch\u00fctzt vor vorzeitigem Verschlei\u00df &amp; erh\u00e4lt die Lebensdauer.<\/p>\n<\/div>\n<\/div>\n<\/div>","protected":false},"excerpt":{"rendered":"<p>Der\u00a0INOX\u00ae IX 300 Kaltreiniger ist ein hochwirksames Reinigungsmittel, das speziell entwickelt wurde, um hartn\u00e4ckige Verschmutzungen wie \u00d6l, Teer und Fett r\u00fcckstandsfrei zu entfernen. Dieser Universalreiniger ist f\u00fcr fast alle Materialien und Oberfl\u00e4chen geeignet, was ihn besonders empfehlenswert f\u00fcr die Motorrad- und Kfz-Pflege macht. Durch seine Kombination von reinigungsaktiven Substanzen ist der Kaltreiniger\u00a0nicht korrosiv, wodurch er [&hellip;]<\/p>","protected":false},"featured_media":1583,"comment_status":"open","ping_status":"closed","template":"","meta":[],"product_brand":[],"product_cat":[34],"product_tag":[],"class_list":{"0":"post-487","1":"product","2":"type-product","3":"status-publish","4":"has-post-thumbnail","6":"product_cat-technische-reiniger","8":"first","9":"instock","10":"shipping-taxable","11":"product-type-simple"},"_links":{"self":[{"href":"https:\/\/inox-vertrieb.de\/en\/wp-json\/wp\/v2\/product\/487","targetHints":{"allow":["GET"]}}],"collection":[{"href":"https:\/\/inox-vertrieb.de\/en\/wp-json\/wp\/v2\/product"}],"about":[{"href":"https:\/\/inox-vertrieb.de\/en\/wp-json\/wp\/v2\/types\/product"}],"replies":[{"embeddable":true,"href":"https:\/\/inox-vertrieb.de\/en\/wp-json\/wp\/v2\/comments?post=487"}],"wp:featuredmedia":[{"embeddable":true,"href":"https:\/\/inox-vertrieb.de\/en\/wp-json\/wp\/v2\/media\/1583"}],"wp:attachment":[{"href":"https:\/\/inox-vertrieb.de\/en\/wp-json\/wp\/v2\/media?parent=487"}],"wp:term":[{"taxonomy":"product_brand","embeddable":true,"href":"https:\/\/inox-vertrieb.de\/en\/wp-json\/wp\/v2\/product_brand?post=487"},{"taxonomy":"product_cat","embeddable":true,"href":"https:\/\/inox-vertrieb.de\/en\/wp-json\/wp\/v2\/product_cat?post=487"},{"taxonomy":"product_tag","embeddable":true,"href":"https:\/\/inox-vertrieb.de\/en\/wp-json\/wp\/v2\/product_tag?post=487"}],"curies":[{"name":"wp","href":"https:\/\/api.w.org\/{rel}","templated":true}]}}