{"id":486,"date":"2025-04-24T13:22:20","date_gmt":"2025-04-24T13:22:20","guid":{"rendered":"https:\/\/pakhelper.com\/inox\/?post_type=product&#038;p=486"},"modified":"2025-10-16T10:58:19","modified_gmt":"2025-10-16T10:58:19","slug":"inox-waschbenzin-ix-200","status":"publish","type":"product","link":"https:\/\/inox-vertrieb.de\/en\/product\/inox-waschbenzin-ix-200\/","title":{"rendered":"INOX Waschbenzin IX 200"},"content":{"rendered":"<div class=\"textproduct\">\n<div class=\"textproduct\">\n<div class=\"textproduct\">\n<div class=\"textproduct\">\n<div class=\"textproduct\">\n<div class=\"textproduct\">\n<p>Das\u00a0<strong>INOX\u00ae IX 200 Waschbenzin<\/strong>\u00a0im 5-Liter-Kanister ist ein\u00a0<strong>effektives L\u00f6sungsmittel<\/strong>\u00a0zur Entfernung von Verschmutzungen auf Textilien, Kunststoff, Oberfl\u00e4chen und Arbeitsger\u00e4ten. Dank seiner\u00a0<strong>starken Fettl\u00f6sekraft<\/strong>\u00a0reinigt der Spezialreiniger m\u00fchelos und hinterl\u00e4sst\u00a0<strong>keine Spuren nach der Anwendung<\/strong>.<\/p>\n<p>Mit seinem\u00a0<strong>angenehmen Erdbeerduft<\/strong>\u00a0sorgt das Waschbenzin f\u00fcr eine einfache und angenehme Anwendung, ohne bei\u00dfende oder stechende Geruchsentwicklung.<\/p>\n<p>\u2713\u00a0<strong>Effektiv reinigen<\/strong>: Starke Fettl\u00f6sekraft entfernt Verschmutzungen m\u00fchelos.<br \/>\n\u2713\u00a0<strong>Universell<\/strong>: Geeignet f\u00fcr viele Oberfl\u00e4chen, Textilien, Arbeitsger\u00e4te.<br \/>\n\u2713\u00a0<strong>Angenehmer Duft<\/strong>: Fruchtiger Erdbeerduft ohne Geruchsentwicklung.<br \/>\n\u2713\u00a0<strong>Vielseitig nutzbar<\/strong>: Hohe L\u00f6sekraft als \u00d6lfleckentferner, Klebstoffentferner, Nikotinreiniger.<br \/>\n\u2713\u00a0<strong>Industrie &amp; Haushalt<\/strong>: Optimal f\u00fcr den Einsatz in Industrie, Werkstatt, Auto, Haushalt.<\/p>\n<p>&nbsp;<\/p>\n<div class=\"a-section a-spacing-mini\"><img decoding=\"async\" src=\"https:\/\/m.media-amazon.com\/images\/I\/41LBEV3R9FL.png\" alt=\"Kann bei Verschlucken und Eindringen in die Atemwege t\u00f6dlich sein.\" width=\"44\" height=\"44\" \/><\/div>\n<div class=\"a-section a-spacing-none\"><strong><span class=\"a-size-base a-color-base\">Gefahr:\u00a0<\/span><\/strong>Kann bei Verschlucken und Eindringen in die Atemwege t\u00f6dlich sein.<\/div>\n<\/div>\n<\/div>\n<\/div>\n<\/div>\n<p>&nbsp;<\/p>\n<\/div>\n<\/div>","protected":false},"excerpt":{"rendered":"<p>Das\u00a0INOX\u00ae IX 200 Waschbenzin\u00a0im 5-Liter-Kanister ist ein\u00a0effektives L\u00f6sungsmittel\u00a0zur Entfernung von Verschmutzungen auf Textilien, Kunststoff, Oberfl\u00e4chen und Arbeitsger\u00e4ten. Dank seiner\u00a0starken Fettl\u00f6sekraft\u00a0reinigt der Spezialreiniger m\u00fchelos und hinterl\u00e4sst\u00a0keine Spuren nach der Anwendung. Mit seinem\u00a0angenehmen Erdbeerduft\u00a0sorgt das Waschbenzin f\u00fcr eine einfache und angenehme Anwendung, ohne bei\u00dfende oder stechende Geruchsentwicklung. \u2713\u00a0Effektiv reinigen: Starke Fettl\u00f6sekraft entfernt Verschmutzungen m\u00fchelos. \u2713\u00a0Universell: Geeignet f\u00fcr [&hellip;]<\/p>","protected":false},"featured_media":1617,"comment_status":"open","ping_status":"closed","template":"","meta":[],"product_brand":[],"product_cat":[34],"product_tag":[],"class_list":{"0":"post-486","1":"product","2":"type-product","3":"status-publish","4":"has-post-thumbnail","6":"product_cat-technische-reiniger","8":"first","9":"instock","10":"shipping-taxable","11":"product-type-simple"},"_links":{"self":[{"href":"https:\/\/inox-vertrieb.de\/en\/wp-json\/wp\/v2\/product\/486","targetHints":{"allow":["GET"]}}],"collection":[{"href":"https:\/\/inox-vertrieb.de\/en\/wp-json\/wp\/v2\/product"}],"about":[{"href":"https:\/\/inox-vertrieb.de\/en\/wp-json\/wp\/v2\/types\/product"}],"replies":[{"embeddable":true,"href":"https:\/\/inox-vertrieb.de\/en\/wp-json\/wp\/v2\/comments?post=486"}],"wp:featuredmedia":[{"embeddable":true,"href":"https:\/\/inox-vertrieb.de\/en\/wp-json\/wp\/v2\/media\/1617"}],"wp:attachment":[{"href":"https:\/\/inox-vertrieb.de\/en\/wp-json\/wp\/v2\/media?parent=486"}],"wp:term":[{"taxonomy":"product_brand","embeddable":true,"href":"https:\/\/inox-vertrieb.de\/en\/wp-json\/wp\/v2\/product_brand?post=486"},{"taxonomy":"product_cat","embeddable":true,"href":"https:\/\/inox-vertrieb.de\/en\/wp-json\/wp\/v2\/product_cat?post=486"},{"taxonomy":"product_tag","embeddable":true,"href":"https:\/\/inox-vertrieb.de\/en\/wp-json\/wp\/v2\/product_tag?post=486"}],"curies":[{"name":"wp","href":"https:\/\/api.w.org\/{rel}","templated":true}]}}