{"id":485,"date":"2025-04-24T13:22:17","date_gmt":"2025-04-24T13:22:17","guid":{"rendered":"https:\/\/pakhelper.com\/inox\/?post_type=product&#038;p=485"},"modified":"2025-08-31T20:40:41","modified_gmt":"2025-08-31T20:40:41","slug":"inox-bremsenreiniger","status":"publish","type":"product","link":"https:\/\/inox-vertrieb.de\/en\/product\/inox-bremsenreiniger\/","title":{"rendered":"INOX Bremsenreiniger"},"content":{"rendered":"<div class=\"textproduct\">\n<div class=\"textproduct\">\n<div class=\"textproduct\">\n<p>Der\u00a0<strong>INOX\u00ae Bremsenreiniger<\/strong>\u00a0ist ein hochwirksames Reinigungsmittel f\u00fcr\u00a0<strong>Trommel- und Scheibenbremsen, Bremsbel\u00e4ge, Kl\u00f6tze, Kupplungsbel\u00e4ge und Druckplatten<\/strong>. Er entfernt m\u00fchelos \u00d6l, Fett sowie hartn\u00e4ckige Verschmutzungen an Bremsen und anderen Teilen rund um das KFZ, w\u00e4hrend er gleichzeitig eine\u00a0<strong>schnelle und r\u00fcckstandsfreie Verdampfung<\/strong>\u00a0erm\u00f6glicht.<\/p>\n<p>Dank des hohen Wirkstoffanteils l\u00f6st der Bremsenreiniger Verschmutzungen schnell und effektiv. Er ist\u00a0<strong>acetonfrei und nicht korrosiv<\/strong>, was ihn schonend zu Oberfl\u00e4chen macht.<\/p>\n<p><strong>\u2713<\/strong>\u00a0<strong>Universell:<\/strong>\u00a0Ideal f\u00fcr Trommel- &amp; Scheibenbremsen, Bremsbel\u00e4ge, Kupplungsbel\u00e4ge.<br \/>\n<strong>\u2713<\/strong>\u00a0<strong>Kraftvolle Reinigung:<\/strong>\u00a0Hoher Wirkstoffanteil l\u00f6st Verschmutzungen effektiv.<br \/>\n<strong>\u2713<\/strong>\u00a0<strong>Schnelles Verdampfen:<\/strong>\u00a0R\u00fcckstandslos, Teile k\u00f6nnen direkt weiterbehandelt werden.<br \/>\n\u2713\u00a0<strong>Angenehmer Duft:<\/strong>\u00a0Erdbeerduft statt bei\u00dfender Chemie.<br \/>\n<strong>\u2713<\/strong>\u00a0<strong>Acetonfrei, nicht korrosiv:<\/strong>\u00a0Schonend zu Oberfl\u00e4chen.<\/p>\n<p>&nbsp;<\/p>\n<\/div>\n<div><img decoding=\"async\" src=\"https:\/\/m.media-amazon.com\/images\/I\/31FKY40zb5L.png\" alt=\"Fl\u00fcssigkeit und Dampf leicht entz\u00fcndbar.\" width=\"44\" \/><img decoding=\"async\" src=\"https:\/\/m.media-amazon.com\/images\/I\/41m4Jsj5OgL.png\" alt=\"Giftig f\u00fcr Wasserorganismen, mit langfristiger Wirkung.\" width=\"44\" \/><img decoding=\"async\" src=\"https:\/\/m.media-amazon.com\/images\/I\/31mTHI4a8xL.png\" alt=\"Kann Schl\u00e4frigkeit und Benommenheit verursachen.\" width=\"44\" \/><img decoding=\"async\" src=\"https:\/\/m.media-amazon.com\/images\/I\/41LBEV3R9FL.png\" alt=\"Kann bei Verschlucken und Eindringen in die Atemwege t\u00f6dlich sein.\" width=\"44\" \/><\/div>\n<p><strong>Gefahr:<\/strong>\u00a0Fl\u00fcssigkeit und Dampf leicht entz\u00fcndbar. Giftig f\u00fcr Wasserorganismen, mit langfristiger Wirkung. Kann Schl\u00e4frigkeit und Benommenheit verursachen. Kann bei Verschlucken und Eindringen in die Atemwege t\u00f6dlich sein. Verursacht Hautreizungen. Verursacht schwere Augenreizung.<\/p>\n<\/div>\n<\/div>","protected":false},"excerpt":{"rendered":"<p>Der\u00a0INOX\u00ae Bremsenreiniger\u00a0ist ein hochwirksames Reinigungsmittel f\u00fcr\u00a0Trommel- und Scheibenbremsen, Bremsbel\u00e4ge, Kl\u00f6tze, Kupplungsbel\u00e4ge und Druckplatten. Er entfernt m\u00fchelos \u00d6l, Fett sowie hartn\u00e4ckige Verschmutzungen an Bremsen und anderen Teilen rund um das KFZ, w\u00e4hrend er gleichzeitig eine\u00a0schnelle und r\u00fcckstandsfreie Verdampfung\u00a0erm\u00f6glicht. Dank des hohen Wirkstoffanteils l\u00f6st der Bremsenreiniger Verschmutzungen schnell und effektiv. Er ist\u00a0acetonfrei und nicht korrosiv, was ihn [&hellip;]<\/p>","protected":false},"featured_media":1407,"comment_status":"open","ping_status":"closed","template":"","meta":[],"product_brand":[],"product_cat":[34],"product_tag":[],"class_list":{"0":"post-485","1":"product","2":"type-product","3":"status-publish","4":"has-post-thumbnail","6":"product_cat-technische-reiniger","8":"first","9":"instock","10":"shipping-taxable","11":"product-type-simple"},"_links":{"self":[{"href":"https:\/\/inox-vertrieb.de\/en\/wp-json\/wp\/v2\/product\/485","targetHints":{"allow":["GET"]}}],"collection":[{"href":"https:\/\/inox-vertrieb.de\/en\/wp-json\/wp\/v2\/product"}],"about":[{"href":"https:\/\/inox-vertrieb.de\/en\/wp-json\/wp\/v2\/types\/product"}],"replies":[{"embeddable":true,"href":"https:\/\/inox-vertrieb.de\/en\/wp-json\/wp\/v2\/comments?post=485"}],"wp:featuredmedia":[{"embeddable":true,"href":"https:\/\/inox-vertrieb.de\/en\/wp-json\/wp\/v2\/media\/1407"}],"wp:attachment":[{"href":"https:\/\/inox-vertrieb.de\/en\/wp-json\/wp\/v2\/media?parent=485"}],"wp:term":[{"taxonomy":"product_brand","embeddable":true,"href":"https:\/\/inox-vertrieb.de\/en\/wp-json\/wp\/v2\/product_brand?post=485"},{"taxonomy":"product_cat","embeddable":true,"href":"https:\/\/inox-vertrieb.de\/en\/wp-json\/wp\/v2\/product_cat?post=485"},{"taxonomy":"product_tag","embeddable":true,"href":"https:\/\/inox-vertrieb.de\/en\/wp-json\/wp\/v2\/product_tag?post=485"}],"curies":[{"name":"wp","href":"https:\/\/api.w.org\/{rel}","templated":true}]}}