{"id":477,"date":"2025-04-24T13:07:32","date_gmt":"2025-04-24T13:07:32","guid":{"rendered":"https:\/\/pakhelper.com\/inox\/?post_type=product&#038;p=477"},"modified":"2025-04-24T15:50:00","modified_gmt":"2025-04-24T15:50:00","slug":"inox-dosierhahn-din-45","status":"publish","type":"product","link":"https:\/\/inox-vertrieb.de\/en\/product\/inox-dosierhahn-din-45\/","title":{"rendered":"INOX Dosierhahn DIN 45"},"content":{"rendered":"<div class=\"textproduct\">\n<div class=\"textproduct\">\n<div class=\"textproduct\">\n<div class=\"textproduct\">\n<div class=\"textproduct\">\n<p>Der INOX Ablasshahn in rot\/weiss, mit der Gewindegr\u00f6\u00dfe DIN 45 eigent sich f\u00fcr 5 L und 10 L Kanister.<\/p>\n<\/div>\n<\/div>\n<\/div>\n<p>&nbsp;<\/p>\n<\/div>\n<\/div>","protected":false},"excerpt":{"rendered":"<p>Der INOX Ablasshahn in rot\/weiss, mit der Gewindegr\u00f6\u00dfe DIN 45 eigent sich f\u00fcr 5 L und 10 L Kanister. &nbsp;<\/p>","protected":false},"featured_media":484,"comment_status":"open","ping_status":"closed","template":"","meta":[],"product_brand":[],"product_cat":[33],"product_tag":[],"class_list":{"0":"post-477","1":"product","2":"type-product","3":"status-publish","4":"has-post-thumbnail","6":"product_cat-hilfsmittel","8":"first","9":"instock","10":"shipping-taxable","11":"product-type-simple"},"_links":{"self":[{"href":"https:\/\/inox-vertrieb.de\/en\/wp-json\/wp\/v2\/product\/477","targetHints":{"allow":["GET"]}}],"collection":[{"href":"https:\/\/inox-vertrieb.de\/en\/wp-json\/wp\/v2\/product"}],"about":[{"href":"https:\/\/inox-vertrieb.de\/en\/wp-json\/wp\/v2\/types\/product"}],"replies":[{"embeddable":true,"href":"https:\/\/inox-vertrieb.de\/en\/wp-json\/wp\/v2\/comments?post=477"}],"wp:featuredmedia":[{"embeddable":true,"href":"https:\/\/inox-vertrieb.de\/en\/wp-json\/wp\/v2\/media\/484"}],"wp:attachment":[{"href":"https:\/\/inox-vertrieb.de\/en\/wp-json\/wp\/v2\/media?parent=477"}],"wp:term":[{"taxonomy":"product_brand","embeddable":true,"href":"https:\/\/inox-vertrieb.de\/en\/wp-json\/wp\/v2\/product_brand?post=477"},{"taxonomy":"product_cat","embeddable":true,"href":"https:\/\/inox-vertrieb.de\/en\/wp-json\/wp\/v2\/product_cat?post=477"},{"taxonomy":"product_tag","embeddable":true,"href":"https:\/\/inox-vertrieb.de\/en\/wp-json\/wp\/v2\/product_tag?post=477"}],"curies":[{"name":"wp","href":"https:\/\/api.w.org\/{rel}","templated":true}]}}