{"id":476,"date":"2025-04-24T13:07:29","date_gmt":"2025-04-24T13:07:29","guid":{"rendered":"https:\/\/pakhelper.com\/inox\/?post_type=product&#038;p=476"},"modified":"2025-04-24T15:49:50","modified_gmt":"2025-04-24T15:49:50","slug":"inox-dosierhahn-din-61","status":"publish","type":"product","link":"https:\/\/inox-vertrieb.de\/en\/product\/inox-dosierhahn-din-61\/","title":{"rendered":"INOX Dosierhahn DIN 61"},"content":{"rendered":"<div class=\"textproduct\">\n<div class=\"textproduct\">\n<p>Der INOX Ablasshahn DIN 61 in rot\/schwarz, mit der Gewindegr\u00f6\u00dfe DIN 61 eigenet sich f\u00fcr 20 L, 25 L, 30 L und 60 L Gebinde.<\/p>\n<\/div>\n<\/div>","protected":false},"excerpt":{"rendered":"<p>Der INOX Ablasshahn DIN 61 in rot\/schwarz, mit der Gewindegr\u00f6\u00dfe DIN 61 eigenet sich f\u00fcr 20 L, 25 L, 30 L und 60 L Gebinde.<\/p>","protected":false},"featured_media":649,"comment_status":"open","ping_status":"closed","template":"","meta":[],"product_brand":[],"product_cat":[33],"product_tag":[],"class_list":{"0":"post-476","1":"product","2":"type-product","3":"status-publish","4":"has-post-thumbnail","6":"product_cat-hilfsmittel","8":"first","9":"instock","10":"shipping-taxable","11":"product-type-simple"},"_links":{"self":[{"href":"https:\/\/inox-vertrieb.de\/en\/wp-json\/wp\/v2\/product\/476","targetHints":{"allow":["GET"]}}],"collection":[{"href":"https:\/\/inox-vertrieb.de\/en\/wp-json\/wp\/v2\/product"}],"about":[{"href":"https:\/\/inox-vertrieb.de\/en\/wp-json\/wp\/v2\/types\/product"}],"replies":[{"embeddable":true,"href":"https:\/\/inox-vertrieb.de\/en\/wp-json\/wp\/v2\/comments?post=476"}],"wp:featuredmedia":[{"embeddable":true,"href":"https:\/\/inox-vertrieb.de\/en\/wp-json\/wp\/v2\/media\/649"}],"wp:attachment":[{"href":"https:\/\/inox-vertrieb.de\/en\/wp-json\/wp\/v2\/media?parent=476"}],"wp:term":[{"taxonomy":"product_brand","embeddable":true,"href":"https:\/\/inox-vertrieb.de\/en\/wp-json\/wp\/v2\/product_brand?post=476"},{"taxonomy":"product_cat","embeddable":true,"href":"https:\/\/inox-vertrieb.de\/en\/wp-json\/wp\/v2\/product_cat?post=476"},{"taxonomy":"product_tag","embeddable":true,"href":"https:\/\/inox-vertrieb.de\/en\/wp-json\/wp\/v2\/product_tag?post=476"}],"curies":[{"name":"wp","href":"https:\/\/api.w.org\/{rel}","templated":true}]}}