{"id":475,"date":"2025-04-24T13:07:28","date_gmt":"2025-04-24T13:07:28","guid":{"rendered":"https:\/\/pakhelper.com\/inox\/?post_type=product&#038;p=475"},"modified":"2025-04-24T15:50:26","modified_gmt":"2025-04-24T15:50:26","slug":"microfasertuch-gelb","status":"publish","type":"product","link":"https:\/\/inox-vertrieb.de\/en\/product\/microfasertuch-gelb\/","title":{"rendered":"Microfasertuch gelb"},"content":{"rendered":"<div class=\"textproduct\">\n<p>Die hochwertigen INOX Mikrofasert\u00fccher wurden ausschlie\u00dflich f\u00fcr den Gewerblichen Einsatz hergestellt und sind extrem Praxis tauglich. Durch die verwendete Mikrofaser besitzt das Tuch auch ohne Chemie, eine gute Reinigungswirkung und kann in vielen Bereichen wie z.B. in der Geb\u00e4udereinigung oder Fahrzeugpflege eingesetzt werden. Auf Grund der besonderen Qualit\u00e4t des Tuches verliert es auch nach mehrmaligen waschen nicht an seiner Struktur.<\/p>\n<\/div>","protected":false},"excerpt":{"rendered":"<p>Die hochwertigen INOX Mikrofasert\u00fccher wurden ausschlie\u00dflich f\u00fcr den Gewerblichen Einsatz hergestellt und sind extrem Praxis tauglich. Durch die verwendete Mikrofaser besitzt das Tuch auch ohne Chemie, eine gute Reinigungswirkung und kann in vielen Bereichen wie z.B. in der Geb\u00e4udereinigung oder Fahrzeugpflege eingesetzt werden. Auf Grund der besonderen Qualit\u00e4t des Tuches verliert es auch nach mehrmaligen [&hellip;]<\/p>","protected":false},"featured_media":482,"comment_status":"open","ping_status":"closed","template":"","meta":[],"product_brand":[],"product_cat":[33],"product_tag":[],"class_list":{"0":"post-475","1":"product","2":"type-product","3":"status-publish","4":"has-post-thumbnail","6":"product_cat-hilfsmittel","8":"first","9":"instock","10":"shipping-taxable","11":"product-type-simple"},"_links":{"self":[{"href":"https:\/\/inox-vertrieb.de\/en\/wp-json\/wp\/v2\/product\/475","targetHints":{"allow":["GET"]}}],"collection":[{"href":"https:\/\/inox-vertrieb.de\/en\/wp-json\/wp\/v2\/product"}],"about":[{"href":"https:\/\/inox-vertrieb.de\/en\/wp-json\/wp\/v2\/types\/product"}],"replies":[{"embeddable":true,"href":"https:\/\/inox-vertrieb.de\/en\/wp-json\/wp\/v2\/comments?post=475"}],"wp:featuredmedia":[{"embeddable":true,"href":"https:\/\/inox-vertrieb.de\/en\/wp-json\/wp\/v2\/media\/482"}],"wp:attachment":[{"href":"https:\/\/inox-vertrieb.de\/en\/wp-json\/wp\/v2\/media?parent=475"}],"wp:term":[{"taxonomy":"product_brand","embeddable":true,"href":"https:\/\/inox-vertrieb.de\/en\/wp-json\/wp\/v2\/product_brand?post=475"},{"taxonomy":"product_cat","embeddable":true,"href":"https:\/\/inox-vertrieb.de\/en\/wp-json\/wp\/v2\/product_cat?post=475"},{"taxonomy":"product_tag","embeddable":true,"href":"https:\/\/inox-vertrieb.de\/en\/wp-json\/wp\/v2\/product_tag?post=475"}],"curies":[{"name":"wp","href":"https:\/\/api.w.org\/{rel}","templated":true}]}}