{"id":466,"date":"2025-04-24T13:02:36","date_gmt":"2025-04-24T13:02:36","guid":{"rendered":"https:\/\/pakhelper.com\/inox\/?post_type=product&#038;p=466"},"modified":"2025-08-31T21:50:35","modified_gmt":"2025-08-31T21:50:35","slug":"inox-reifenglanz-gummi-kunststoffpflege","status":"publish","type":"product","link":"https:\/\/inox-vertrieb.de\/en\/product\/inox-reifenglanz-gummi-kunststoffpflege\/","title":{"rendered":"INOX Reifenglanz Gummi- &#038; Kunststoffpflege"},"content":{"rendered":"<div class=\"textproduct\">\n<p style=\"font-weight: 400;\"><span style=\"font-family: -apple-system, BlinkMacSystemFont, 'Segoe UI', Roboto, 'Helvetica Neue', Arial, 'Noto Sans', sans-serif, 'Apple Color Emoji', 'Segoe UI Emoji', 'Segoe UI Symbol', 'Noto Color Emoji';\">Mit dem <\/span><strong style=\"font-family: -apple-system, BlinkMacSystemFont, 'Segoe UI', Roboto, 'Helvetica Neue', Arial, 'Noto Sans', sans-serif, 'Apple Color Emoji', 'Segoe UI Emoji', 'Segoe UI Symbol', 'Noto Color Emoji';\">INOX\u00ae Reifenglanz<\/strong><span style=\"font-family: -apple-system, BlinkMacSystemFont, 'Segoe UI', Roboto, 'Helvetica Neue', Arial, 'Noto Sans', sans-serif, 'Apple Color Emoji', 'Segoe UI Emoji', 'Segoe UI Symbol', 'Noto Color Emoji';\">\u00a0bleiben die Reifen wochenlang tiefschwarz und gl\u00e4nzend \u2013 sogar bei Regen. Der Reifenreiniger und die\u00a0<\/span><strong style=\"font-family: -apple-system, BlinkMacSystemFont, 'Segoe UI', Roboto, 'Helvetica Neue', Arial, 'Noto Sans', sans-serif, 'Apple Color Emoji', 'Segoe UI Emoji', 'Segoe UI Symbol', 'Noto Color Emoji';\">Gummipflege<\/strong><span style=\"font-family: -apple-system, BlinkMacSystemFont, 'Segoe UI', Roboto, 'Helvetica Neue', Arial, 'Noto Sans', sans-serif, 'Apple Color Emoji', 'Segoe UI Emoji', 'Segoe UI Symbol', 'Noto Color Emoji';\">\u00a0reinigen alle \u00e4u\u00dferen Gummi- und Kunststoffoberfl\u00e4chen und sch\u00fctzen sie vor\u00a0<\/span><strong style=\"font-family: -apple-system, BlinkMacSystemFont, 'Segoe UI', Roboto, 'Helvetica Neue', Arial, 'Noto Sans', sans-serif, 'Apple Color Emoji', 'Segoe UI Emoji', 'Segoe UI Symbol', 'Noto Color Emoji';\">UV-Strahlen<\/strong><span style=\"font-family: -apple-system, BlinkMacSystemFont, 'Segoe UI', Roboto, 'Helvetica Neue', Arial, 'Noto Sans', sans-serif, 'Apple Color Emoji', 'Segoe UI Emoji', 'Segoe UI Symbol', 'Noto Color Emoji';\">, Stra\u00dfenverschmutzungen und Streusalz.<\/span><\/p>\n<\/div>\n<p>Die pflegende Formel frischt die\u00a0<strong>Farbe verblasster Reifen auf<\/strong>\u00a0und sch\u00fctzt vor dem\u00a0<strong>nat\u00fcrlichen Alterungsprozess<\/strong>.<\/p>\n<p><strong>\u2713<\/strong>\u00a0<strong>Reinigung &amp; Pflege:<\/strong>\u00a0Reinigt alle \u00e4u\u00dferen Gummi- &amp; Kunststoffoberfl\u00e4chen, pflegt intensiv.<br \/>\n<strong>\u2713<\/strong>\u00a0<strong>Langfristiger Schutz:<\/strong>\u00a0Sch\u00fctzt Reifen vor UV-Strahlen, Stra\u00dfenverschmutzungen &amp; Streusalz.<br \/>\n<strong>\u2713<\/strong>\u00a0<strong>Farbauffrischung:<\/strong>\u00a0Reifen erlangen ihre nat\u00fcrliche Farbe zur\u00fcck &amp; bleiben gl\u00e4nzend schwarz.<br \/>\n<strong>\u2713<\/strong>\u00a0<strong>Regenfest:<\/strong>\u00a0Bereits 2 Stunden nach der Anwendung regenfest.<br \/>\n<strong>\u2713<\/strong>\u00a0<strong>Einfache Anwendung:<\/strong>\u00a0D\u00fcnn &amp; gleichm\u00e4\u00dfig auftragen, nach 10 Minuten nachpolieren.<\/p>\n<p>&nbsp;<\/p>\n<div class=\"a-section a-spacing-mini\"><img decoding=\"async\" src=\"https:\/\/m.media-amazon.com\/images\/I\/41uFa7fEHGL.png\" alt=\"Verursacht schwere Ver\u00e4tzungen der Haut und schwere Augensch\u00e4den.\" width=\"44\" height=\"44\" \/><\/div>\n<div>\n<div id=\"product-9803369742669-tabs\" class=\"product-content__tabs anchor\">\n<div class=\"product-tabs\">\n<div class=\"product-tabs__content\">\n<div id=\"block-template--24101450776909__product-content-description\" class=\"product-tabs__tab-item-wrapper\">\n<div class=\"product-tabs__tab-item-content rte\">\n<div class=\"a-section a-spacing-none\"><strong><span class=\"a-size-base a-color-base\">Gefahr:\u00a0<\/span><\/strong>Verursacht schwere Ver\u00e4tzungen der Haut und schwere Augensch\u00e4den.<\/div>\n<\/div>\n<\/div>\n<\/div>\n<\/div>\n<\/div>\n<\/div>","protected":false},"excerpt":{"rendered":"<p>Mit dem INOX\u00ae Reifenglanz\u00a0bleiben die Reifen wochenlang tiefschwarz und gl\u00e4nzend \u2013 sogar bei Regen. Der Reifenreiniger und die\u00a0Gummipflege\u00a0reinigen alle \u00e4u\u00dferen Gummi- und Kunststoffoberfl\u00e4chen und sch\u00fctzen sie vor\u00a0UV-Strahlen, Stra\u00dfenverschmutzungen und Streusalz. Die pflegende Formel frischt die\u00a0Farbe verblasster Reifen auf\u00a0und sch\u00fctzt vor dem\u00a0nat\u00fcrlichen Alterungsprozess. \u2713\u00a0Reinigung &amp; Pflege:\u00a0Reinigt alle \u00e4u\u00dferen Gummi- &amp; Kunststoffoberfl\u00e4chen, pflegt intensiv. \u2713\u00a0Langfristiger Schutz:\u00a0Sch\u00fctzt Reifen [&hellip;]<\/p>","protected":false},"featured_media":1412,"comment_status":"open","ping_status":"closed","template":"","meta":[],"product_brand":[],"product_cat":[32],"product_tag":[],"class_list":{"0":"post-466","1":"product","2":"type-product","3":"status-publish","4":"has-post-thumbnail","6":"product_cat-fahrzeugreiniger","8":"first","9":"instock","10":"shipping-taxable","11":"product-type-simple"},"_links":{"self":[{"href":"https:\/\/inox-vertrieb.de\/en\/wp-json\/wp\/v2\/product\/466","targetHints":{"allow":["GET"]}}],"collection":[{"href":"https:\/\/inox-vertrieb.de\/en\/wp-json\/wp\/v2\/product"}],"about":[{"href":"https:\/\/inox-vertrieb.de\/en\/wp-json\/wp\/v2\/types\/product"}],"replies":[{"embeddable":true,"href":"https:\/\/inox-vertrieb.de\/en\/wp-json\/wp\/v2\/comments?post=466"}],"wp:featuredmedia":[{"embeddable":true,"href":"https:\/\/inox-vertrieb.de\/en\/wp-json\/wp\/v2\/media\/1412"}],"wp:attachment":[{"href":"https:\/\/inox-vertrieb.de\/en\/wp-json\/wp\/v2\/media?parent=466"}],"wp:term":[{"taxonomy":"product_brand","embeddable":true,"href":"https:\/\/inox-vertrieb.de\/en\/wp-json\/wp\/v2\/product_brand?post=466"},{"taxonomy":"product_cat","embeddable":true,"href":"https:\/\/inox-vertrieb.de\/en\/wp-json\/wp\/v2\/product_cat?post=466"},{"taxonomy":"product_tag","embeddable":true,"href":"https:\/\/inox-vertrieb.de\/en\/wp-json\/wp\/v2\/product_tag?post=466"}],"curies":[{"name":"wp","href":"https:\/\/api.w.org\/{rel}","templated":true}]}}