{"id":451,"date":"2025-04-24T12:51:27","date_gmt":"2025-04-24T12:51:27","guid":{"rendered":"https:\/\/pakhelper.com\/inox\/?post_type=product&#038;p=451"},"modified":"2025-08-31T21:58:10","modified_gmt":"2025-08-31T21:58:10","slug":"inox-spruhwachs","status":"publish","type":"product","link":"https:\/\/inox-vertrieb.de\/en\/product\/inox-spruhwachs\/","title":{"rendered":"INOX Spr\u00fchwachs"},"content":{"rendered":"<p>Das\u00a0<strong>INOX\u00ae Premium Spr\u00fchwachs<\/strong>\u00a0im 5-Liter-Kanister bietet eine effektive Versiegelung und Pflege f\u00fcr alle Lacke. Dank der praktischen Sprayflasche ist es sofort einsatzbereit. Einfach aufspr\u00fchen und trocknen lassen \u2013 f\u00fcr einen\u00a0<strong>sofortigen Abperleffekt<\/strong>\u00a0und\u00a0<strong>streifenfreien Hochglanz<\/strong>.<\/p>\n<p>Das Auto Wax versiegelt den Lack mit einer gl\u00e4nzenden Schutzschicht, reinigt, pflegt und konserviert, und vermindert gleichzeitig eine erneute Verschmutzung. Hergestellt in Deutschland, steht unser Produkt f\u00fcr h\u00f6chste Qualit\u00e4t und Effektivit\u00e4t.<\/p>\n<p>\u2713\u00a0<strong>Direkt verwendbar<\/strong>: Einfach aufspr\u00fchen und trocknen lassen.<br \/>\n\u2713\u00a0<strong>Perfekte Versiegelung<\/strong>: Sch\u00fctzt den Lack, reinigt, pflegt und konserviert.<br \/>\n\u2713\u00a0<strong>Abperleffekt<\/strong>: Effektiver Wasser-Abperleffekt.<br \/>\n\u2713\u00a0<strong>Farben auffrischen<\/strong>: Erstrahlen in streifenfreiem Hochglanz, intensive Farbauffrischung.<br \/>\n\u2713\u00a0<strong>Einfache Anwendung<\/strong>: Oberfl\u00e4che waschen und trocknen, Spr\u00fchwachs auftragen. Versiegelt bis zu 3 Monate.<\/p>\n<p>&nbsp;<\/p>\n<div class=\"a-section a-spacing-mini\"><strong><img decoding=\"async\" src=\"https:\/\/m.media-amazon.com\/images\/I\/31mTHI4a8xL.png\" alt=\"Verursacht Hautreizungen.\" width=\"44\" height=\"44\" \/><\/strong><\/div>\n<div class=\"a-section a-spacing-none\"><strong><span class=\"a-size-base a-color-base\">Achtung:\u00a0<\/span><\/strong>Verursacht Hautreizungen.\u00a0Verursacht schwere Augenreizung.<\/div>","protected":false},"excerpt":{"rendered":"<p>Das\u00a0INOX\u00ae Premium Spr\u00fchwachs\u00a0im 5-Liter-Kanister bietet eine effektive Versiegelung und Pflege f\u00fcr alle Lacke. Dank der praktischen Sprayflasche ist es sofort einsatzbereit. Einfach aufspr\u00fchen und trocknen lassen \u2013 f\u00fcr einen\u00a0sofortigen Abperleffekt\u00a0und\u00a0streifenfreien Hochglanz. Das Auto Wax versiegelt den Lack mit einer gl\u00e4nzenden Schutzschicht, reinigt, pflegt und konserviert, und vermindert gleichzeitig eine erneute Verschmutzung. Hergestellt in Deutschland, steht [&hellip;]<\/p>","protected":false},"featured_media":1424,"comment_status":"open","ping_status":"closed","template":"","meta":[],"product_brand":[],"product_cat":[32],"product_tag":[],"class_list":{"0":"post-451","1":"product","2":"type-product","3":"status-publish","4":"has-post-thumbnail","6":"product_cat-fahrzeugreiniger","8":"first","9":"instock","10":"shipping-taxable","11":"product-type-simple"},"_links":{"self":[{"href":"https:\/\/inox-vertrieb.de\/en\/wp-json\/wp\/v2\/product\/451","targetHints":{"allow":["GET"]}}],"collection":[{"href":"https:\/\/inox-vertrieb.de\/en\/wp-json\/wp\/v2\/product"}],"about":[{"href":"https:\/\/inox-vertrieb.de\/en\/wp-json\/wp\/v2\/types\/product"}],"replies":[{"embeddable":true,"href":"https:\/\/inox-vertrieb.de\/en\/wp-json\/wp\/v2\/comments?post=451"}],"wp:featuredmedia":[{"embeddable":true,"href":"https:\/\/inox-vertrieb.de\/en\/wp-json\/wp\/v2\/media\/1424"}],"wp:attachment":[{"href":"https:\/\/inox-vertrieb.de\/en\/wp-json\/wp\/v2\/media?parent=451"}],"wp:term":[{"taxonomy":"product_brand","embeddable":true,"href":"https:\/\/inox-vertrieb.de\/en\/wp-json\/wp\/v2\/product_brand?post=451"},{"taxonomy":"product_cat","embeddable":true,"href":"https:\/\/inox-vertrieb.de\/en\/wp-json\/wp\/v2\/product_cat?post=451"},{"taxonomy":"product_tag","embeddable":true,"href":"https:\/\/inox-vertrieb.de\/en\/wp-json\/wp\/v2\/product_tag?post=451"}],"curies":[{"name":"wp","href":"https:\/\/api.w.org\/{rel}","templated":true}]}}