{"id":449,"date":"2025-04-24T12:51:26","date_gmt":"2025-04-24T12:51:26","guid":{"rendered":"https:\/\/pakhelper.com\/inox\/?post_type=product&#038;p=449"},"modified":"2025-04-24T15:40:45","modified_gmt":"2025-04-24T15:40:45","slug":"inox-polymer-entwachser-ix5000","status":"publish","type":"product","link":"https:\/\/inox-vertrieb.de\/en\/product\/inox-polymer-entwachser-ix5000\/","title":{"rendered":"INOX Polymer Entwachser IX5000"},"content":{"rendered":"<div class=\"textproduct\">\n<div class=\"textproduct\">\n<div class=\"textproduct\">\n<div class=\"textproduct\">\n<p>Der INOX\u00ae Polymer Entwachser IX 5000 entfernt m\u00fchelos alle synthetischen Polymerwachse auf Neu- und Gebrauchtwagen. Der Entwachser ist alkalisch und eignet sich f\u00fcr alle Lackarten und Farben. Durch seine spezielle Zusammensetzung ist der Entwachser sehr Lackschonend und hinterl\u00e4sst nach der Anwendung keine Spuren.<\/p>\n<\/div>\n<\/div>\n<p>&nbsp;<\/p>\n<\/div>\n<\/div>","protected":false},"excerpt":{"rendered":"<p>Der INOX\u00ae Polymer Entwachser IX 5000 entfernt m\u00fchelos alle synthetischen Polymerwachse auf Neu- und Gebrauchtwagen. Der Entwachser ist alkalisch und eignet sich f\u00fcr alle Lackarten und Farben. Durch seine spezielle Zusammensetzung ist der Entwachser sehr Lackschonend und hinterl\u00e4sst nach der Anwendung keine Spuren. &nbsp;<\/p>","protected":false},"featured_media":638,"comment_status":"open","ping_status":"closed","template":"","meta":[],"product_brand":[],"product_cat":[32],"product_tag":[],"class_list":{"0":"post-449","1":"product","2":"type-product","3":"status-publish","4":"has-post-thumbnail","6":"product_cat-fahrzeugreiniger","8":"first","9":"instock","10":"shipping-taxable","11":"product-type-simple"},"_links":{"self":[{"href":"https:\/\/inox-vertrieb.de\/en\/wp-json\/wp\/v2\/product\/449","targetHints":{"allow":["GET"]}}],"collection":[{"href":"https:\/\/inox-vertrieb.de\/en\/wp-json\/wp\/v2\/product"}],"about":[{"href":"https:\/\/inox-vertrieb.de\/en\/wp-json\/wp\/v2\/types\/product"}],"replies":[{"embeddable":true,"href":"https:\/\/inox-vertrieb.de\/en\/wp-json\/wp\/v2\/comments?post=449"}],"wp:featuredmedia":[{"embeddable":true,"href":"https:\/\/inox-vertrieb.de\/en\/wp-json\/wp\/v2\/media\/638"}],"wp:attachment":[{"href":"https:\/\/inox-vertrieb.de\/en\/wp-json\/wp\/v2\/media?parent=449"}],"wp:term":[{"taxonomy":"product_brand","embeddable":true,"href":"https:\/\/inox-vertrieb.de\/en\/wp-json\/wp\/v2\/product_brand?post=449"},{"taxonomy":"product_cat","embeddable":true,"href":"https:\/\/inox-vertrieb.de\/en\/wp-json\/wp\/v2\/product_cat?post=449"},{"taxonomy":"product_tag","embeddable":true,"href":"https:\/\/inox-vertrieb.de\/en\/wp-json\/wp\/v2\/product_tag?post=449"}],"curies":[{"name":"wp","href":"https:\/\/api.w.org\/{rel}","templated":true}]}}