{"id":435,"date":"2025-04-24T12:43:20","date_gmt":"2025-04-24T12:43:20","guid":{"rendered":"https:\/\/pakhelper.com\/inox\/?post_type=product&#038;p=435"},"modified":"2025-10-14T16:03:22","modified_gmt":"2025-10-14T16:03:22","slug":"inox-wheel-star-felgenreiniger","status":"publish","type":"product","link":"https:\/\/inox-vertrieb.de\/en\/product\/inox-wheel-star-felgenreiniger\/","title":{"rendered":"INOX Wheel Star Felgenreiniger"},"content":{"rendered":"<div class=\"textproduct\">\n<p>Der\u00a0<strong>INOX\u00ae Felgenreiniger<\/strong>\u00a0ist ein\u00a0<strong>hocheffektiver Reiniger<\/strong>\u00a0f\u00fcr lackierte Stahl-, Chrom- und Alufelgen. Er entfernt schnell und zuverl\u00e4ssig hartn\u00e4ckigen Schmutz, Flugrost und andere Verschmutzungen, sodass Ihre Felgen in neuem Glanz erstrahlen.<\/p>\n<p>Die\u00a0<strong>schonende Reinigungsformel<\/strong>\u00a0ist \u00e4u\u00dferst sanft zum Felgenlack und zum Gummi der Reifen und hinterl\u00e4sst keine unsch\u00f6nen R\u00e4nder oder Flecken.<\/p>\n<p>\u2713\u00a0<strong>Hocheffektiv<\/strong>: Befreit Ihre Felgen m\u00fchelos von Schmutz &amp; Flugrost.<br \/>\n\u2713\u00a0<strong>Schonend<\/strong>: Sanft zu Lack &amp; Reifen, keine R\u00e4nder oder Flecken.<br \/>\n\u2713\u00a0<strong>Ergiebig<\/strong>: Hochkonzentriert, sparsam in der Anwendung, verd\u00fcnnt oder pur.<br \/>\n\u2713\u00a0<strong>Profiqualit\u00e4t<\/strong>: Ideal f\u00fcr die perfekte Felgenpflege.<\/p>\n<p>&nbsp;<\/p>\n<div class=\"a-section a-spacing-mini\"><img decoding=\"async\" src=\"https:\/\/m.media-amazon.com\/images\/I\/41uFa7fEHGL.png\" alt=\"Verursacht schwere Augensch\u00e4den.\" width=\"44\" height=\"44\" \/><\/div>\n<div class=\"a-section a-spacing-none\"><strong><span class=\"a-size-base a-color-base\">Gefahr:\u00a0<\/span><\/strong>Sch\u00e4dlich f\u00fcr Wasserorganismen, mit langfristiger Wirkung.\u00a0Verursacht schwere Augensch\u00e4den.<\/div>\n<\/div>","protected":false},"excerpt":{"rendered":"<p>Der\u00a0INOX\u00ae Felgenreiniger\u00a0ist ein\u00a0hocheffektiver Reiniger\u00a0f\u00fcr lackierte Stahl-, Chrom- und Alufelgen. Er entfernt schnell und zuverl\u00e4ssig hartn\u00e4ckigen Schmutz, Flugrost und andere Verschmutzungen, sodass Ihre Felgen in neuem Glanz erstrahlen. Die\u00a0schonende Reinigungsformel\u00a0ist \u00e4u\u00dferst sanft zum Felgenlack und zum Gummi der Reifen und hinterl\u00e4sst keine unsch\u00f6nen R\u00e4nder oder Flecken. \u2713\u00a0Hocheffektiv: Befreit Ihre Felgen m\u00fchelos von Schmutz &amp; Flugrost. \u2713\u00a0Schonend: [&hellip;]<\/p>","protected":false},"featured_media":1609,"comment_status":"open","ping_status":"closed","template":"","meta":[],"product_brand":[],"product_cat":[32],"product_tag":[],"class_list":{"0":"post-435","1":"product","2":"type-product","3":"status-publish","4":"has-post-thumbnail","6":"product_cat-fahrzeugreiniger","8":"first","9":"instock","10":"shipping-taxable","11":"product-type-simple"},"_links":{"self":[{"href":"https:\/\/inox-vertrieb.de\/en\/wp-json\/wp\/v2\/product\/435","targetHints":{"allow":["GET"]}}],"collection":[{"href":"https:\/\/inox-vertrieb.de\/en\/wp-json\/wp\/v2\/product"}],"about":[{"href":"https:\/\/inox-vertrieb.de\/en\/wp-json\/wp\/v2\/types\/product"}],"replies":[{"embeddable":true,"href":"https:\/\/inox-vertrieb.de\/en\/wp-json\/wp\/v2\/comments?post=435"}],"wp:featuredmedia":[{"embeddable":true,"href":"https:\/\/inox-vertrieb.de\/en\/wp-json\/wp\/v2\/media\/1609"}],"wp:attachment":[{"href":"https:\/\/inox-vertrieb.de\/en\/wp-json\/wp\/v2\/media?parent=435"}],"wp:term":[{"taxonomy":"product_brand","embeddable":true,"href":"https:\/\/inox-vertrieb.de\/en\/wp-json\/wp\/v2\/product_brand?post=435"},{"taxonomy":"product_cat","embeddable":true,"href":"https:\/\/inox-vertrieb.de\/en\/wp-json\/wp\/v2\/product_cat?post=435"},{"taxonomy":"product_tag","embeddable":true,"href":"https:\/\/inox-vertrieb.de\/en\/wp-json\/wp\/v2\/product_tag?post=435"}],"curies":[{"name":"wp","href":"https:\/\/api.w.org\/{rel}","templated":true}]}}