{"id":434,"date":"2025-04-24T12:43:18","date_gmt":"2025-04-24T12:43:18","guid":{"rendered":"https:\/\/pakhelper.com\/inox\/?post_type=product&#038;p=434"},"modified":"2025-08-21T11:37:36","modified_gmt":"2025-08-21T11:37:36","slug":"inox-insect-clean","status":"publish","type":"product","link":"https:\/\/inox-vertrieb.de\/en\/product\/inox-insect-clean\/","title":{"rendered":"INOX Insect Clean"},"content":{"rendered":"<div class=\"textproduct\">\n<p>Der\u00a0<strong>INOX\u00ae Hocheffektiver Insektenreiniger<\/strong>\u00a0im ist ein speziell entwickelter Reiniger zur Entfernung von Insektenresten auf Lack-, Glas-, Chrom-, Metall- und Kunststoffoberfl\u00e4chen. Die besondere Formel weicht auch festsitzende R\u00fcckst\u00e4nde auf und entfernt diese schnell und m\u00fchelos.<\/p>\n<p>Dieser Insektenentferner ist\u00a0<strong>frei von L\u00f6sungsmitteln<\/strong>\u00a0und somit besonders schonend zu allen Oberfl\u00e4chen. Ideal zur Anwendung vor der Wagenw\u00e4sche, entfernt er auch hartn\u00e4ckigen Vogelkot, Baumharz und andere Verschmutzungen effektiv.<\/p>\n<\/div>\n<p>\u2713\u00a0<strong>Gr\u00fcndlich sauber<\/strong>: Entfernt m\u00fchelos festsitzende Insektenreste.<br \/>\n\u2713<strong>\u00a0Allrounder<\/strong>: Bek\u00e4mpft effektiv Insektenr\u00fcckst\u00e4nde, Vogelkot, Baumharz.<br \/>\n\u2713\u00a0<strong>Sanft zum Lack<\/strong>: Frei von sch\u00e4dlichen L\u00f6sungsmitteln.<br \/>\n\u2713\u00a0<strong>Einfache Anwendung<\/strong>: Aufspr\u00fchen, einwirken lassen, mit Schwamm anl\u00f6sen und absp\u00fclen.<br \/>\n\u2713\u00a0<strong>Anwendungsfertig<\/strong>: Keine weitere Verd\u00fcnnung n\u00f6tig.<\/p>\n<div class=\"textproduct\">\n<div class=\"a-section a-spacing-mini\"><img decoding=\"async\" src=\"https:\/\/m.media-amazon.com\/images\/I\/41LBEV3R9FL.png\" alt=\"Kann bei Verschlucken und Eindringen in die Atemwege t\u00f6dlich sein.\" width=\"44\" height=\"44\" \/><\/div>\n<div><\/div>\n<div class=\"a-section a-spacing-none\"><strong><span class=\"a-size-base a-color-base\">Gefahr:\u00a0<\/span><\/strong>Kann bei Verschlucken und Eindringen in die Atemwege t\u00f6dlich sein.<\/div>\n<\/div>\n<div><\/div>","protected":false},"excerpt":{"rendered":"<p>Der\u00a0INOX\u00ae Hocheffektiver Insektenreiniger\u00a0im ist ein speziell entwickelter Reiniger zur Entfernung von Insektenresten auf Lack-, Glas-, Chrom-, Metall- und Kunststoffoberfl\u00e4chen. Die besondere Formel weicht auch festsitzende R\u00fcckst\u00e4nde auf und entfernt diese schnell und m\u00fchelos. Dieser Insektenentferner ist\u00a0frei von L\u00f6sungsmitteln\u00a0und somit besonders schonend zu allen Oberfl\u00e4chen. Ideal zur Anwendung vor der Wagenw\u00e4sche, entfernt er auch hartn\u00e4ckigen Vogelkot, [&hellip;]<\/p>","protected":false},"featured_media":1289,"comment_status":"open","ping_status":"closed","template":"","meta":[],"product_brand":[],"product_cat":[32],"product_tag":[],"class_list":{"0":"post-434","1":"product","2":"type-product","3":"status-publish","4":"has-post-thumbnail","6":"product_cat-fahrzeugreiniger","8":"first","9":"instock","10":"shipping-taxable","11":"product-type-simple"},"_links":{"self":[{"href":"https:\/\/inox-vertrieb.de\/en\/wp-json\/wp\/v2\/product\/434","targetHints":{"allow":["GET"]}}],"collection":[{"href":"https:\/\/inox-vertrieb.de\/en\/wp-json\/wp\/v2\/product"}],"about":[{"href":"https:\/\/inox-vertrieb.de\/en\/wp-json\/wp\/v2\/types\/product"}],"replies":[{"embeddable":true,"href":"https:\/\/inox-vertrieb.de\/en\/wp-json\/wp\/v2\/comments?post=434"}],"wp:featuredmedia":[{"embeddable":true,"href":"https:\/\/inox-vertrieb.de\/en\/wp-json\/wp\/v2\/media\/1289"}],"wp:attachment":[{"href":"https:\/\/inox-vertrieb.de\/en\/wp-json\/wp\/v2\/media?parent=434"}],"wp:term":[{"taxonomy":"product_brand","embeddable":true,"href":"https:\/\/inox-vertrieb.de\/en\/wp-json\/wp\/v2\/product_brand?post=434"},{"taxonomy":"product_cat","embeddable":true,"href":"https:\/\/inox-vertrieb.de\/en\/wp-json\/wp\/v2\/product_cat?post=434"},{"taxonomy":"product_tag","embeddable":true,"href":"https:\/\/inox-vertrieb.de\/en\/wp-json\/wp\/v2\/product_tag?post=434"}],"curies":[{"name":"wp","href":"https:\/\/api.w.org\/{rel}","templated":true}]}}