{"id":417,"date":"2025-04-24T12:23:51","date_gmt":"2025-04-24T12:23:51","guid":{"rendered":"https:\/\/pakhelper.com\/inox\/?post_type=product&#038;p=417"},"modified":"2025-04-24T15:21:25","modified_gmt":"2025-04-24T15:21:25","slug":"inox-motorreiniger","status":"publish","type":"product","link":"https:\/\/inox-vertrieb.de\/en\/product\/inox-motorreiniger\/","title":{"rendered":"INOX Motorreiniger"},"content":{"rendered":"<div class=\"textproduct\">\n<p>INOX\u00ae Motorreiniger ist ein stark alkalischer Spezialreiniger f\u00fcr die \u00e4u\u00dfere Reinigung. Dieser Reinigung f\u00fchrt zur Entfettung von Motorr\u00e4umen, Getriebeteilen, Achsen, Chassis, Maschine und anderen Bauteilen. Durch seine starke \u00d6l und Fettl\u00f6sekraft reinigt er hartn\u00e4ckigste Verschmutzungen im PKW und im Nutzfahrzeugbereich.<\/p>\n<\/div>","protected":false},"excerpt":{"rendered":"<p>INOX\u00ae Motorreiniger ist ein stark alkalischer Spezialreiniger f\u00fcr die \u00e4u\u00dfere Reinigung. Dieser Reinigung f\u00fchrt zur Entfettung von Motorr\u00e4umen, Getriebeteilen, Achsen, Chassis, Maschine und anderen Bauteilen. Durch seine starke \u00d6l und Fettl\u00f6sekraft reinigt er hartn\u00e4ckigste Verschmutzungen im PKW und im Nutzfahrzeugbereich.<\/p>","protected":false},"featured_media":606,"comment_status":"open","ping_status":"closed","template":"","meta":[],"product_brand":[],"product_cat":[32],"product_tag":[],"class_list":{"0":"post-417","1":"product","2":"type-product","3":"status-publish","4":"has-post-thumbnail","6":"product_cat-fahrzeugreiniger","8":"first","9":"instock","10":"shipping-taxable","11":"product-type-simple"},"_links":{"self":[{"href":"https:\/\/inox-vertrieb.de\/en\/wp-json\/wp\/v2\/product\/417","targetHints":{"allow":["GET"]}}],"collection":[{"href":"https:\/\/inox-vertrieb.de\/en\/wp-json\/wp\/v2\/product"}],"about":[{"href":"https:\/\/inox-vertrieb.de\/en\/wp-json\/wp\/v2\/types\/product"}],"replies":[{"embeddable":true,"href":"https:\/\/inox-vertrieb.de\/en\/wp-json\/wp\/v2\/comments?post=417"}],"wp:featuredmedia":[{"embeddable":true,"href":"https:\/\/inox-vertrieb.de\/en\/wp-json\/wp\/v2\/media\/606"}],"wp:attachment":[{"href":"https:\/\/inox-vertrieb.de\/en\/wp-json\/wp\/v2\/media?parent=417"}],"wp:term":[{"taxonomy":"product_brand","embeddable":true,"href":"https:\/\/inox-vertrieb.de\/en\/wp-json\/wp\/v2\/product_brand?post=417"},{"taxonomy":"product_cat","embeddable":true,"href":"https:\/\/inox-vertrieb.de\/en\/wp-json\/wp\/v2\/product_cat?post=417"},{"taxonomy":"product_tag","embeddable":true,"href":"https:\/\/inox-vertrieb.de\/en\/wp-json\/wp\/v2\/product_tag?post=417"}],"curies":[{"name":"wp","href":"https:\/\/api.w.org\/{rel}","templated":true}]}}