{"id":409,"date":"2025-04-24T12:10:40","date_gmt":"2025-04-24T12:10:40","guid":{"rendered":"https:\/\/pakhelper.com\/inox\/?post_type=product&#038;p=409"},"modified":"2025-09-05T11:53:52","modified_gmt":"2025-09-05T11:53:52","slug":"inox-teerentferner","status":"publish","type":"product","link":"https:\/\/inox-vertrieb.de\/en\/product\/inox-teerentferner\/","title":{"rendered":"INOX Teerentferner"},"content":{"rendered":"<div class=\"textproduct\">\n<p><strong>Der INOX\u00ae Auto Teerentferner<\/strong> ist ein extrem starker Spezialreiniger, der effektiv <strong>Teer, \u00d6l, Bitumen und Klebstoffreste<\/strong> von Fahrzeugen entfernt. Er reinigt schonend und gr\u00fcndlich und ist dabei <strong>sanft zu Gummi, Kunststoffen, Lack und Chrom.<\/strong><\/p>\n<p>Dank seiner <strong>kraftvollen Formel<\/strong> ist er besonders geeignet f\u00fcr den Einsatz bei <strong>hartn\u00e4ckigen Verschmutzungen<\/strong> und sorgt f\u00fcr ein professionelles Reinigungsergebnis wie in Waschanlagen.<\/p>\n<p><strong>\u2713 Extra starke Reinigung<\/strong>: Entfernt effektiv Teer, \u00d6lflecken, Bitumen, Klebstoffreste.<br \/>\n<strong>\u2713 Schonend zu Materialien<\/strong>: Geeignet f\u00fcr Lacke, Chrom, Gummi, Kunststoffe.<br \/>\n<strong>\u2713 Waschanlagenqualit\u00e4t<\/strong>: Profi-Reinigung f\u00fcr strahlende Ergebnisse.<br \/>\n<strong>\u2713 Breites Anwendungsspektrum<\/strong>: Ideal f\u00fcr Innen- und Au\u00dfenreinigung.<\/p>\n<p>&nbsp;<\/p>\n<div style=\"display: flex; gap: 10px; align-items: center; margin-bottom: 10px;\"><img decoding=\"async\" src=\"https:\/\/m.media-amazon.com\/images\/I\/31FKY40zb5L.png\" alt=\"Fl\u00fcssigkeit und Dampf entz\u00fcndbar.\" width=\"44\" \/> <img decoding=\"async\" src=\"https:\/\/m.media-amazon.com\/images\/I\/31mTHI4a8xL.png\" alt=\"Gesundheitssch\u00e4dlich bei Einatmen.\" width=\"44\" \/> <img decoding=\"async\" src=\"https:\/\/m.media-amazon.com\/images\/I\/41m4Jsj5OgL.png\" alt=\"Giftig f\u00fcr Wasserorganismen, mit langfristiger Wirkung.\" width=\"44\" \/> <img decoding=\"async\" src=\"https:\/\/m.media-amazon.com\/images\/I\/41LBEV3R9FL.png\" alt=\"Kann bei Verschlucken und Eindringen in die Atemwege t\u00f6dlich sein.\" width=\"44\" \/><\/div>\n<p><strong>Gefahr:<\/strong> Fl\u00fcssigkeit und Dampf entz\u00fcndbar. Gesundheitssch\u00e4dlich bei Einatmen. Giftig f\u00fcr Wasserorganismen, mit langfristiger Wirkung. Kann bei Verschlucken und Eindringen in die Atemwege t\u00f6dlich sein. Kann die Organe sch\u00e4digen bei l\u00e4ngerer oder wiederholter Exposition. Kann vermutlich Krebs erzeugen. Verursacht Hautreizungen.<\/p>\n<\/div>","protected":false},"excerpt":{"rendered":"<p>Der INOX\u00ae Auto Teerentferner ist ein extrem starker Spezialreiniger, der effektiv Teer, \u00d6l, Bitumen und Klebstoffreste von Fahrzeugen entfernt. Er reinigt schonend und gr\u00fcndlich und ist dabei sanft zu Gummi, Kunststoffen, Lack und Chrom. Dank seiner kraftvollen Formel ist er besonders geeignet f\u00fcr den Einsatz bei hartn\u00e4ckigen Verschmutzungen und sorgt f\u00fcr ein professionelles Reinigungsergebnis wie [&hellip;]<\/p>","protected":false},"featured_media":1541,"comment_status":"open","ping_status":"closed","template":"","meta":[],"product_brand":[],"product_cat":[32],"product_tag":[],"class_list":{"0":"post-409","1":"product","2":"type-product","3":"status-publish","4":"has-post-thumbnail","6":"product_cat-fahrzeugreiniger","8":"first","9":"instock","10":"shipping-taxable","11":"product-type-simple"},"_links":{"self":[{"href":"https:\/\/inox-vertrieb.de\/en\/wp-json\/wp\/v2\/product\/409","targetHints":{"allow":["GET"]}}],"collection":[{"href":"https:\/\/inox-vertrieb.de\/en\/wp-json\/wp\/v2\/product"}],"about":[{"href":"https:\/\/inox-vertrieb.de\/en\/wp-json\/wp\/v2\/types\/product"}],"replies":[{"embeddable":true,"href":"https:\/\/inox-vertrieb.de\/en\/wp-json\/wp\/v2\/comments?post=409"}],"wp:featuredmedia":[{"embeddable":true,"href":"https:\/\/inox-vertrieb.de\/en\/wp-json\/wp\/v2\/media\/1541"}],"wp:attachment":[{"href":"https:\/\/inox-vertrieb.de\/en\/wp-json\/wp\/v2\/media?parent=409"}],"wp:term":[{"taxonomy":"product_brand","embeddable":true,"href":"https:\/\/inox-vertrieb.de\/en\/wp-json\/wp\/v2\/product_brand?post=409"},{"taxonomy":"product_cat","embeddable":true,"href":"https:\/\/inox-vertrieb.de\/en\/wp-json\/wp\/v2\/product_cat?post=409"},{"taxonomy":"product_tag","embeddable":true,"href":"https:\/\/inox-vertrieb.de\/en\/wp-json\/wp\/v2\/product_tag?post=409"}],"curies":[{"name":"wp","href":"https:\/\/api.w.org\/{rel}","templated":true}]}}