{"id":407,"date":"2025-04-24T11:58:27","date_gmt":"2025-04-24T11:58:27","guid":{"rendered":"https:\/\/pakhelper.com\/inox\/?post_type=product&#038;p=407"},"modified":"2025-04-24T15:18:04","modified_gmt":"2025-04-24T15:18:04","slug":"inox-nano-line-autoshampoo","status":"publish","type":"product","link":"https:\/\/inox-vertrieb.de\/en\/product\/inox-nano-line-autoshampoo\/","title":{"rendered":"INOX Nano Line Autoshampoo"},"content":{"rendered":"<div class=\"textproduct\">\n<p>INOX\u00ae Auto-Shampoo ist ein hochkonzentriertes, schonendes Spezialshampoo mit Orangen\u00f6lextrakten und integrierter Trocknungshilfe durch Nanotechnologie. INOX\u00ae Auto Shampoo reinigt zuverl\u00e4ssig und kraftvoll alle Fahrzeugoberfl\u00e4chen und ist zugleich Materialschonend. Durch die Nanotechnologie benetzt das Shampoo einen ultrad\u00fcnnen Schutzfilm auf der Lackoberfl\u00e4che und sch\u00fctzt somit die Oberfl\u00e4che vor UV-Strahlen und erm\u00f6glicht eine leichte Reinigung des Lackes.<\/p>\n<\/div>","protected":false},"excerpt":{"rendered":"<p>INOX\u00ae Auto-Shampoo ist ein hochkonzentriertes, schonendes Spezialshampoo mit Orangen\u00f6lextrakten und integrierter Trocknungshilfe durch Nanotechnologie. INOX\u00ae Auto Shampoo reinigt zuverl\u00e4ssig und kraftvoll alle Fahrzeugoberfl\u00e4chen und ist zugleich Materialschonend. Durch die Nanotechnologie benetzt das Shampoo einen ultrad\u00fcnnen Schutzfilm auf der Lackoberfl\u00e4che und sch\u00fctzt somit die Oberfl\u00e4che vor UV-Strahlen und erm\u00f6glicht eine leichte Reinigung des Lackes.<\/p>","protected":false},"featured_media":591,"comment_status":"open","ping_status":"closed","template":"","meta":[],"product_brand":[],"product_cat":[32],"product_tag":[],"class_list":{"0":"post-407","1":"product","2":"type-product","3":"status-publish","4":"has-post-thumbnail","6":"product_cat-fahrzeugreiniger","8":"first","9":"instock","10":"shipping-taxable","11":"product-type-simple"},"_links":{"self":[{"href":"https:\/\/inox-vertrieb.de\/en\/wp-json\/wp\/v2\/product\/407","targetHints":{"allow":["GET"]}}],"collection":[{"href":"https:\/\/inox-vertrieb.de\/en\/wp-json\/wp\/v2\/product"}],"about":[{"href":"https:\/\/inox-vertrieb.de\/en\/wp-json\/wp\/v2\/types\/product"}],"replies":[{"embeddable":true,"href":"https:\/\/inox-vertrieb.de\/en\/wp-json\/wp\/v2\/comments?post=407"}],"wp:featuredmedia":[{"embeddable":true,"href":"https:\/\/inox-vertrieb.de\/en\/wp-json\/wp\/v2\/media\/591"}],"wp:attachment":[{"href":"https:\/\/inox-vertrieb.de\/en\/wp-json\/wp\/v2\/media?parent=407"}],"wp:term":[{"taxonomy":"product_brand","embeddable":true,"href":"https:\/\/inox-vertrieb.de\/en\/wp-json\/wp\/v2\/product_brand?post=407"},{"taxonomy":"product_cat","embeddable":true,"href":"https:\/\/inox-vertrieb.de\/en\/wp-json\/wp\/v2\/product_cat?post=407"},{"taxonomy":"product_tag","embeddable":true,"href":"https:\/\/inox-vertrieb.de\/en\/wp-json\/wp\/v2\/product_tag?post=407"}],"curies":[{"name":"wp","href":"https:\/\/api.w.org\/{rel}","templated":true}]}}