{"id":400,"date":"2025-04-24T11:39:26","date_gmt":"2025-04-24T11:39:26","guid":{"rendered":"https:\/\/pakhelper.com\/inox\/?post_type=product&#038;p=400"},"modified":"2025-09-02T08:12:03","modified_gmt":"2025-09-02T08:12:03","slug":"inox-multireiniger-all-star","status":"publish","type":"product","link":"https:\/\/inox-vertrieb.de\/en\/product\/inox-multireiniger-all-star\/","title":{"rendered":"INOX Multireiniger All Star"},"content":{"rendered":"<p>Der <strong>INOX\u00ae All Star Multireiniger<\/strong> ist ein <strong>kraftvoller Universalreiniger<\/strong> f\u00fcr die Reinigung von Polstern, Leder, Teppichen, Kunststoffen und allen anderen Oberfl\u00e4chen. Dieser Reiniger ist besonders geeignet f\u00fcr die <strong>Autoreinigung von Innen und Au\u00dfen<\/strong>.<\/p>\n<p>Er entfernt zuverl\u00e4ssig hartn\u00e4ckige Flecken wie \u00d6l, Fett und Nikotinr\u00fcckst\u00e4nde und hinterl\u00e4sst eine saubere und frische Oberfl\u00e4che. Dank seiner schonenden Formel ist der Reiniger sicher f\u00fcr alle Materialien und frischt Farben effektiv auf.<\/p>\n<p>\u2713 <strong>Gebrauchsfertig<\/strong>: Keine Verd\u00fcnnung erforderlich, einfach in Spr\u00fchflasche f\u00fcllen &amp; auftragen.<br \/>\n\u2713 <strong>Innen- und Au\u00dfenreiniger<\/strong>: Ideal f\u00fcr die Reinigung von Fahrzeuginnenr\u00e4umen und Au\u00dfenfl\u00e4chen.<br \/>\n\u2713 <strong>Stark gegen Flecken<\/strong>: Beseitigt hartn\u00e4ckige Flecken wie \u00d6l, Fett und Nikotin.<br \/>\n\u2713 <strong>Schnelle Ergebnisse<\/strong>: 2-5 Minuten Einwirkzeit f\u00fcr perfekte Reinigungsergebnisse.<br \/>\n\u2713 <strong>Vielseitig einsetzbar<\/strong>: F\u00fcr Polster, Teppiche, Kunststoffe und mehr geeignet.<\/p>\n<p>&nbsp;<\/p>\n<div class=\"a-section a-spacing-mini\"><img decoding=\"async\" src=\"https:\/\/m.media-amazon.com\/images\/I\/31mTHI4a8xL.png\" alt=\"Verursacht Hautreizungen.\" width=\"44\" height=\"44\" \/><\/div>\n<div class=\"a-section a-spacing-none\"><strong><span class=\"a-size-base a-color-base\">Achtung: <\/span><\/strong>Verursacht Hautreizungen.\u00a0Verursacht schwere Augenreizung.<\/div>","protected":false},"excerpt":{"rendered":"<p>Der INOX\u00ae All Star Multireiniger ist ein kraftvoller Universalreiniger f\u00fcr die Reinigung von Polstern, Leder, Teppichen, Kunststoffen und allen anderen Oberfl\u00e4chen. Dieser Reiniger ist besonders geeignet f\u00fcr die Autoreinigung von Innen und Au\u00dfen. Er entfernt zuverl\u00e4ssig hartn\u00e4ckige Flecken wie \u00d6l, Fett und Nikotinr\u00fcckst\u00e4nde und hinterl\u00e4sst eine saubere und frische Oberfl\u00e4che. Dank seiner schonenden Formel ist [&hellip;]<\/p>","protected":false},"featured_media":1470,"comment_status":"open","ping_status":"closed","template":"","meta":[],"product_brand":[],"product_cat":[32],"product_tag":[],"class_list":{"0":"post-400","1":"product","2":"type-product","3":"status-publish","4":"has-post-thumbnail","6":"product_cat-fahrzeugreiniger","8":"first","9":"instock","10":"shipping-taxable","11":"product-type-simple"},"_links":{"self":[{"href":"https:\/\/inox-vertrieb.de\/en\/wp-json\/wp\/v2\/product\/400","targetHints":{"allow":["GET"]}}],"collection":[{"href":"https:\/\/inox-vertrieb.de\/en\/wp-json\/wp\/v2\/product"}],"about":[{"href":"https:\/\/inox-vertrieb.de\/en\/wp-json\/wp\/v2\/types\/product"}],"replies":[{"embeddable":true,"href":"https:\/\/inox-vertrieb.de\/en\/wp-json\/wp\/v2\/comments?post=400"}],"wp:featuredmedia":[{"embeddable":true,"href":"https:\/\/inox-vertrieb.de\/en\/wp-json\/wp\/v2\/media\/1470"}],"wp:attachment":[{"href":"https:\/\/inox-vertrieb.de\/en\/wp-json\/wp\/v2\/media?parent=400"}],"wp:term":[{"taxonomy":"product_brand","embeddable":true,"href":"https:\/\/inox-vertrieb.de\/en\/wp-json\/wp\/v2\/product_brand?post=400"},{"taxonomy":"product_cat","embeddable":true,"href":"https:\/\/inox-vertrieb.de\/en\/wp-json\/wp\/v2\/product_cat?post=400"},{"taxonomy":"product_tag","embeddable":true,"href":"https:\/\/inox-vertrieb.de\/en\/wp-json\/wp\/v2\/product_tag?post=400"}],"curies":[{"name":"wp","href":"https:\/\/api.w.org\/{rel}","templated":true}]}}