{"id":396,"date":"2025-04-24T11:35:04","date_gmt":"2025-04-24T11:35:04","guid":{"rendered":"https:\/\/pakhelper.com\/inox\/?post_type=product&#038;p=396"},"modified":"2026-04-14T09:16:42","modified_gmt":"2026-04-14T09:16:42","slug":"inox-scheiben-klar","status":"publish","type":"product","link":"https:\/\/inox-vertrieb.de\/en\/product\/inox-scheiben-klar\/","title":{"rendered":"INOX Scheiben Klar"},"content":{"rendered":"<p>Der\u00a0<strong>INOX\u00ae Scheiben Klar Scheibenreiniger<\/strong> ist ein <strong>universell einsetzbares Reinigungskonzentrat<\/strong>, das speziell f\u00fcr <strong>Autoscheiben und alle glatten Oberfl\u00e4chen<\/strong> entwickelt wurde. Es entfernt <strong>effektiv Verschmutzungen<\/strong> wie <strong>\u00d6l, Fett, Nikotin<\/strong> und Fingerabdr\u00fccke.<\/p>\n<p>Dank seiner\u00a0<strong>speziellen Formel<\/strong> wird eine <strong>schnelle Neuverschmutzung<\/strong> der gereinigten Fl\u00e4chen verhindert, was ihn ideal als <strong>Wischwasserzusatz<\/strong> macht.<\/p>\n<div class=\"a-section a-spacing-mini\">\n<p><strong>\u2713 Universell<\/strong>: Geeignet f\u00fcr Scheiben &amp; glatte Oberfl\u00e4chen.<br \/>\n<strong>\u2713 Effektive Reinigung<\/strong>: Entfernt zuverl\u00e4ssig \u00d6l, Fett, Nikotin &amp; mehr.<br \/>\n<strong>\u2713 Schutz vor Neuverschmutzung<\/strong>: Spezielle Formel verhindert Wiederanschmutzung.<br \/>\n<strong>\u2713 Wischwasserzusatz<\/strong>: Perfekt als Zusatz.<br \/>\n<strong>\u2713 Sparsam &amp; ergiebig<\/strong>: Hochkonzentriert f\u00fcr eine lange Anwendung.<\/p>\n<p data-start=\"1173\" data-end=\"1475\"><strong>Anwendung:\u00a0<\/strong><\/p>\n<p data-start=\"1173\" data-end=\"1475\"><strong data-start=\"1173\" data-end=\"1196\">Manuelle Reinigung:<\/strong><br data-start=\"1196\" data-end=\"1199\" \/>INOX\u00ae Scheiben Klar unverd\u00fcnnt auf die zu reinigende Glasfl\u00e4che aufspr\u00fchen oder mit einem Tuch gleichm\u00e4\u00dfig auftragen. Kurz einwirken lassen und anschlie\u00dfend mit einem sauberen, fusselfreien Mikrofasertuch trocken nachpolieren, bis eine streifenfreie Oberfl\u00e4che erreicht ist.<\/p>\n<p data-start=\"1477\" data-end=\"1626\"><strong data-start=\"1477\" data-end=\"1501\">Scheibenwaschanlage:<\/strong><br data-start=\"1501\" data-end=\"1504\" \/>Je nach Verschmutzungsgrad <strong data-start=\"1531\" data-end=\"1563\">50\u2013100 ml auf 5 Liter Wasser<\/strong> dosieren. Auch als Zusatz f\u00fcr Scheibenwaschanlagen geeignet.<\/p>\n<p data-start=\"1628\" data-end=\"1676\"><strong data-start=\"1628\" data-end=\"1640\">Hinweis:<\/strong> Nicht als Frostschutz verwendbar.<\/p>\n<p data-start=\"1628\" data-end=\"1676\"><strong>Inhaltsstoffe:<\/strong> Ethanol &lt; 2,5 %<\/p>\n<\/div>","protected":false},"excerpt":{"rendered":"<p>Der\u00a0INOX\u00ae Scheiben Klar Scheibenreiniger ist ein universell einsetzbares Reinigungskonzentrat, das speziell f\u00fcr Autoscheiben und alle glatten Oberfl\u00e4chen entwickelt wurde. Es entfernt effektiv Verschmutzungen wie \u00d6l, Fett, Nikotin und Fingerabdr\u00fccke. Dank seiner\u00a0speziellen Formel wird eine schnelle Neuverschmutzung der gereinigten Fl\u00e4chen verhindert, was ihn ideal als Wischwasserzusatz macht. \u2713 Universell: Geeignet f\u00fcr Scheiben &amp; glatte Oberfl\u00e4chen. \u2713 [&hellip;]<\/p>","protected":false},"featured_media":1797,"comment_status":"open","ping_status":"closed","template":"","meta":[],"product_brand":[],"product_cat":[32,34],"product_tag":[],"class_list":{"0":"post-396","1":"product","2":"type-product","3":"status-publish","4":"has-post-thumbnail","6":"product_cat-fahrzeugreiniger","7":"product_cat-technische-reiniger","9":"first","10":"instock","11":"shipping-taxable","12":"product-type-simple"},"_links":{"self":[{"href":"https:\/\/inox-vertrieb.de\/en\/wp-json\/wp\/v2\/product\/396","targetHints":{"allow":["GET"]}}],"collection":[{"href":"https:\/\/inox-vertrieb.de\/en\/wp-json\/wp\/v2\/product"}],"about":[{"href":"https:\/\/inox-vertrieb.de\/en\/wp-json\/wp\/v2\/types\/product"}],"replies":[{"embeddable":true,"href":"https:\/\/inox-vertrieb.de\/en\/wp-json\/wp\/v2\/comments?post=396"}],"wp:featuredmedia":[{"embeddable":true,"href":"https:\/\/inox-vertrieb.de\/en\/wp-json\/wp\/v2\/media\/1797"}],"wp:attachment":[{"href":"https:\/\/inox-vertrieb.de\/en\/wp-json\/wp\/v2\/media?parent=396"}],"wp:term":[{"taxonomy":"product_brand","embeddable":true,"href":"https:\/\/inox-vertrieb.de\/en\/wp-json\/wp\/v2\/product_brand?post=396"},{"taxonomy":"product_cat","embeddable":true,"href":"https:\/\/inox-vertrieb.de\/en\/wp-json\/wp\/v2\/product_cat?post=396"},{"taxonomy":"product_tag","embeddable":true,"href":"https:\/\/inox-vertrieb.de\/en\/wp-json\/wp\/v2\/product_tag?post=396"}],"curies":[{"name":"wp","href":"https:\/\/api.w.org\/{rel}","templated":true}]}}