{"id":390,"date":"2025-04-23T11:44:14","date_gmt":"2025-04-23T11:44:14","guid":{"rendered":"https:\/\/pakhelper.com\/inox\/?post_type=product&#038;p=390"},"modified":"2025-04-23T11:44:14","modified_gmt":"2025-04-23T11:44:14","slug":"inox-oktanbooster","status":"publish","type":"product","link":"https:\/\/inox-vertrieb.de\/en\/product\/inox-oktanbooster\/","title":{"rendered":"INOX Oktanbooster"},"content":{"rendered":"<p>INOX\u00ae Oktan Booster verbessert Startverhalten und Vollastantrieb, l\u00f6st und<\/p>\n<p>dispergiert Ablagerungen und R\u00fcckst\u00e4nde im Kraftstoffsystem. Sorgt f\u00fcr gleichm\u00e4\u00dfigen und ruhigeren Leerlauf. Beseitigt und verhindert Ablagerungen an Ventilen und Brennr\u00e4umen und verhindert damit mechanische Sch\u00e4den. Erh\u00f6ht die Oktanzahl des Kraftstoffs um bis zu 4 &#8211; 9 Punkte, je nach Kraftstoffqualit\u00e4t. Besonders empfohlen f\u00fcr Kraftstoffe mit minderer Qualit\u00e4t.<\/p>\n<ul>\n<li>f\u00fcr alle Benzinmotoren geeignet.<\/li>\n<li>erh\u00f6ht die Oktanzahl um 4-9 Punkte.<\/li>\n<li>verbessert den CO\u00b2-Wert.<\/li>\n<\/ul>","protected":false},"excerpt":{"rendered":"<p>INOX\u00ae Oktan Booster verbessert Startverhalten und Vollastantrieb, l\u00f6st und dispergiert Ablagerungen und R\u00fcckst\u00e4nde im Kraftstoffsystem. Sorgt f\u00fcr gleichm\u00e4\u00dfigen und ruhigeren Leerlauf. Beseitigt und verhindert Ablagerungen an Ventilen und Brennr\u00e4umen und verhindert damit mechanische Sch\u00e4den. Erh\u00f6ht die Oktanzahl des Kraftstoffs um bis zu 4 &#8211; 9 Punkte, je nach Kraftstoffqualit\u00e4t. Besonders empfohlen f\u00fcr Kraftstoffe mit minderer [&hellip;]<\/p>","protected":false},"featured_media":391,"comment_status":"open","ping_status":"closed","template":"","meta":[],"product_brand":[],"product_cat":[22,31],"product_tag":[],"class_list":{"0":"post-390","1":"product","2":"type-product","3":"status-publish","4":"has-post-thumbnail","6":"product_cat-additive","7":"product_cat-additive-benzinsysteme","9":"first","10":"instock","11":"shipping-taxable","12":"product-type-simple"},"_links":{"self":[{"href":"https:\/\/inox-vertrieb.de\/en\/wp-json\/wp\/v2\/product\/390","targetHints":{"allow":["GET"]}}],"collection":[{"href":"https:\/\/inox-vertrieb.de\/en\/wp-json\/wp\/v2\/product"}],"about":[{"href":"https:\/\/inox-vertrieb.de\/en\/wp-json\/wp\/v2\/types\/product"}],"replies":[{"embeddable":true,"href":"https:\/\/inox-vertrieb.de\/en\/wp-json\/wp\/v2\/comments?post=390"}],"wp:featuredmedia":[{"embeddable":true,"href":"https:\/\/inox-vertrieb.de\/en\/wp-json\/wp\/v2\/media\/391"}],"wp:attachment":[{"href":"https:\/\/inox-vertrieb.de\/en\/wp-json\/wp\/v2\/media?parent=390"}],"wp:term":[{"taxonomy":"product_brand","embeddable":true,"href":"https:\/\/inox-vertrieb.de\/en\/wp-json\/wp\/v2\/product_brand?post=390"},{"taxonomy":"product_cat","embeddable":true,"href":"https:\/\/inox-vertrieb.de\/en\/wp-json\/wp\/v2\/product_cat?post=390"},{"taxonomy":"product_tag","embeddable":true,"href":"https:\/\/inox-vertrieb.de\/en\/wp-json\/wp\/v2\/product_tag?post=390"}],"curies":[{"name":"wp","href":"https:\/\/api.w.org\/{rel}","templated":true}]}}