{"id":388,"date":"2025-04-23T11:09:14","date_gmt":"2025-04-23T11:09:14","guid":{"rendered":"https:\/\/pakhelper.com\/inox\/?post_type=product&#038;p=388"},"modified":"2025-04-23T11:09:14","modified_gmt":"2025-04-23T11:09:14","slug":"inox-benzin-blei-ersatz-1-1000","status":"publish","type":"product","link":"https:\/\/inox-vertrieb.de\/en\/product\/inox-benzin-blei-ersatz-1-1000\/","title":{"rendered":"INOX Benzin Blei Ersatz 1: 1000"},"content":{"rendered":"<div class=\"textproduct\">\n<p>INOX Benzin Blei Ersatz 1:1000 beinhaltet eine speziell abgestimmte Additiv-Kombination f\u00fcr \u00e4ltere Benzinmotoren, deren Ventilsitze verbleites Benzin zur Schmierung ben\u00f6tigen. Durch die optimalen Schmiereigenschaften wird Ventilsitz-Verschlei\u00df verhindert. Er wirkt gegen Kompressionsverlust und somit vor Leistungsabfall und Motorsch\u00e4den.<\/p>\n<\/div>","protected":false},"excerpt":{"rendered":"<p>INOX Benzin Blei Ersatz 1:1000 beinhaltet eine speziell abgestimmte Additiv-Kombination f\u00fcr \u00e4ltere Benzinmotoren, deren Ventilsitze verbleites Benzin zur Schmierung ben\u00f6tigen. Durch die optimalen Schmiereigenschaften wird Ventilsitz-Verschlei\u00df verhindert. Er wirkt gegen Kompressionsverlust und somit vor Leistungsabfall und Motorsch\u00e4den.<\/p>","protected":false},"featured_media":389,"comment_status":"open","ping_status":"closed","template":"","meta":[],"product_brand":[],"product_cat":[22,31],"product_tag":[],"class_list":{"0":"post-388","1":"product","2":"type-product","3":"status-publish","4":"has-post-thumbnail","6":"product_cat-additive","7":"product_cat-additive-benzinsysteme","9":"first","10":"instock","11":"shipping-taxable","12":"product-type-simple"},"_links":{"self":[{"href":"https:\/\/inox-vertrieb.de\/en\/wp-json\/wp\/v2\/product\/388","targetHints":{"allow":["GET"]}}],"collection":[{"href":"https:\/\/inox-vertrieb.de\/en\/wp-json\/wp\/v2\/product"}],"about":[{"href":"https:\/\/inox-vertrieb.de\/en\/wp-json\/wp\/v2\/types\/product"}],"replies":[{"embeddable":true,"href":"https:\/\/inox-vertrieb.de\/en\/wp-json\/wp\/v2\/comments?post=388"}],"wp:featuredmedia":[{"embeddable":true,"href":"https:\/\/inox-vertrieb.de\/en\/wp-json\/wp\/v2\/media\/389"}],"wp:attachment":[{"href":"https:\/\/inox-vertrieb.de\/en\/wp-json\/wp\/v2\/media?parent=388"}],"wp:term":[{"taxonomy":"product_brand","embeddable":true,"href":"https:\/\/inox-vertrieb.de\/en\/wp-json\/wp\/v2\/product_brand?post=388"},{"taxonomy":"product_cat","embeddable":true,"href":"https:\/\/inox-vertrieb.de\/en\/wp-json\/wp\/v2\/product_cat?post=388"},{"taxonomy":"product_tag","embeddable":true,"href":"https:\/\/inox-vertrieb.de\/en\/wp-json\/wp\/v2\/product_tag?post=388"}],"curies":[{"name":"wp","href":"https:\/\/api.w.org\/{rel}","templated":true}]}}