{"id":384,"date":"2025-04-23T11:07:27","date_gmt":"2025-04-23T11:07:27","guid":{"rendered":"https:\/\/pakhelper.com\/inox\/?post_type=product&#038;p=384"},"modified":"2026-02-24T12:47:04","modified_gmt":"2026-02-24T12:47:04","slug":"inox-ventil-und-einspritzdusenreiniger","status":"publish","type":"product","link":"https:\/\/inox-vertrieb.de\/en\/product\/inox-ventil-und-einspritzdusenreiniger\/","title":{"rendered":"INOX Ventil Injektor Cleaner"},"content":{"rendered":"<p>Der <strong>INOX\u00ae Ventil- und Einspritzd\u00fcsenreiniger<\/strong> sorgt f\u00fcr eine gr\u00fcndliche Reinigung und Optimierung des Benzin-Einspritzsystems. Das Additiv entfernt zuverl\u00e4ssig Ablagerungen, verbessert die Kraftstoffvernebelung und stellt eine gleichm\u00e4\u00dfige Einspritzdosierung sicher. <strong>Erh\u00f6hen Sie die Lebensdauer Ihres Motors<\/strong>, genie\u00dfen Sie einen weicheren Motorlauf und profitieren Sie von einem sp\u00fcrbar verbesserten Startverhalten.<\/p>\n<p><strong>\u2713<\/strong> Optimiert die Einspritzdosierung &amp; Kraftstoffvernebelung im Motor<br \/>\n<strong>\u2713<\/strong> Startverhalten &amp; Motorleistung werden verbessert<br \/>\n<strong>\u2713<\/strong> Ablagerungen im gesamten Benzin-Einspritzsystem werden entfernt<br \/>\n<strong>\u2713<\/strong> Verl\u00e4ngert die Lebensdauer des Motors &amp; sorgt f\u00fcr weicheren Lauf<br \/>\n<strong>\u2713<\/strong> Geeignet f\u00fcr alle Ottomotoren mit Benzin-Einspritzsystem<\/p>","protected":false},"excerpt":{"rendered":"<p>Der INOX\u00ae Ventil- und Einspritzd\u00fcsenreiniger sorgt f\u00fcr eine gr\u00fcndliche Reinigung und Optimierung des Benzin-Einspritzsystems. Das Additiv entfernt zuverl\u00e4ssig Ablagerungen, verbessert die Kraftstoffvernebelung und stellt eine gleichm\u00e4\u00dfige Einspritzdosierung sicher. Erh\u00f6hen Sie die Lebensdauer Ihres Motors, genie\u00dfen Sie einen weicheren Motorlauf und profitieren Sie von einem sp\u00fcrbar verbesserten Startverhalten. \u2713 Optimiert die Einspritzdosierung &amp; Kraftstoffvernebelung im Motor [&hellip;]<\/p>","protected":false},"featured_media":1724,"comment_status":"open","ping_status":"closed","template":"","meta":[],"product_brand":[],"product_cat":[22,31],"product_tag":[],"class_list":{"0":"post-384","1":"product","2":"type-product","3":"status-publish","4":"has-post-thumbnail","6":"product_cat-additive","7":"product_cat-additive-benzinsysteme","9":"first","10":"instock","11":"shipping-taxable","12":"product-type-simple"},"_links":{"self":[{"href":"https:\/\/inox-vertrieb.de\/en\/wp-json\/wp\/v2\/product\/384","targetHints":{"allow":["GET"]}}],"collection":[{"href":"https:\/\/inox-vertrieb.de\/en\/wp-json\/wp\/v2\/product"}],"about":[{"href":"https:\/\/inox-vertrieb.de\/en\/wp-json\/wp\/v2\/types\/product"}],"replies":[{"embeddable":true,"href":"https:\/\/inox-vertrieb.de\/en\/wp-json\/wp\/v2\/comments?post=384"}],"wp:featuredmedia":[{"embeddable":true,"href":"https:\/\/inox-vertrieb.de\/en\/wp-json\/wp\/v2\/media\/1724"}],"wp:attachment":[{"href":"https:\/\/inox-vertrieb.de\/en\/wp-json\/wp\/v2\/media?parent=384"}],"wp:term":[{"taxonomy":"product_brand","embeddable":true,"href":"https:\/\/inox-vertrieb.de\/en\/wp-json\/wp\/v2\/product_brand?post=384"},{"taxonomy":"product_cat","embeddable":true,"href":"https:\/\/inox-vertrieb.de\/en\/wp-json\/wp\/v2\/product_cat?post=384"},{"taxonomy":"product_tag","embeddable":true,"href":"https:\/\/inox-vertrieb.de\/en\/wp-json\/wp\/v2\/product_tag?post=384"}],"curies":[{"name":"wp","href":"https:\/\/api.w.org\/{rel}","templated":true}]}}