{"id":382,"date":"2025-04-23T11:06:31","date_gmt":"2025-04-23T11:06:31","guid":{"rendered":"https:\/\/pakhelper.com\/inox\/?post_type=product&#038;p=382"},"modified":"2025-04-23T11:06:31","modified_gmt":"2025-04-23T11:06:31","slug":"inox-benzin-power","status":"publish","type":"product","link":"https:\/\/inox-vertrieb.de\/en\/product\/inox-benzin-power\/","title":{"rendered":"INOX Benzin Power"},"content":{"rendered":"<p>INOX Benzin Power ist geeignet f\u00fcr alle Normal- und Superbenziner. Er l\u00f6st Verschmutzungen und Verharzungen im gesamten Kraftstoffsystem und entfernt zuverl\u00e4ssig alle Verkohlungsr\u00fcckst\u00e4nde und Ru\u00dfablagerungen. Die Lebensdauer des Motors wird erh\u00f6ht.<\/p>\n<ul>\n<li>l\u00f6st Verschmutzungen und Verharzungen im gesamten Kraftstoffsystem<\/li>\n<li>saubere Verbrennung mehr Benzinpower<\/li>\n<li>f\u00fcr alle Normal- und Superbenziner<\/li>\n<li>entfernt zuverl\u00e4ssig alle Verkohlungsr\u00fcckst\u00e4nde und Ru\u00dfablagerungen<\/li>\n<li>sichert eine saubere und kraftvolle Verbrennung<\/li>\n<li>reguliert den PH-Wert im Kraftstoffsystem<\/li>\n<li>verbessert die Abgaswerte<\/li>\n<li>entfernt Feuchtigkeit und Kondenswasser aus dem gesamten Kraftstoffsystem<\/li>\n<li>schmiert und sch\u00fctzt den oberen Zylinderbereich<\/li>\n<li>erh\u00f6ht die Lebensdauer des Motors<\/li>\n<\/ul>","protected":false},"excerpt":{"rendered":"<p>INOX Benzin Power ist geeignet f\u00fcr alle Normal- und Superbenziner. Er l\u00f6st Verschmutzungen und Verharzungen im gesamten Kraftstoffsystem und entfernt zuverl\u00e4ssig alle Verkohlungsr\u00fcckst\u00e4nde und Ru\u00dfablagerungen. Die Lebensdauer des Motors wird erh\u00f6ht. l\u00f6st Verschmutzungen und Verharzungen im gesamten Kraftstoffsystem saubere Verbrennung mehr Benzinpower f\u00fcr alle Normal- und Superbenziner entfernt zuverl\u00e4ssig alle Verkohlungsr\u00fcckst\u00e4nde und Ru\u00dfablagerungen sichert eine [&hellip;]<\/p>","protected":false},"featured_media":383,"comment_status":"open","ping_status":"closed","template":"","meta":[],"product_brand":[],"product_cat":[22,31],"product_tag":[],"class_list":{"0":"post-382","1":"product","2":"type-product","3":"status-publish","4":"has-post-thumbnail","6":"product_cat-additive","7":"product_cat-additive-benzinsysteme","9":"first","10":"instock","11":"shipping-taxable","12":"product-type-simple"},"_links":{"self":[{"href":"https:\/\/inox-vertrieb.de\/en\/wp-json\/wp\/v2\/product\/382","targetHints":{"allow":["GET"]}}],"collection":[{"href":"https:\/\/inox-vertrieb.de\/en\/wp-json\/wp\/v2\/product"}],"about":[{"href":"https:\/\/inox-vertrieb.de\/en\/wp-json\/wp\/v2\/types\/product"}],"replies":[{"embeddable":true,"href":"https:\/\/inox-vertrieb.de\/en\/wp-json\/wp\/v2\/comments?post=382"}],"wp:featuredmedia":[{"embeddable":true,"href":"https:\/\/inox-vertrieb.de\/en\/wp-json\/wp\/v2\/media\/383"}],"wp:attachment":[{"href":"https:\/\/inox-vertrieb.de\/en\/wp-json\/wp\/v2\/media?parent=382"}],"wp:term":[{"taxonomy":"product_brand","embeddable":true,"href":"https:\/\/inox-vertrieb.de\/en\/wp-json\/wp\/v2\/product_brand?post=382"},{"taxonomy":"product_cat","embeddable":true,"href":"https:\/\/inox-vertrieb.de\/en\/wp-json\/wp\/v2\/product_cat?post=382"},{"taxonomy":"product_tag","embeddable":true,"href":"https:\/\/inox-vertrieb.de\/en\/wp-json\/wp\/v2\/product_tag?post=382"}],"curies":[{"name":"wp","href":"https:\/\/api.w.org\/{rel}","templated":true}]}}