{"id":378,"date":"2025-04-23T11:03:29","date_gmt":"2025-04-23T11:03:29","guid":{"rendered":"https:\/\/pakhelper.com\/inox\/?post_type=product&#038;p=378"},"modified":"2026-02-17T12:23:45","modified_gmt":"2026-02-17T12:23:45","slug":"inox-kraftstoffsystemreiniger-2","status":"publish","type":"product","link":"https:\/\/inox-vertrieb.de\/en\/product\/inox-kraftstoffsystemreiniger-2\/","title":{"rendered":"INOX Benzinsystemreiniger"},"content":{"rendered":"<p>Der <strong>INOX\u00ae Kraftstoffsystem Reiniger<\/strong> ist ein leistungsstarkes Additiv, das speziell f\u00fcr alle Benzinmotoren entwickelt wurde. <strong>Es entfernt effektiv Verschmutzungen, Verharzungen und Ru\u00dfablagerungen im gesamten Kraftstoffsystem<\/strong>, w\u00e4hrend es gleichzeitig Feuchtigkeit und Kondenswasser beseitigt.<\/p>\n<p><strong>Durch die Reinigung und Schmierung des Zylinderbereichs tr\u00e4gt der Reiniger zur Verl\u00e4ngerung der Lebensdauer des Motors bei<\/strong> und sorgt f\u00fcr eine optimale Leistung.<\/p>\n<p><strong>\u2713<\/strong> <strong>Effektive Reinigung:<\/strong> Entfernt Verschmutzungen &amp; Verharzungen.<br \/>\n<strong>\u2713<\/strong> <strong>Feuchtigkeitsschutz:<\/strong> Beseitigt Feuchtigkeit &amp; Kondenswasser.<br \/>\n<strong>\u2713<\/strong> <strong>R\u00fcckstandsfreie Verbrennung:<\/strong> Entfernt Verkohlungsr\u00fcckst\u00e4nde &amp; Ru\u00dfablagerungen.<br \/>\n<strong>\u2713<\/strong> <strong>L\u00e4ngere Motorlebensdauer:<\/strong> Schmiert den Zylinderbereich &amp; verl\u00e4ngert die Lebensdauer.<br \/>\n<strong>\u2713<\/strong> <strong>Universell:<\/strong> Geeignet f\u00fcr alle Normal- &amp; Superbenziner.<\/p>","protected":false},"excerpt":{"rendered":"<p>Der INOX\u00ae Kraftstoffsystem Reiniger ist ein leistungsstarkes Additiv, das speziell f\u00fcr alle Benzinmotoren entwickelt wurde. Es entfernt effektiv Verschmutzungen, Verharzungen und Ru\u00dfablagerungen im gesamten Kraftstoffsystem, w\u00e4hrend es gleichzeitig Feuchtigkeit und Kondenswasser beseitigt. Durch die Reinigung und Schmierung des Zylinderbereichs tr\u00e4gt der Reiniger zur Verl\u00e4ngerung der Lebensdauer des Motors bei und sorgt f\u00fcr eine optimale Leistung. [&hellip;]<\/p>","protected":false},"featured_media":1690,"comment_status":"open","ping_status":"closed","template":"","meta":[],"product_brand":[],"product_cat":[22,31],"product_tag":[],"class_list":{"0":"post-378","1":"product","2":"type-product","3":"status-publish","4":"has-post-thumbnail","6":"product_cat-additive","7":"product_cat-additive-benzinsysteme","9":"first","10":"instock","11":"shipping-taxable","12":"product-type-simple"},"_links":{"self":[{"href":"https:\/\/inox-vertrieb.de\/en\/wp-json\/wp\/v2\/product\/378","targetHints":{"allow":["GET"]}}],"collection":[{"href":"https:\/\/inox-vertrieb.de\/en\/wp-json\/wp\/v2\/product"}],"about":[{"href":"https:\/\/inox-vertrieb.de\/en\/wp-json\/wp\/v2\/types\/product"}],"replies":[{"embeddable":true,"href":"https:\/\/inox-vertrieb.de\/en\/wp-json\/wp\/v2\/comments?post=378"}],"wp:featuredmedia":[{"embeddable":true,"href":"https:\/\/inox-vertrieb.de\/en\/wp-json\/wp\/v2\/media\/1690"}],"wp:attachment":[{"href":"https:\/\/inox-vertrieb.de\/en\/wp-json\/wp\/v2\/media?parent=378"}],"wp:term":[{"taxonomy":"product_brand","embeddable":true,"href":"https:\/\/inox-vertrieb.de\/en\/wp-json\/wp\/v2\/product_brand?post=378"},{"taxonomy":"product_cat","embeddable":true,"href":"https:\/\/inox-vertrieb.de\/en\/wp-json\/wp\/v2\/product_cat?post=378"},{"taxonomy":"product_tag","embeddable":true,"href":"https:\/\/inox-vertrieb.de\/en\/wp-json\/wp\/v2\/product_tag?post=378"}],"curies":[{"name":"wp","href":"https:\/\/api.w.org\/{rel}","templated":true}]}}