{"id":367,"date":"2025-04-23T10:22:37","date_gmt":"2025-04-23T10:22:37","guid":{"rendered":"https:\/\/pakhelper.com\/inox\/?post_type=product&#038;p=367"},"modified":"2026-04-13T19:11:51","modified_gmt":"2026-04-13T19:11:51","slug":"inox-hochleistungs-dieselpartiklefilterreiniger","status":"publish","type":"product","link":"https:\/\/inox-vertrieb.de\/en\/product\/inox-hochleistungs-dieselpartiklefilterreiniger\/","title":{"rendered":"INOX Dieselpartiklefilterreiniger"},"content":{"rendered":"<div class=\"textproduct\">\n<p>Der <strong>INOX\u00ae Hochwirksamer Dieselpartikelfilter Reiniger<\/strong> ist ein effektives Additiv f\u00fcr die Reinigung und Pflege von Dieselpartikelfiltern (DPF) in allen Dieselmotoren. Dieses Additiv verringert die Z\u00fcndtemperatur und reduziert die Ru\u00dfansammlung im DPF, was zu einer effizienteren Verbrennung und l\u00e4ngeren Lebensdauer des Filters f\u00fchrt.<\/p>\n<p>Der Dieselpartikelfilter Reiniger ist einfach in der Anwendung und kann vor jeder Betankung dem Diesel hinzugef\u00fcgt werden.<\/p>\n<div class=\"a-section a-spacing-mini\">\n<p>\u2713 <strong>Einfache Reinigung<\/strong>: Reinigt den Dieselpartikelfilter (DPF) mit jeder Tankf\u00fcllung.<br \/>\n\u2713 <strong>Hohe Effizienz<\/strong>: Verringert die Z\u00fcndtemperatur und reduziert die Ru\u00dfansammlung.<br \/>\n\u2713 <strong>Geringere Werkstattkosten<\/strong>: Verl\u00e4ngert die Lebensdauer des DPF und reduziert den Kraftstoffverbrauch.<br \/>\n\u2713 <strong>F\u00fcr alle Dieselmotoren geeignet<\/strong>: Universell dank spezieller Formel.<\/p>\n<p><strong>Anwendung:<\/strong> Dosierungsvorschrift genau beachten! Unmittelbar vor dem Volltanken den Dieselkraftstoff zugeben. Anwendung alle 3 Monate. Nicht \u00fcberdosieren! 250 ml f\u00fcr 60 Liter Diesel. Wirkt w\u00e4hrend des Fahrbetriebes.<\/p>\n<p><strong>Inhaltsstoffe: <\/strong>Kohlenwasserstoffe, C10-C13, n-Alkane, Isoalkane, Cycloalkane, &lt;2% Aromaten<\/p>\n<p><strong>Warnhinweise:<\/strong><\/p>\n<ul>\n<li>Gesundheitssch\u00e4dlich bei Verschlucken und Eindringen in die Atemwege.<\/li>\n<li>Darf nicht in die H\u00e4nde von Kindern gelangen.<\/li>\n<li>Bei Verschlucken: Sofort Giftinformationszentrum oder Arzt anrufen.<\/li>\n<\/ul>\n<\/div>\n<\/div>","protected":false},"excerpt":{"rendered":"<p>Der INOX\u00ae Hochwirksamer Dieselpartikelfilter Reiniger ist ein effektives Additiv f\u00fcr die Reinigung und Pflege von Dieselpartikelfiltern (DPF) in allen Dieselmotoren. Dieses Additiv verringert die Z\u00fcndtemperatur und reduziert die Ru\u00dfansammlung im DPF, was zu einer effizienteren Verbrennung und l\u00e4ngeren Lebensdauer des Filters f\u00fchrt. Der Dieselpartikelfilter Reiniger ist einfach in der Anwendung und kann vor jeder Betankung [&hellip;]<\/p>","protected":false},"featured_media":1780,"comment_status":"open","ping_status":"closed","template":"","meta":[],"product_brand":[],"product_cat":[22,30],"product_tag":[],"class_list":{"0":"post-367","1":"product","2":"type-product","3":"status-publish","4":"has-post-thumbnail","6":"product_cat-additive","7":"product_cat-additive-dieselsysteme","9":"first","10":"instock","11":"shipping-taxable","12":"product-type-simple"},"_links":{"self":[{"href":"https:\/\/inox-vertrieb.de\/en\/wp-json\/wp\/v2\/product\/367","targetHints":{"allow":["GET"]}}],"collection":[{"href":"https:\/\/inox-vertrieb.de\/en\/wp-json\/wp\/v2\/product"}],"about":[{"href":"https:\/\/inox-vertrieb.de\/en\/wp-json\/wp\/v2\/types\/product"}],"replies":[{"embeddable":true,"href":"https:\/\/inox-vertrieb.de\/en\/wp-json\/wp\/v2\/comments?post=367"}],"wp:featuredmedia":[{"embeddable":true,"href":"https:\/\/inox-vertrieb.de\/en\/wp-json\/wp\/v2\/media\/1780"}],"wp:attachment":[{"href":"https:\/\/inox-vertrieb.de\/en\/wp-json\/wp\/v2\/media?parent=367"}],"wp:term":[{"taxonomy":"product_brand","embeddable":true,"href":"https:\/\/inox-vertrieb.de\/en\/wp-json\/wp\/v2\/product_brand?post=367"},{"taxonomy":"product_cat","embeddable":true,"href":"https:\/\/inox-vertrieb.de\/en\/wp-json\/wp\/v2\/product_cat?post=367"},{"taxonomy":"product_tag","embeddable":true,"href":"https:\/\/inox-vertrieb.de\/en\/wp-json\/wp\/v2\/product_tag?post=367"}],"curies":[{"name":"wp","href":"https:\/\/api.w.org\/{rel}","templated":true}]}}