{"id":363,"date":"2025-04-23T10:21:29","date_gmt":"2025-04-23T10:21:29","guid":{"rendered":"https:\/\/pakhelper.com\/inox\/?post_type=product&#038;p=363"},"modified":"2025-04-23T10:25:53","modified_gmt":"2025-04-23T10:25:53","slug":"inox-diesel-anti-rus","status":"publish","type":"product","link":"https:\/\/inox-vertrieb.de\/en\/product\/inox-diesel-anti-rus\/","title":{"rendered":"INOX Diesel Anti-Ru\u00df"},"content":{"rendered":"<div class=\"textproduct\">\n<p>INOX Diesel Anti Ru\u00df Stop reduziert drastisch die Ru\u00dfbildung und unerw\u00fcnschte Nagelger\u00e4usche bei allen station\u00e4ren und mobilen Dieselmotoren. Es garantiert eine optimale Schmierung aller beweglichen Teile des Dieselsystems. INOX Diesel Anti Ru\u00df sichert eine saubere und kraftvolle Verbrennung und sch\u00fctzt so vor Korrosion.<\/p>\n<\/div>","protected":false},"excerpt":{"rendered":"<p>INOX Diesel Anti Ru\u00df Stop reduziert drastisch die Ru\u00dfbildung und unerw\u00fcnschte Nagelger\u00e4usche bei allen station\u00e4ren und mobilen Dieselmotoren. Es garantiert eine optimale Schmierung aller beweglichen Teile des Dieselsystems. INOX Diesel Anti Ru\u00df sichert eine saubere und kraftvolle Verbrennung und sch\u00fctzt so vor Korrosion.<\/p>","protected":false},"featured_media":364,"comment_status":"open","ping_status":"closed","template":"","meta":[],"product_brand":[],"product_cat":[22,30],"product_tag":[],"class_list":{"0":"post-363","1":"product","2":"type-product","3":"status-publish","4":"has-post-thumbnail","6":"product_cat-additive","7":"product_cat-additive-dieselsysteme","9":"first","10":"instock","11":"shipping-taxable","12":"product-type-simple"},"_links":{"self":[{"href":"https:\/\/inox-vertrieb.de\/en\/wp-json\/wp\/v2\/product\/363","targetHints":{"allow":["GET"]}}],"collection":[{"href":"https:\/\/inox-vertrieb.de\/en\/wp-json\/wp\/v2\/product"}],"about":[{"href":"https:\/\/inox-vertrieb.de\/en\/wp-json\/wp\/v2\/types\/product"}],"replies":[{"embeddable":true,"href":"https:\/\/inox-vertrieb.de\/en\/wp-json\/wp\/v2\/comments?post=363"}],"wp:featuredmedia":[{"embeddable":true,"href":"https:\/\/inox-vertrieb.de\/en\/wp-json\/wp\/v2\/media\/364"}],"wp:attachment":[{"href":"https:\/\/inox-vertrieb.de\/en\/wp-json\/wp\/v2\/media?parent=363"}],"wp:term":[{"taxonomy":"product_brand","embeddable":true,"href":"https:\/\/inox-vertrieb.de\/en\/wp-json\/wp\/v2\/product_brand?post=363"},{"taxonomy":"product_cat","embeddable":true,"href":"https:\/\/inox-vertrieb.de\/en\/wp-json\/wp\/v2\/product_cat?post=363"},{"taxonomy":"product_tag","embeddable":true,"href":"https:\/\/inox-vertrieb.de\/en\/wp-json\/wp\/v2\/product_tag?post=363"}],"curies":[{"name":"wp","href":"https:\/\/api.w.org\/{rel}","templated":true}]}}