{"id":359,"date":"2025-04-23T10:20:17","date_gmt":"2025-04-23T10:20:17","guid":{"rendered":"https:\/\/pakhelper.com\/inox\/?post_type=product&#038;p=359"},"modified":"2025-04-23T10:25:47","modified_gmt":"2025-04-23T10:25:47","slug":"inox-common-rail-dieselsystemreinigung","status":"publish","type":"product","link":"https:\/\/inox-vertrieb.de\/en\/product\/inox-common-rail-dieselsystemreinigung\/","title":{"rendered":"INOX Common-Rail Dieselsystemreinigung"},"content":{"rendered":"<div class=\"textproduct\">\n<p>INOX Common Rail Dieselsystemreiniger &amp; Schutz ist speziell f\u00fcr alle Hochdruck- Dieselsysteme und Direkteinspritzer, wie z. B. Common-Rail, Pumpe-D\u00fcse, etc. entwickeltes und f\u00fcr die spezifischen Anforderungen abgestimmtes Hochtechnologie-Produkt neuester Generation. Entfernt zuverl\u00e4ssig und nachhaltig Verschmutzungen im gesamten System und sorgt f\u00fcr eine optimale Zerst\u00e4ubung und besten Wirkungsgrad des Dieselkraftstoffes.<\/p>\n<\/div>","protected":false},"excerpt":{"rendered":"<p>INOX Common Rail Dieselsystemreiniger &amp; Schutz ist speziell f\u00fcr alle Hochdruck- Dieselsysteme und Direkteinspritzer, wie z. B. Common-Rail, Pumpe-D\u00fcse, etc. entwickeltes und f\u00fcr die spezifischen Anforderungen abgestimmtes Hochtechnologie-Produkt neuester Generation. Entfernt zuverl\u00e4ssig und nachhaltig Verschmutzungen im gesamten System und sorgt f\u00fcr eine optimale Zerst\u00e4ubung und besten Wirkungsgrad des Dieselkraftstoffes.<\/p>","protected":false},"featured_media":360,"comment_status":"open","ping_status":"closed","template":"","meta":[],"product_brand":[],"product_cat":[22,30],"product_tag":[],"class_list":{"0":"post-359","1":"product","2":"type-product","3":"status-publish","4":"has-post-thumbnail","6":"product_cat-additive","7":"product_cat-additive-dieselsysteme","9":"first","10":"instock","11":"shipping-taxable","12":"product-type-simple"},"_links":{"self":[{"href":"https:\/\/inox-vertrieb.de\/en\/wp-json\/wp\/v2\/product\/359","targetHints":{"allow":["GET"]}}],"collection":[{"href":"https:\/\/inox-vertrieb.de\/en\/wp-json\/wp\/v2\/product"}],"about":[{"href":"https:\/\/inox-vertrieb.de\/en\/wp-json\/wp\/v2\/types\/product"}],"replies":[{"embeddable":true,"href":"https:\/\/inox-vertrieb.de\/en\/wp-json\/wp\/v2\/comments?post=359"}],"wp:featuredmedia":[{"embeddable":true,"href":"https:\/\/inox-vertrieb.de\/en\/wp-json\/wp\/v2\/media\/360"}],"wp:attachment":[{"href":"https:\/\/inox-vertrieb.de\/en\/wp-json\/wp\/v2\/media?parent=359"}],"wp:term":[{"taxonomy":"product_brand","embeddable":true,"href":"https:\/\/inox-vertrieb.de\/en\/wp-json\/wp\/v2\/product_brand?post=359"},{"taxonomy":"product_cat","embeddable":true,"href":"https:\/\/inox-vertrieb.de\/en\/wp-json\/wp\/v2\/product_cat?post=359"},{"taxonomy":"product_tag","embeddable":true,"href":"https:\/\/inox-vertrieb.de\/en\/wp-json\/wp\/v2\/product_tag?post=359"}],"curies":[{"name":"wp","href":"https:\/\/api.w.org\/{rel}","templated":true}]}}