{"id":357,"date":"2025-04-23T10:19:45","date_gmt":"2025-04-23T10:19:45","guid":{"rendered":"https:\/\/pakhelper.com\/inox\/?post_type=product&#038;p=357"},"modified":"2025-04-23T10:25:39","modified_gmt":"2025-04-23T10:25:39","slug":"inox-diesel-power","status":"publish","type":"product","link":"https:\/\/inox-vertrieb.de\/en\/product\/inox-diesel-power\/","title":{"rendered":"INOX Diesel Power"},"content":{"rendered":"<div class=\"textproduct\">\n<p>INOX\u00ae Diesel Power ist f\u00fcr alle Dieselmotoren geeignet und sichert eine saubere und kraftvolle Verbrennung. Dadurch reduziert sich die Ru\u00dfbildung und unerw\u00fcnschte Nagelger\u00e4uche. Das Kaltstartverhalten wird optimiert. INOX\u00ae Diesel Power sorgt f\u00fcr eine hervorragende Schmierung aller beweglichen Teile des Dieselsystems.<\/p>\n<\/div>","protected":false},"excerpt":{"rendered":"<p>INOX\u00ae Diesel Power ist f\u00fcr alle Dieselmotoren geeignet und sichert eine saubere und kraftvolle Verbrennung. Dadurch reduziert sich die Ru\u00dfbildung und unerw\u00fcnschte Nagelger\u00e4uche. Das Kaltstartverhalten wird optimiert. INOX\u00ae Diesel Power sorgt f\u00fcr eine hervorragende Schmierung aller beweglichen Teile des Dieselsystems.<\/p>","protected":false},"featured_media":358,"comment_status":"open","ping_status":"closed","template":"","meta":[],"product_brand":[],"product_cat":[22,30],"product_tag":[],"class_list":{"0":"post-357","1":"product","2":"type-product","3":"status-publish","4":"has-post-thumbnail","6":"product_cat-additive","7":"product_cat-additive-dieselsysteme","9":"first","10":"instock","11":"shipping-taxable","12":"product-type-simple"},"_links":{"self":[{"href":"https:\/\/inox-vertrieb.de\/en\/wp-json\/wp\/v2\/product\/357","targetHints":{"allow":["GET"]}}],"collection":[{"href":"https:\/\/inox-vertrieb.de\/en\/wp-json\/wp\/v2\/product"}],"about":[{"href":"https:\/\/inox-vertrieb.de\/en\/wp-json\/wp\/v2\/types\/product"}],"replies":[{"embeddable":true,"href":"https:\/\/inox-vertrieb.de\/en\/wp-json\/wp\/v2\/comments?post=357"}],"wp:featuredmedia":[{"embeddable":true,"href":"https:\/\/inox-vertrieb.de\/en\/wp-json\/wp\/v2\/media\/358"}],"wp:attachment":[{"href":"https:\/\/inox-vertrieb.de\/en\/wp-json\/wp\/v2\/media?parent=357"}],"wp:term":[{"taxonomy":"product_brand","embeddable":true,"href":"https:\/\/inox-vertrieb.de\/en\/wp-json\/wp\/v2\/product_brand?post=357"},{"taxonomy":"product_cat","embeddable":true,"href":"https:\/\/inox-vertrieb.de\/en\/wp-json\/wp\/v2\/product_cat?post=357"},{"taxonomy":"product_tag","embeddable":true,"href":"https:\/\/inox-vertrieb.de\/en\/wp-json\/wp\/v2\/product_tag?post=357"}],"curies":[{"name":"wp","href":"https:\/\/api.w.org\/{rel}","templated":true}]}}