{"id":348,"date":"2025-04-22T11:12:49","date_gmt":"2025-04-22T11:12:49","guid":{"rendered":"https:\/\/pakhelper.com\/inox\/?post_type=product&#038;p=348"},"modified":"2025-04-22T11:12:49","modified_gmt":"2025-04-22T11:12:49","slug":"inox-kuhlsystemreiniger","status":"publish","type":"product","link":"https:\/\/inox-vertrieb.de\/en\/product\/inox-kuhlsystemreiniger\/","title":{"rendered":"INOX K\u00fchlsystemreiniger"},"content":{"rendered":"<p>INOX K\u00fchlsystemreiniger f\u00fcr Auto Motor u. Boot wird f\u00fcr alle Fahrzeuge, Motorr\u00e4der und Boote empfohlen. Er entfernt kalkhaltige Ablagerungen und sorgt f\u00fcr optimale Motortemperatur und Betriebssicherheit.<\/p>\n<p>Hinweis: Lieferung erfolgt ohne T\u00fclle<\/p>","protected":false},"excerpt":{"rendered":"<p>INOX K\u00fchlsystemreiniger f\u00fcr Auto Motor u. Boot wird f\u00fcr alle Fahrzeuge, Motorr\u00e4der und Boote empfohlen. Er entfernt kalkhaltige Ablagerungen und sorgt f\u00fcr optimale Motortemperatur und Betriebssicherheit. Hinweis: Lieferung erfolgt ohne T\u00fclle<\/p>","protected":false},"featured_media":349,"comment_status":"open","ping_status":"closed","template":"","meta":[],"product_brand":[],"product_cat":[22,28],"product_tag":[],"class_list":{"0":"post-348","1":"product","2":"type-product","3":"status-publish","4":"has-post-thumbnail","6":"product_cat-additive","7":"product_cat-additive-kuhler","9":"first","10":"instock","11":"shipping-taxable","12":"product-type-simple"},"_links":{"self":[{"href":"https:\/\/inox-vertrieb.de\/en\/wp-json\/wp\/v2\/product\/348","targetHints":{"allow":["GET"]}}],"collection":[{"href":"https:\/\/inox-vertrieb.de\/en\/wp-json\/wp\/v2\/product"}],"about":[{"href":"https:\/\/inox-vertrieb.de\/en\/wp-json\/wp\/v2\/types\/product"}],"replies":[{"embeddable":true,"href":"https:\/\/inox-vertrieb.de\/en\/wp-json\/wp\/v2\/comments?post=348"}],"wp:featuredmedia":[{"embeddable":true,"href":"https:\/\/inox-vertrieb.de\/en\/wp-json\/wp\/v2\/media\/349"}],"wp:attachment":[{"href":"https:\/\/inox-vertrieb.de\/en\/wp-json\/wp\/v2\/media?parent=348"}],"wp:term":[{"taxonomy":"product_brand","embeddable":true,"href":"https:\/\/inox-vertrieb.de\/en\/wp-json\/wp\/v2\/product_brand?post=348"},{"taxonomy":"product_cat","embeddable":true,"href":"https:\/\/inox-vertrieb.de\/en\/wp-json\/wp\/v2\/product_cat?post=348"},{"taxonomy":"product_tag","embeddable":true,"href":"https:\/\/inox-vertrieb.de\/en\/wp-json\/wp\/v2\/product_tag?post=348"}],"curies":[{"name":"wp","href":"https:\/\/api.w.org\/{rel}","templated":true}]}}