{"id":342,"date":"2025-04-22T11:08:00","date_gmt":"2025-04-22T11:08:00","guid":{"rendered":"https:\/\/pakhelper.com\/inox\/?post_type=product&#038;p=342"},"modified":"2025-04-22T11:08:00","modified_gmt":"2025-04-22T11:08:00","slug":"inox-ol-anti-smoke-additiv","status":"publish","type":"product","link":"https:\/\/inox-vertrieb.de\/en\/product\/inox-ol-anti-smoke-additiv\/","title":{"rendered":"INOX \u00d6l Anti Smoke Additiv"},"content":{"rendered":"<p>Der INOX\u00ae \u00d6l Anti Smoke wirkt der Rauch- und Ru\u00dfbildung bei allen 4-Takt-, Diesel- und gasbetriebenen Motoren entgegen. Das Produkt gew\u00e4hrleistet eine optimale Schmierung aller beweglichen Teile dadurch l\u00e4uft der Motor ruhiger und die Rauchentwicklung wird verringert. Dadurch wird der Motor laufruhiger, Rauchentwicklung wir reduziert und der Verschlei\u00df verringert.<\/p>\n<p>Hinweis: Lieferung erfolgt ohne T\u00fclle<\/p>","protected":false},"excerpt":{"rendered":"<p>Der INOX\u00ae \u00d6l Anti Smoke wirkt der Rauch- und Ru\u00dfbildung bei allen 4-Takt-, Diesel- und gasbetriebenen Motoren entgegen. Das Produkt gew\u00e4hrleistet eine optimale Schmierung aller beweglichen Teile dadurch l\u00e4uft der Motor ruhiger und die Rauchentwicklung wird verringert. Dadurch wird der Motor laufruhiger, Rauchentwicklung wir reduziert und der Verschlei\u00df verringert. Hinweis: Lieferung erfolgt ohne T\u00fclle<\/p>","protected":false},"featured_media":343,"comment_status":"open","ping_status":"closed","template":"","meta":[],"product_brand":[],"product_cat":[22,27],"product_tag":[],"class_list":{"0":"post-342","1":"product","2":"type-product","3":"status-publish","4":"has-post-thumbnail","6":"product_cat-additive","7":"product_cat-additive-motor","9":"first","10":"instock","11":"shipping-taxable","12":"product-type-simple"},"_links":{"self":[{"href":"https:\/\/inox-vertrieb.de\/en\/wp-json\/wp\/v2\/product\/342","targetHints":{"allow":["GET"]}}],"collection":[{"href":"https:\/\/inox-vertrieb.de\/en\/wp-json\/wp\/v2\/product"}],"about":[{"href":"https:\/\/inox-vertrieb.de\/en\/wp-json\/wp\/v2\/types\/product"}],"replies":[{"embeddable":true,"href":"https:\/\/inox-vertrieb.de\/en\/wp-json\/wp\/v2\/comments?post=342"}],"wp:featuredmedia":[{"embeddable":true,"href":"https:\/\/inox-vertrieb.de\/en\/wp-json\/wp\/v2\/media\/343"}],"wp:attachment":[{"href":"https:\/\/inox-vertrieb.de\/en\/wp-json\/wp\/v2\/media?parent=342"}],"wp:term":[{"taxonomy":"product_brand","embeddable":true,"href":"https:\/\/inox-vertrieb.de\/en\/wp-json\/wp\/v2\/product_brand?post=342"},{"taxonomy":"product_cat","embeddable":true,"href":"https:\/\/inox-vertrieb.de\/en\/wp-json\/wp\/v2\/product_cat?post=342"},{"taxonomy":"product_tag","embeddable":true,"href":"https:\/\/inox-vertrieb.de\/en\/wp-json\/wp\/v2\/product_tag?post=342"}],"curies":[{"name":"wp","href":"https:\/\/api.w.org\/{rel}","templated":true}]}}