{"id":338,"date":"2025-04-22T11:06:35","date_gmt":"2025-04-22T11:06:35","guid":{"rendered":"https:\/\/pakhelper.com\/inox\/?post_type=product&#038;p=338"},"modified":"2025-04-22T11:06:35","modified_gmt":"2025-04-22T11:06:35","slug":"inox-motorinnenreiniger","status":"publish","type":"product","link":"https:\/\/inox-vertrieb.de\/en\/product\/inox-motorinnenreiniger\/","title":{"rendered":"INOX Motorinnenreiniger"},"content":{"rendered":"<p>INOX\u00ae Motorinnenreiniger ist f\u00fcr alle Otto-\/Dieselmotoren, Schalgetriebe und Differentiale geeignet. Es l\u00f6st Verschmutzungen und Verharzungen im gesamten \u00d6l- und Schmierkreislauf. Sch\u00e4dliche Motors\u00e4uren werden neutralisiert und der \u00d6l- und Kraftstoffverbrauch wird reduziert.<br \/>\nINOX\u00ae Motorinnenreiniger sch\u00fctzt das gesamte Motorsystem und erh\u00f6ht die Lebensdauer der Aggregate.<\/p>\n<p>Hinweis: Lieferung erfolgt ohne T\u00fclle<\/p>","protected":false},"excerpt":{"rendered":"<p>INOX\u00ae Motorinnenreiniger ist f\u00fcr alle Otto-\/Dieselmotoren, Schalgetriebe und Differentiale geeignet. Es l\u00f6st Verschmutzungen und Verharzungen im gesamten \u00d6l- und Schmierkreislauf. Sch\u00e4dliche Motors\u00e4uren werden neutralisiert und der \u00d6l- und Kraftstoffverbrauch wird reduziert. INOX\u00ae Motorinnenreiniger sch\u00fctzt das gesamte Motorsystem und erh\u00f6ht die Lebensdauer der Aggregate. Hinweis: Lieferung erfolgt ohne T\u00fclle<\/p>","protected":false},"featured_media":339,"comment_status":"open","ping_status":"closed","template":"","meta":[],"product_brand":[],"product_cat":[22,27],"product_tag":[],"class_list":{"0":"post-338","1":"product","2":"type-product","3":"status-publish","4":"has-post-thumbnail","6":"product_cat-additive","7":"product_cat-additive-motor","9":"first","10":"instock","11":"shipping-taxable","12":"product-type-simple"},"_links":{"self":[{"href":"https:\/\/inox-vertrieb.de\/en\/wp-json\/wp\/v2\/product\/338","targetHints":{"allow":["GET"]}}],"collection":[{"href":"https:\/\/inox-vertrieb.de\/en\/wp-json\/wp\/v2\/product"}],"about":[{"href":"https:\/\/inox-vertrieb.de\/en\/wp-json\/wp\/v2\/types\/product"}],"replies":[{"embeddable":true,"href":"https:\/\/inox-vertrieb.de\/en\/wp-json\/wp\/v2\/comments?post=338"}],"wp:featuredmedia":[{"embeddable":true,"href":"https:\/\/inox-vertrieb.de\/en\/wp-json\/wp\/v2\/media\/339"}],"wp:attachment":[{"href":"https:\/\/inox-vertrieb.de\/en\/wp-json\/wp\/v2\/media?parent=338"}],"wp:term":[{"taxonomy":"product_brand","embeddable":true,"href":"https:\/\/inox-vertrieb.de\/en\/wp-json\/wp\/v2\/product_brand?post=338"},{"taxonomy":"product_cat","embeddable":true,"href":"https:\/\/inox-vertrieb.de\/en\/wp-json\/wp\/v2\/product_cat?post=338"},{"taxonomy":"product_tag","embeddable":true,"href":"https:\/\/inox-vertrieb.de\/en\/wp-json\/wp\/v2\/product_tag?post=338"}],"curies":[{"name":"wp","href":"https:\/\/api.w.org\/{rel}","templated":true}]}}