{"id":336,"date":"2025-04-22T11:02:16","date_gmt":"2025-04-22T11:02:16","guid":{"rendered":"https:\/\/pakhelper.com\/inox\/?post_type=product&#038;p=336"},"modified":"2025-04-22T11:02:16","modified_gmt":"2025-04-22T11:02:16","slug":"inox-nano-motorinnenschutz","status":"publish","type":"product","link":"https:\/\/inox-vertrieb.de\/en\/product\/inox-nano-motorinnenschutz\/","title":{"rendered":"INOX Nano Motorinnenschutz"},"content":{"rendered":"<p>INOX\u00ae Nano Motorinnenschutz ist anwendbar in allen Diesel- und Ottomotoren, sowohl f\u00fcr Common-Rail als auch Pumpe-D\u00fcse und wird empfohlen f\u00fcr Motoren mit Turbo, Kat und Ru\u00dffilter. Das Produkt verbessert die Motorleistung, wirkt ger\u00e4uschreduzierend und sorgt f\u00fcr hochaktiven Verschlei\u00dfschutz sowie f\u00fcr einen sanften und weichen Motorlauf.<\/p>\n<p>Hinweis: Lieferung erfolgt ohne T\u00fclle<\/p>","protected":false},"excerpt":{"rendered":"<p>INOX\u00ae Nano Motorinnenschutz ist anwendbar in allen Diesel- und Ottomotoren, sowohl f\u00fcr Common-Rail als auch Pumpe-D\u00fcse und wird empfohlen f\u00fcr Motoren mit Turbo, Kat und Ru\u00dffilter. Das Produkt verbessert die Motorleistung, wirkt ger\u00e4uschreduzierend und sorgt f\u00fcr hochaktiven Verschlei\u00dfschutz sowie f\u00fcr einen sanften und weichen Motorlauf. Hinweis: Lieferung erfolgt ohne T\u00fclle<\/p>","protected":false},"featured_media":337,"comment_status":"open","ping_status":"closed","template":"","meta":[],"product_brand":[],"product_cat":[22,27],"product_tag":[],"class_list":{"0":"post-336","1":"product","2":"type-product","3":"status-publish","4":"has-post-thumbnail","6":"product_cat-additive","7":"product_cat-additive-motor","9":"first","10":"instock","11":"shipping-taxable","12":"product-type-simple"},"_links":{"self":[{"href":"https:\/\/inox-vertrieb.de\/en\/wp-json\/wp\/v2\/product\/336","targetHints":{"allow":["GET"]}}],"collection":[{"href":"https:\/\/inox-vertrieb.de\/en\/wp-json\/wp\/v2\/product"}],"about":[{"href":"https:\/\/inox-vertrieb.de\/en\/wp-json\/wp\/v2\/types\/product"}],"replies":[{"embeddable":true,"href":"https:\/\/inox-vertrieb.de\/en\/wp-json\/wp\/v2\/comments?post=336"}],"wp:featuredmedia":[{"embeddable":true,"href":"https:\/\/inox-vertrieb.de\/en\/wp-json\/wp\/v2\/media\/337"}],"wp:attachment":[{"href":"https:\/\/inox-vertrieb.de\/en\/wp-json\/wp\/v2\/media?parent=336"}],"wp:term":[{"taxonomy":"product_brand","embeddable":true,"href":"https:\/\/inox-vertrieb.de\/en\/wp-json\/wp\/v2\/product_brand?post=336"},{"taxonomy":"product_cat","embeddable":true,"href":"https:\/\/inox-vertrieb.de\/en\/wp-json\/wp\/v2\/product_cat?post=336"},{"taxonomy":"product_tag","embeddable":true,"href":"https:\/\/inox-vertrieb.de\/en\/wp-json\/wp\/v2\/product_tag?post=336"}],"curies":[{"name":"wp","href":"https:\/\/api.w.org\/{rel}","templated":true}]}}