{"id":334,"date":"2025-04-22T11:01:34","date_gmt":"2025-04-22T11:01:34","guid":{"rendered":"https:\/\/pakhelper.com\/inox\/?post_type=product&#038;p=334"},"modified":"2025-04-22T11:01:34","modified_gmt":"2025-04-22T11:01:34","slug":"inox-ol-verlust-stop","status":"publish","type":"product","link":"https:\/\/inox-vertrieb.de\/en\/product\/inox-ol-verlust-stop\/","title":{"rendered":"INOX \u00d6l Verlust Stop"},"content":{"rendered":"<p>INOX \u00d6l Verlust Stop ist anwendbar in allen Benzin-, Gas- und Dieselmotoren. Der Abrieb und Verschlei\u00df wird erheblich reduziert, was letztendlich zu einer Reduzierung des \u00d6lverbrauches f\u00fchrt. INOX \u00d6l Verlust Stop ist mit allen handels\u00fcblichen \u00d6len mischbar.<\/p>\n<p>Hinweis: Lieferung erfolgt ohne T\u00fclle<\/p>","protected":false},"excerpt":{"rendered":"<p>INOX \u00d6l Verlust Stop ist anwendbar in allen Benzin-, Gas- und Dieselmotoren. Der Abrieb und Verschlei\u00df wird erheblich reduziert, was letztendlich zu einer Reduzierung des \u00d6lverbrauches f\u00fchrt. INOX \u00d6l Verlust Stop ist mit allen handels\u00fcblichen \u00d6len mischbar. Hinweis: Lieferung erfolgt ohne T\u00fclle<\/p>","protected":false},"featured_media":335,"comment_status":"open","ping_status":"closed","template":"","meta":[],"product_brand":[],"product_cat":[22,27],"product_tag":[],"class_list":{"0":"post-334","1":"product","2":"type-product","3":"status-publish","4":"has-post-thumbnail","6":"product_cat-additive","7":"product_cat-additive-motor","9":"first","10":"instock","11":"shipping-taxable","12":"product-type-simple"},"_links":{"self":[{"href":"https:\/\/inox-vertrieb.de\/en\/wp-json\/wp\/v2\/product\/334","targetHints":{"allow":["GET"]}}],"collection":[{"href":"https:\/\/inox-vertrieb.de\/en\/wp-json\/wp\/v2\/product"}],"about":[{"href":"https:\/\/inox-vertrieb.de\/en\/wp-json\/wp\/v2\/types\/product"}],"replies":[{"embeddable":true,"href":"https:\/\/inox-vertrieb.de\/en\/wp-json\/wp\/v2\/comments?post=334"}],"wp:featuredmedia":[{"embeddable":true,"href":"https:\/\/inox-vertrieb.de\/en\/wp-json\/wp\/v2\/media\/335"}],"wp:attachment":[{"href":"https:\/\/inox-vertrieb.de\/en\/wp-json\/wp\/v2\/media?parent=334"}],"wp:term":[{"taxonomy":"product_brand","embeddable":true,"href":"https:\/\/inox-vertrieb.de\/en\/wp-json\/wp\/v2\/product_brand?post=334"},{"taxonomy":"product_cat","embeddable":true,"href":"https:\/\/inox-vertrieb.de\/en\/wp-json\/wp\/v2\/product_cat?post=334"},{"taxonomy":"product_tag","embeddable":true,"href":"https:\/\/inox-vertrieb.de\/en\/wp-json\/wp\/v2\/product_tag?post=334"}],"curies":[{"name":"wp","href":"https:\/\/api.w.org\/{rel}","templated":true}]}}