{"id":332,"date":"2025-04-22T11:00:50","date_gmt":"2025-04-22T11:00:50","guid":{"rendered":"https:\/\/pakhelper.com\/inox\/?post_type=product&#038;p=332"},"modified":"2025-04-22T11:00:50","modified_gmt":"2025-04-22T11:00:50","slug":"inox-hydrostoselreinigung-schutz","status":"publish","type":"product","link":"https:\/\/inox-vertrieb.de\/en\/product\/inox-hydrostoselreinigung-schutz\/","title":{"rendered":"INOX Hydrost\u00f6\u00dfelreinigung &#038; Schutz"},"content":{"rendered":"<p>INOX\u00ae Hydrost\u00f6\u00dfel Care ist einsetzbar in allen Benzin- und Dieselmotoren, reinigt die hydraulischen Ventilst\u00f6\u00dfel und beseitigt unangenehme Klapperger\u00e4usche. Es sorgt f\u00fcr eine optimale Funktion der Hydrost\u00f6\u00dfel, weniger Verschlei\u00df und verbessertes Kaltstartverhalten.<\/p>\n<p>Hinweis: Lieferung erfolgt ohne T\u00fclle<\/p>","protected":false},"excerpt":{"rendered":"<p>INOX\u00ae Hydrost\u00f6\u00dfel Care ist einsetzbar in allen Benzin- und Dieselmotoren, reinigt die hydraulischen Ventilst\u00f6\u00dfel und beseitigt unangenehme Klapperger\u00e4usche. Es sorgt f\u00fcr eine optimale Funktion der Hydrost\u00f6\u00dfel, weniger Verschlei\u00df und verbessertes Kaltstartverhalten. Hinweis: Lieferung erfolgt ohne T\u00fclle<\/p>","protected":false},"featured_media":333,"comment_status":"open","ping_status":"closed","template":"","meta":[],"product_brand":[],"product_cat":[22,27],"product_tag":[],"class_list":{"0":"post-332","1":"product","2":"type-product","3":"status-publish","4":"has-post-thumbnail","6":"product_cat-additive","7":"product_cat-additive-motor","9":"first","10":"instock","11":"shipping-taxable","12":"product-type-simple"},"_links":{"self":[{"href":"https:\/\/inox-vertrieb.de\/en\/wp-json\/wp\/v2\/product\/332","targetHints":{"allow":["GET"]}}],"collection":[{"href":"https:\/\/inox-vertrieb.de\/en\/wp-json\/wp\/v2\/product"}],"about":[{"href":"https:\/\/inox-vertrieb.de\/en\/wp-json\/wp\/v2\/types\/product"}],"replies":[{"embeddable":true,"href":"https:\/\/inox-vertrieb.de\/en\/wp-json\/wp\/v2\/comments?post=332"}],"wp:featuredmedia":[{"embeddable":true,"href":"https:\/\/inox-vertrieb.de\/en\/wp-json\/wp\/v2\/media\/333"}],"wp:attachment":[{"href":"https:\/\/inox-vertrieb.de\/en\/wp-json\/wp\/v2\/media?parent=332"}],"wp:term":[{"taxonomy":"product_brand","embeddable":true,"href":"https:\/\/inox-vertrieb.de\/en\/wp-json\/wp\/v2\/product_brand?post=332"},{"taxonomy":"product_cat","embeddable":true,"href":"https:\/\/inox-vertrieb.de\/en\/wp-json\/wp\/v2\/product_cat?post=332"},{"taxonomy":"product_tag","embeddable":true,"href":"https:\/\/inox-vertrieb.de\/en\/wp-json\/wp\/v2\/product_tag?post=332"}],"curies":[{"name":"wp","href":"https:\/\/api.w.org\/{rel}","templated":true}]}}