{"id":328,"date":"2025-04-22T10:59:23","date_gmt":"2025-04-22T10:59:23","guid":{"rendered":"https:\/\/pakhelper.com\/inox\/?post_type=product&#038;p=328"},"modified":"2025-04-22T10:59:23","modified_gmt":"2025-04-22T10:59:23","slug":"inox-automatikgetriebeschutz","status":"publish","type":"product","link":"https:\/\/inox-vertrieb.de\/en\/product\/inox-automatikgetriebeschutz\/","title":{"rendered":"INOX Automatikgetriebeschutz"},"content":{"rendered":"<p>INOX Automatikgetriebeschutz reduziert die Reibung und unterst\u00fctzt den Erhalt von Dichtungen und Dichtungsringen. Daraus resultieren ein sanfteres Schalten und die Verl\u00e4ngerung der Lebensdauer. INOX Automatikgetriebeschutz verz\u00f6gert die erneute Ablagerung von Harzen und \u00e4hnlichen Verschmutzungen.<\/p>\n<p>Hinweis: Lieferung erfolgt ohne T\u00fclle<\/p>","protected":false},"excerpt":{"rendered":"<p>INOX Automatikgetriebeschutz reduziert die Reibung und unterst\u00fctzt den Erhalt von Dichtungen und Dichtungsringen. Daraus resultieren ein sanfteres Schalten und die Verl\u00e4ngerung der Lebensdauer. INOX Automatikgetriebeschutz verz\u00f6gert die erneute Ablagerung von Harzen und \u00e4hnlichen Verschmutzungen. Hinweis: Lieferung erfolgt ohne T\u00fclle<\/p>","protected":false},"featured_media":329,"comment_status":"open","ping_status":"closed","template":"","meta":[],"product_brand":[],"product_cat":[22,26],"product_tag":[],"class_list":{"0":"post-328","1":"product","2":"type-product","3":"status-publish","4":"has-post-thumbnail","6":"product_cat-additive","7":"product_cat-additive-automatikgetriebe","9":"first","10":"instock","11":"shipping-taxable","12":"product-type-simple"},"_links":{"self":[{"href":"https:\/\/inox-vertrieb.de\/en\/wp-json\/wp\/v2\/product\/328","targetHints":{"allow":["GET"]}}],"collection":[{"href":"https:\/\/inox-vertrieb.de\/en\/wp-json\/wp\/v2\/product"}],"about":[{"href":"https:\/\/inox-vertrieb.de\/en\/wp-json\/wp\/v2\/types\/product"}],"replies":[{"embeddable":true,"href":"https:\/\/inox-vertrieb.de\/en\/wp-json\/wp\/v2\/comments?post=328"}],"wp:featuredmedia":[{"embeddable":true,"href":"https:\/\/inox-vertrieb.de\/en\/wp-json\/wp\/v2\/media\/329"}],"wp:attachment":[{"href":"https:\/\/inox-vertrieb.de\/en\/wp-json\/wp\/v2\/media?parent=328"}],"wp:term":[{"taxonomy":"product_brand","embeddable":true,"href":"https:\/\/inox-vertrieb.de\/en\/wp-json\/wp\/v2\/product_brand?post=328"},{"taxonomy":"product_cat","embeddable":true,"href":"https:\/\/inox-vertrieb.de\/en\/wp-json\/wp\/v2\/product_cat?post=328"},{"taxonomy":"product_tag","embeddable":true,"href":"https:\/\/inox-vertrieb.de\/en\/wp-json\/wp\/v2\/product_tag?post=328"}],"curies":[{"name":"wp","href":"https:\/\/api.w.org\/{rel}","templated":true}]}}