{"id":326,"date":"2025-04-22T10:58:43","date_gmt":"2025-04-22T10:58:43","guid":{"rendered":"https:\/\/pakhelper.com\/inox\/?post_type=product&#038;p=326"},"modified":"2025-04-22T10:58:43","modified_gmt":"2025-04-22T10:58:43","slug":"inox-automatikgetriebe-reiniger","status":"publish","type":"product","link":"https:\/\/inox-vertrieb.de\/en\/product\/inox-automatikgetriebe-reiniger\/","title":{"rendered":"INOX Automatikgetriebe Reiniger"},"content":{"rendered":"<p>INOX Automatikgetriebe Reiniger dient der Reinigung f\u00fcr alle Fahrzeuge mit Automatikgetriebe. Verschmutzungen l\u00f6sen sich vollst\u00e4ndig auf. Es wirkt ger\u00e4uschreduzierend und gew\u00e4hrleistet einen sicheren und leichtg\u00e4ngigen Getriebelauf. Das Schaltverhalten optimiert sich.<\/p>\n<p>Hinweis: Lieferung erfolgt ohne T\u00fclle<\/p>","protected":false},"excerpt":{"rendered":"<p>INOX Automatikgetriebe Reiniger dient der Reinigung f\u00fcr alle Fahrzeuge mit Automatikgetriebe. Verschmutzungen l\u00f6sen sich vollst\u00e4ndig auf. Es wirkt ger\u00e4uschreduzierend und gew\u00e4hrleistet einen sicheren und leichtg\u00e4ngigen Getriebelauf. Das Schaltverhalten optimiert sich. Hinweis: Lieferung erfolgt ohne T\u00fclle<\/p>","protected":false},"featured_media":327,"comment_status":"open","ping_status":"closed","template":"","meta":[],"product_brand":[],"product_cat":[22,26],"product_tag":[],"class_list":{"0":"post-326","1":"product","2":"type-product","3":"status-publish","4":"has-post-thumbnail","6":"product_cat-additive","7":"product_cat-additive-automatikgetriebe","9":"first","10":"instock","11":"shipping-taxable","12":"product-type-simple"},"_links":{"self":[{"href":"https:\/\/inox-vertrieb.de\/en\/wp-json\/wp\/v2\/product\/326","targetHints":{"allow":["GET"]}}],"collection":[{"href":"https:\/\/inox-vertrieb.de\/en\/wp-json\/wp\/v2\/product"}],"about":[{"href":"https:\/\/inox-vertrieb.de\/en\/wp-json\/wp\/v2\/types\/product"}],"replies":[{"embeddable":true,"href":"https:\/\/inox-vertrieb.de\/en\/wp-json\/wp\/v2\/comments?post=326"}],"wp:featuredmedia":[{"embeddable":true,"href":"https:\/\/inox-vertrieb.de\/en\/wp-json\/wp\/v2\/media\/327"}],"wp:attachment":[{"href":"https:\/\/inox-vertrieb.de\/en\/wp-json\/wp\/v2\/media?parent=326"}],"wp:term":[{"taxonomy":"product_brand","embeddable":true,"href":"https:\/\/inox-vertrieb.de\/en\/wp-json\/wp\/v2\/product_brand?post=326"},{"taxonomy":"product_cat","embeddable":true,"href":"https:\/\/inox-vertrieb.de\/en\/wp-json\/wp\/v2\/product_cat?post=326"},{"taxonomy":"product_tag","embeddable":true,"href":"https:\/\/inox-vertrieb.de\/en\/wp-json\/wp\/v2\/product_tag?post=326"}],"curies":[{"name":"wp","href":"https:\/\/api.w.org\/{rel}","templated":true}]}}