{"id":320,"date":"2025-04-22T10:55:39","date_gmt":"2025-04-22T10:55:39","guid":{"rendered":"https:\/\/pakhelper.com\/inox\/?post_type=product&#038;p=320"},"modified":"2025-04-22T10:55:39","modified_gmt":"2025-04-22T10:55:39","slug":"inox-kraftstoffsystemreiniger-hybrid","status":"publish","type":"product","link":"https:\/\/inox-vertrieb.de\/en\/product\/inox-kraftstoffsystemreiniger-hybrid\/","title":{"rendered":"INOX Kraftstoffsystemreiniger Hybrid"},"content":{"rendered":"<div class=\"textproduct\">\n<p>Der\u00a0<strong>INOX\u00ae Kraftstoffsystemreinigung Hybrid<\/strong>\u00a0ist anwendbar f\u00fcr alle Hybridfahrzeuge mit Ottomotor. Verschmutzungen und Kondenswasser sowie Feuchtigkeit, die aufgrund des typisch unregelm\u00e4\u00dfigen Kurzzeitbetriebs bei Hybridfahrzeugen entstehen. Das Produkt bek\u00e4mpft ebenso die Negativeffekte der Kraftstoffalterung, die bei Hybrid-Fahrzeugen verst\u00e4rkt auftritt. Der INOX\u00ae Kraftstoffsystemreinigung Hybrid beseitigt Verklebungen sowie Verkokungsr\u00fcckst\u00e4nde, Verharzungen und Ru\u00dfablagerungen im gesamten oberen Zylinderbereich.<\/p>\n<\/div>","protected":false},"excerpt":{"rendered":"<p>Der\u00a0INOX\u00ae Kraftstoffsystemreinigung Hybrid\u00a0ist anwendbar f\u00fcr alle Hybridfahrzeuge mit Ottomotor. Verschmutzungen und Kondenswasser sowie Feuchtigkeit, die aufgrund des typisch unregelm\u00e4\u00dfigen Kurzzeitbetriebs bei Hybridfahrzeugen entstehen. Das Produkt bek\u00e4mpft ebenso die Negativeffekte der Kraftstoffalterung, die bei Hybrid-Fahrzeugen verst\u00e4rkt auftritt. Der INOX\u00ae Kraftstoffsystemreinigung Hybrid beseitigt Verklebungen sowie Verkokungsr\u00fcckst\u00e4nde, Verharzungen und Ru\u00dfablagerungen im gesamten oberen Zylinderbereich.<\/p>","protected":false},"featured_media":321,"comment_status":"open","ping_status":"closed","template":"","meta":[],"product_brand":[],"product_cat":[22,24],"product_tag":[],"class_list":{"0":"post-320","1":"product","2":"type-product","3":"status-publish","4":"has-post-thumbnail","6":"product_cat-additive","7":"product_cat-additive-hybridsysteme","9":"first","10":"instock","11":"shipping-taxable","12":"product-type-simple"},"_links":{"self":[{"href":"https:\/\/inox-vertrieb.de\/en\/wp-json\/wp\/v2\/product\/320","targetHints":{"allow":["GET"]}}],"collection":[{"href":"https:\/\/inox-vertrieb.de\/en\/wp-json\/wp\/v2\/product"}],"about":[{"href":"https:\/\/inox-vertrieb.de\/en\/wp-json\/wp\/v2\/types\/product"}],"replies":[{"embeddable":true,"href":"https:\/\/inox-vertrieb.de\/en\/wp-json\/wp\/v2\/comments?post=320"}],"wp:featuredmedia":[{"embeddable":true,"href":"https:\/\/inox-vertrieb.de\/en\/wp-json\/wp\/v2\/media\/321"}],"wp:attachment":[{"href":"https:\/\/inox-vertrieb.de\/en\/wp-json\/wp\/v2\/media?parent=320"}],"wp:term":[{"taxonomy":"product_brand","embeddable":true,"href":"https:\/\/inox-vertrieb.de\/en\/wp-json\/wp\/v2\/product_brand?post=320"},{"taxonomy":"product_cat","embeddable":true,"href":"https:\/\/inox-vertrieb.de\/en\/wp-json\/wp\/v2\/product_cat?post=320"},{"taxonomy":"product_tag","embeddable":true,"href":"https:\/\/inox-vertrieb.de\/en\/wp-json\/wp\/v2\/product_tag?post=320"}],"curies":[{"name":"wp","href":"https:\/\/api.w.org\/{rel}","templated":true}]}}