{"id":312,"date":"2025-04-22T10:18:23","date_gmt":"2025-04-22T10:18:23","guid":{"rendered":"https:\/\/pakhelper.com\/inox\/?post_type=product&#038;p=312"},"modified":"2025-04-23T11:05:18","modified_gmt":"2025-04-23T11:05:18","slug":"inox-ep-additive","status":"publish","type":"product","link":"https:\/\/inox-vertrieb.de\/en\/product\/inox-ep-additive\/","title":{"rendered":"INOX EP Additive"},"content":{"rendered":"<div class=\"textproduct\">\n<p><strong>INOX EP<\/strong>\u00a0Zus\u00e4tze f\u00fcr Hochdruck-Additiven k\u00f6nnen die tribologischen Eigenschaften von Schmier\u00adstoffen deutlich verbessert werden. INOX EP Additive verhindern durch Reaktion mit den Werkstoffoberfl\u00e4chen das Verschwei\u00dfen der metallischen Werkstoffe unter extremen Druck- bzw. Lastbedingungen.<\/p>\n<\/div>","protected":false},"excerpt":{"rendered":"<p>INOX EP\u00a0Zus\u00e4tze f\u00fcr Hochdruck-Additiven k\u00f6nnen die tribologischen Eigenschaften von Schmier\u00adstoffen deutlich verbessert werden. INOX EP Additive verhindern durch Reaktion mit den Werkstoffoberfl\u00e4chen das Verschwei\u00dfen der metallischen Werkstoffe unter extremen Druck- bzw. Lastbedingungen.<\/p>","protected":false},"featured_media":313,"comment_status":"open","ping_status":"closed","template":"","meta":[],"product_brand":[],"product_cat":[22,23],"product_tag":[],"class_list":{"0":"post-312","1":"product","2":"type-product","3":"status-publish","4":"has-post-thumbnail","6":"product_cat-additive","7":"product_cat-additive-fur-industrie-ole","9":"first","10":"instock","11":"shipping-taxable","12":"product-type-simple"},"_links":{"self":[{"href":"https:\/\/inox-vertrieb.de\/en\/wp-json\/wp\/v2\/product\/312","targetHints":{"allow":["GET"]}}],"collection":[{"href":"https:\/\/inox-vertrieb.de\/en\/wp-json\/wp\/v2\/product"}],"about":[{"href":"https:\/\/inox-vertrieb.de\/en\/wp-json\/wp\/v2\/types\/product"}],"replies":[{"embeddable":true,"href":"https:\/\/inox-vertrieb.de\/en\/wp-json\/wp\/v2\/comments?post=312"}],"wp:featuredmedia":[{"embeddable":true,"href":"https:\/\/inox-vertrieb.de\/en\/wp-json\/wp\/v2\/media\/313"}],"wp:attachment":[{"href":"https:\/\/inox-vertrieb.de\/en\/wp-json\/wp\/v2\/media?parent=312"}],"wp:term":[{"taxonomy":"product_brand","embeddable":true,"href":"https:\/\/inox-vertrieb.de\/en\/wp-json\/wp\/v2\/product_brand?post=312"},{"taxonomy":"product_cat","embeddable":true,"href":"https:\/\/inox-vertrieb.de\/en\/wp-json\/wp\/v2\/product_cat?post=312"},{"taxonomy":"product_tag","embeddable":true,"href":"https:\/\/inox-vertrieb.de\/en\/wp-json\/wp\/v2\/product_tag?post=312"}],"curies":[{"name":"wp","href":"https:\/\/api.w.org\/{rel}","templated":true}]}}