{"id":310,"date":"2025-04-22T10:17:47","date_gmt":"2025-04-22T10:17:47","guid":{"rendered":"https:\/\/pakhelper.com\/inox\/?post_type=product&#038;p=310"},"modified":"2025-04-22T10:17:47","modified_gmt":"2025-04-22T10:17:47","slug":"inox-haftverbesserer","status":"publish","type":"product","link":"https:\/\/inox-vertrieb.de\/en\/product\/inox-haftverbesserer\/","title":{"rendered":"INOX Haftverbesserer"},"content":{"rendered":"<div class=\"textproduct\">\n<p><strong>INOX Haftverbesserer<\/strong>, auch Klebrigmacher oder Tackifier genannt, verbessern die Haftf\u00e4higkeit von \u00d6len und f\u00fchren zum Fadenzug. Sie werden typischer\u00adweise in S\u00e4geketten\u00f6len oder Bioschmierstoffen eingesetzt. Die Haftkonzentrate von INOX sind teilweise biologisch abbaubar und erf\u00fcllen die Anforderungen nach RAL-UZ 178 f\u00fcr das \u00d6ko-Label \u201eBlauer Engel\u201c.<\/p>\n<\/div>","protected":false},"excerpt":{"rendered":"<p>INOX Haftverbesserer, auch Klebrigmacher oder Tackifier genannt, verbessern die Haftf\u00e4higkeit von \u00d6len und f\u00fchren zum Fadenzug. Sie werden typischer\u00adweise in S\u00e4geketten\u00f6len oder Bioschmierstoffen eingesetzt. Die Haftkonzentrate von INOX sind teilweise biologisch abbaubar und erf\u00fcllen die Anforderungen nach RAL-UZ 178 f\u00fcr das \u00d6ko-Label \u201eBlauer Engel\u201c.<\/p>","protected":false},"featured_media":311,"comment_status":"open","ping_status":"closed","template":"","meta":[],"product_brand":[],"product_cat":[22,23],"product_tag":[],"class_list":{"0":"post-310","1":"product","2":"type-product","3":"status-publish","4":"has-post-thumbnail","6":"product_cat-additive","7":"product_cat-additive-fur-industrie-ole","9":"first","10":"instock","11":"shipping-taxable","12":"product-type-simple"},"_links":{"self":[{"href":"https:\/\/inox-vertrieb.de\/en\/wp-json\/wp\/v2\/product\/310","targetHints":{"allow":["GET"]}}],"collection":[{"href":"https:\/\/inox-vertrieb.de\/en\/wp-json\/wp\/v2\/product"}],"about":[{"href":"https:\/\/inox-vertrieb.de\/en\/wp-json\/wp\/v2\/types\/product"}],"replies":[{"embeddable":true,"href":"https:\/\/inox-vertrieb.de\/en\/wp-json\/wp\/v2\/comments?post=310"}],"wp:featuredmedia":[{"embeddable":true,"href":"https:\/\/inox-vertrieb.de\/en\/wp-json\/wp\/v2\/media\/311"}],"wp:attachment":[{"href":"https:\/\/inox-vertrieb.de\/en\/wp-json\/wp\/v2\/media?parent=310"}],"wp:term":[{"taxonomy":"product_brand","embeddable":true,"href":"https:\/\/inox-vertrieb.de\/en\/wp-json\/wp\/v2\/product_brand?post=310"},{"taxonomy":"product_cat","embeddable":true,"href":"https:\/\/inox-vertrieb.de\/en\/wp-json\/wp\/v2\/product_cat?post=310"},{"taxonomy":"product_tag","embeddable":true,"href":"https:\/\/inox-vertrieb.de\/en\/wp-json\/wp\/v2\/product_tag?post=310"}],"curies":[{"name":"wp","href":"https:\/\/api.w.org\/{rel}","templated":true}]}}