{"id":308,"date":"2025-04-22T10:16:01","date_gmt":"2025-04-22T10:16:01","guid":{"rendered":"https:\/\/pakhelper.com\/inox\/?post_type=product&#038;p=308"},"modified":"2025-04-22T10:16:01","modified_gmt":"2025-04-22T10:16:01","slug":"inox-uv-booster","status":"publish","type":"product","link":"https:\/\/inox-vertrieb.de\/en\/product\/inox-uv-booster\/","title":{"rendered":"INOX UV Booster"},"content":{"rendered":"<div class=\"textproduct\">\n<p><strong>INOX UV Booster<\/strong>\u00a0dient als\u00a0 Schutz von Schmierstoffen vor unerw\u00fcnschten, lichtinduzierten Alterungseinfl\u00fcssen. Hier werden UV-Stabilisatoren eingesetzt. Auf diese Weise kann u.a. das Auftreten von Verf\u00e4rbungen des Schmierstoffs bei langer Lagerung und Einwirken von UV-Strahlung verhindert werden.<\/p>\n<\/div>","protected":false},"excerpt":{"rendered":"<p>INOX UV Booster\u00a0dient als\u00a0 Schutz von Schmierstoffen vor unerw\u00fcnschten, lichtinduzierten Alterungseinfl\u00fcssen. Hier werden UV-Stabilisatoren eingesetzt. Auf diese Weise kann u.a. das Auftreten von Verf\u00e4rbungen des Schmierstoffs bei langer Lagerung und Einwirken von UV-Strahlung verhindert werden.<\/p>","protected":false},"featured_media":309,"comment_status":"open","ping_status":"closed","template":"","meta":[],"product_brand":[],"product_cat":[22,23],"product_tag":[],"class_list":{"0":"post-308","1":"product","2":"type-product","3":"status-publish","4":"has-post-thumbnail","6":"product_cat-additive","7":"product_cat-additive-fur-industrie-ole","9":"first","10":"instock","11":"shipping-taxable","12":"product-type-simple"},"_links":{"self":[{"href":"https:\/\/inox-vertrieb.de\/en\/wp-json\/wp\/v2\/product\/308","targetHints":{"allow":["GET"]}}],"collection":[{"href":"https:\/\/inox-vertrieb.de\/en\/wp-json\/wp\/v2\/product"}],"about":[{"href":"https:\/\/inox-vertrieb.de\/en\/wp-json\/wp\/v2\/types\/product"}],"replies":[{"embeddable":true,"href":"https:\/\/inox-vertrieb.de\/en\/wp-json\/wp\/v2\/comments?post=308"}],"wp:featuredmedia":[{"embeddable":true,"href":"https:\/\/inox-vertrieb.de\/en\/wp-json\/wp\/v2\/media\/309"}],"wp:attachment":[{"href":"https:\/\/inox-vertrieb.de\/en\/wp-json\/wp\/v2\/media?parent=308"}],"wp:term":[{"taxonomy":"product_brand","embeddable":true,"href":"https:\/\/inox-vertrieb.de\/en\/wp-json\/wp\/v2\/product_brand?post=308"},{"taxonomy":"product_cat","embeddable":true,"href":"https:\/\/inox-vertrieb.de\/en\/wp-json\/wp\/v2\/product_cat?post=308"},{"taxonomy":"product_tag","embeddable":true,"href":"https:\/\/inox-vertrieb.de\/en\/wp-json\/wp\/v2\/product_tag?post=308"}],"curies":[{"name":"wp","href":"https:\/\/api.w.org\/{rel}","templated":true}]}}