{"id":303,"date":"2025-04-22T10:12:07","date_gmt":"2025-04-22T10:12:07","guid":{"rendered":"https:\/\/pakhelper.com\/inox\/?post_type=product&#038;p=303"},"modified":"2025-09-02T07:25:58","modified_gmt":"2025-09-02T07:25:58","slug":"inox-alkoholische-flachendesinfektion","status":"publish","type":"product","link":"https:\/\/inox-vertrieb.de\/en\/product\/inox-alkoholische-flachendesinfektion\/","title":{"rendered":"INOX\u00ae alkoholische Fl\u00e4chendesinfektion"},"content":{"rendered":"<p>Das <strong>INOX\u00ae alkoholische Fl\u00e4chendesinfektionsmittel<\/strong> bietet eine <strong>hochwirksame Desinfektion<\/strong> f\u00fcr <strong>alle glatten Oberfl\u00e4chen<\/strong>. Dank seiner speziellen Wirkweise <strong>beseitigt es m\u00fchelos Bakterien, Viren, Pilze und Sporen<\/strong>. Es eignet sich perfekt f\u00fcr Oberfl\u00e4chen, M\u00f6bel und empfindliche Fl\u00e4chen und ist ideal f\u00fcr produktber\u00fchrende Oberfl\u00e4chen in der Lebensmittelindustrie.<\/p>\n<p><strong>In nur 30 Sekunden bek\u00e4mpft das INOX\u00ae Fl\u00e4chendesinfektionsmittel effektiv Viren<\/strong> und verhindert somit die Ausbreitung von Krankheiten. Es ist <strong>dermatologisch getestet<\/strong> und sehr hautvertr\u00e4glich. <strong>Hergestellt in Deutschland<\/strong>, steht unser Produkt f\u00fcr h\u00f6chste Qualit\u00e4t.<\/p>\n<p>\u2713 <strong>Hocheffizient<\/strong>: Entfernt Schmutz &amp; Ger\u00fcche gr\u00fcndlich.<br \/>\n\u2713 <strong>Schonend<\/strong>: Trocknet schnell ohne R\u00fcckst\u00e4nde.<br \/>\n\u2713<strong> Sparsam:<\/strong> Konzentrat f\u00fcr wenig Verbrauch.<br \/>\n\u2713 <strong>Sicher:<\/strong> Ohne sch\u00e4dliches Mikroplastik.<br \/>\n\u2713 <strong>Umweltfreundlich:<\/strong> Vollst\u00e4ndig biologisch abbaubar.<\/p>\n<p>&nbsp;<\/p>\n<div class=\"a-section a-spacing-mini\"><img decoding=\"async\" src=\"https:\/\/m.media-amazon.com\/images\/I\/31FKY40zb5L.png\" alt=\"Fl\u00fcssigkeit und Dampf entz\u00fcndbar.\" width=\"44\" height=\"44\" \/><\/div>\n<div class=\"a-section a-spacing-none\"><strong><span class=\"a-size-base a-color-base\">Gefahr: <\/span><\/strong>Fl\u00fcssigkeit und Dampf entz\u00fcndbar.<\/div>","protected":false},"excerpt":{"rendered":"<p>Das INOX\u00ae alkoholische Fl\u00e4chendesinfektionsmittel bietet eine hochwirksame Desinfektion f\u00fcr alle glatten Oberfl\u00e4chen. Dank seiner speziellen Wirkweise beseitigt es m\u00fchelos Bakterien, Viren, Pilze und Sporen. Es eignet sich perfekt f\u00fcr Oberfl\u00e4chen, M\u00f6bel und empfindliche Fl\u00e4chen und ist ideal f\u00fcr produktber\u00fchrende Oberfl\u00e4chen in der Lebensmittelindustrie. In nur 30 Sekunden bek\u00e4mpft das INOX\u00ae Fl\u00e4chendesinfektionsmittel effektiv Viren und verhindert [&hellip;]<\/p>","protected":false},"featured_media":1442,"comment_status":"open","ping_status":"closed","template":"","meta":[],"product_brand":[],"product_cat":[21],"product_tag":[],"class_list":{"0":"post-303","1":"product","2":"type-product","3":"status-publish","4":"has-post-thumbnail","6":"product_cat-desinfektion","8":"first","9":"instock","10":"shipping-taxable","11":"product-type-simple"},"_links":{"self":[{"href":"https:\/\/inox-vertrieb.de\/en\/wp-json\/wp\/v2\/product\/303","targetHints":{"allow":["GET"]}}],"collection":[{"href":"https:\/\/inox-vertrieb.de\/en\/wp-json\/wp\/v2\/product"}],"about":[{"href":"https:\/\/inox-vertrieb.de\/en\/wp-json\/wp\/v2\/types\/product"}],"replies":[{"embeddable":true,"href":"https:\/\/inox-vertrieb.de\/en\/wp-json\/wp\/v2\/comments?post=303"}],"wp:featuredmedia":[{"embeddable":true,"href":"https:\/\/inox-vertrieb.de\/en\/wp-json\/wp\/v2\/media\/1442"}],"wp:attachment":[{"href":"https:\/\/inox-vertrieb.de\/en\/wp-json\/wp\/v2\/media?parent=303"}],"wp:term":[{"taxonomy":"product_brand","embeddable":true,"href":"https:\/\/inox-vertrieb.de\/en\/wp-json\/wp\/v2\/product_brand?post=303"},{"taxonomy":"product_cat","embeddable":true,"href":"https:\/\/inox-vertrieb.de\/en\/wp-json\/wp\/v2\/product_cat?post=303"},{"taxonomy":"product_tag","embeddable":true,"href":"https:\/\/inox-vertrieb.de\/en\/wp-json\/wp\/v2\/product_tag?post=303"}],"curies":[{"name":"wp","href":"https:\/\/api.w.org\/{rel}","templated":true}]}}