{"id":290,"date":"2025-04-22T10:08:01","date_gmt":"2025-04-22T10:08:01","guid":{"rendered":"https:\/\/pakhelper.com\/inox\/?post_type=product&#038;p=290"},"modified":"2025-09-02T07:32:51","modified_gmt":"2025-09-02T07:32:51","slug":"inox-schuhdesinfektion-anti-pilz%c2%b2","status":"publish","type":"product","link":"https:\/\/inox-vertrieb.de\/en\/product\/inox-schuhdesinfektion-anti-pilz%c2%b2\/","title":{"rendered":"INOX\u00ae Schuhdesinfektion &#8211; Anti Pilz"},"content":{"rendered":"<p>Das <strong>INOX\u00ae Schuh Desinfektionsspray<\/strong> beseitigt zuverl\u00e4ssig 99,99% aller Bakterien, Pilze und Viren, die sich in und auf Ihren Schuhen befinden k\u00f6nnen. Es ist dermatologisch getestet und besonders hautschonend.<\/p>\n<p>Dieses Spray entfernt nicht nur unangenehme Ger\u00fcche, sondern verhindert auch die Entstehung von Fu\u00dfpilz. Es ist einfach in der Anwendung und sorgt f\u00fcr langanhaltende Frische in Ihren Schuhen.<\/p>\n<p>\u2713 <strong>Einfach<\/strong>: Einfach in den Schuh spr\u00fchen.<br \/>\n\u2713 <strong>Effektive Desinfektion<\/strong>: Beseitigt 99,99% Viren, Bakterien und sch\u00fctzt vor Fu\u00dfpilz.<br \/>\n\u2713 <strong>Geruchsentfernung<\/strong>: Neutralisiert und zersetzt unangenehme Ger\u00fcche.<br \/>\n\u2713 <strong>Vorbeugende Eigenschaften<\/strong>: Verhindert die Vermehrung von Bakterien.<br \/>\n\u2713 <strong>Dermatologisch getestet<\/strong>: Hautschonend, ohne Alkohol, mit Testnote &#8222;Sehr gut&#8220;.<\/p>","protected":false},"excerpt":{"rendered":"<p>Das INOX\u00ae Schuh Desinfektionsspray beseitigt zuverl\u00e4ssig 99,99% aller Bakterien, Pilze und Viren, die sich in und auf Ihren Schuhen befinden k\u00f6nnen. Es ist dermatologisch getestet und besonders hautschonend. Dieses Spray entfernt nicht nur unangenehme Ger\u00fcche, sondern verhindert auch die Entstehung von Fu\u00dfpilz. Es ist einfach in der Anwendung und sorgt f\u00fcr langanhaltende Frische in Ihren [&hellip;]<\/p>","protected":false},"featured_media":1450,"comment_status":"open","ping_status":"closed","template":"","meta":[],"product_brand":[],"product_cat":[21],"product_tag":[],"class_list":{"0":"post-290","1":"product","2":"type-product","3":"status-publish","4":"has-post-thumbnail","6":"product_cat-desinfektion","8":"first","9":"instock","10":"shipping-taxable","11":"product-type-simple"},"_links":{"self":[{"href":"https:\/\/inox-vertrieb.de\/en\/wp-json\/wp\/v2\/product\/290","targetHints":{"allow":["GET"]}}],"collection":[{"href":"https:\/\/inox-vertrieb.de\/en\/wp-json\/wp\/v2\/product"}],"about":[{"href":"https:\/\/inox-vertrieb.de\/en\/wp-json\/wp\/v2\/types\/product"}],"replies":[{"embeddable":true,"href":"https:\/\/inox-vertrieb.de\/en\/wp-json\/wp\/v2\/comments?post=290"}],"wp:featuredmedia":[{"embeddable":true,"href":"https:\/\/inox-vertrieb.de\/en\/wp-json\/wp\/v2\/media\/1450"}],"wp:attachment":[{"href":"https:\/\/inox-vertrieb.de\/en\/wp-json\/wp\/v2\/media?parent=290"}],"wp:term":[{"taxonomy":"product_brand","embeddable":true,"href":"https:\/\/inox-vertrieb.de\/en\/wp-json\/wp\/v2\/product_brand?post=290"},{"taxonomy":"product_cat","embeddable":true,"href":"https:\/\/inox-vertrieb.de\/en\/wp-json\/wp\/v2\/product_cat?post=290"},{"taxonomy":"product_tag","embeddable":true,"href":"https:\/\/inox-vertrieb.de\/en\/wp-json\/wp\/v2\/product_tag?post=290"}],"curies":[{"name":"wp","href":"https:\/\/api.w.org\/{rel}","templated":true}]}}