{"id":1751,"date":"2026-03-28T17:53:38","date_gmt":"2026-03-28T17:53:38","guid":{"rendered":"https:\/\/inox-vertrieb.de\/?post_type=product&#038;p=1751"},"modified":"2026-03-28T17:53:38","modified_gmt":"2026-03-28T17:53:38","slug":"gruenbelagentferner-konzentrat","status":"publish","type":"product","link":"https:\/\/inox-vertrieb.de\/en\/product\/gruenbelagentferner-konzentrat\/","title":{"rendered":"Gr\u00fcnbelagentferner Konzentrat"},"content":{"rendered":"<p data-pm-slice=\"0 0 []\">Der <strong>INOX\u00ae Gr\u00fcnbelagentferner Konzentrat<\/strong> ist ein leistungsstarkes Reinigungsmittel zur effektiven Entfernung von Algenbel\u00e4gen, Gr\u00fcnbelag und organischen Verschmutzungen auf mineralischen Au\u00dfenfl\u00e4chen. Es eignet sich ideal f\u00fcr Terrassen, Wege, Treppen, Fassaden sowie Beton- und Natursteinfl\u00e4chen.<\/p>\n<p><strong>Das hochwirksame Konzentrat kann je nach Verschmutzungsgrad verd\u00fcnnt werden und eignet sich sowohl zur intensiven Reinigung als auch zur vorbeugenden Behandlung gegen Neubefall.<\/strong> Es sorgt f\u00fcr saubere, gepflegte Oberfl\u00e4chen im Au\u00dfenbereich und entfernt selbst hartn\u00e4ckige Ablagerungen zuverl\u00e4ssig.<\/p>\n<p><strong>\u2713 Kraftvolle Reinigung:<\/strong> Entfernt zuverl\u00e4ssig Algen, Gr\u00fcnbelag und organische Verschmutzungen<br \/>\n<strong>\u2713 Flexibel einsetzbar:<\/strong> F\u00fcr Terrassen, Wege, Fassaden, Pflaster und Mauerwerk geeignet<br \/>\n<strong>\u2713 Konzentrat-Formel:<\/strong> Individuell je nach Verschmutzungsgrad verd\u00fcnnbar<br \/>\n<strong>\u2713 Vorbeugende Wirkung:<\/strong> Sch\u00fctzt vor erneutem Befall bei regelm\u00e4\u00dfiger Anwendung<br \/>\n<strong>\u2713 Made in Germany<\/strong><\/p>\n<p><strong>Anwendung:<\/strong> Je nach Verschmutzungsgrad im Verh\u00e4ltnis <strong>1:20 (leichter Befall)<\/strong> oder <strong>1:10 (starker Befall)<\/strong> mit Wasser verd\u00fcnnen, Die L\u00f6sung gleichm\u00e4\u00dfig auf die trockene Oberfl\u00e4che auftragen und <strong>ca. 24 Stunden einwirken lassen<\/strong>. Anschlie\u00dfend gel\u00f6ste R\u00fcckst\u00e4nde mechanisch entfernen, z. B. mit B\u00fcrste oder Besen. Verarbeitung nur bei Temperaturen zwischen <strong>+5 \u00b0C und +40 \u00b0C<\/strong> sowie bei trockener Witterung.<\/p>\n<p><strong>Inhaltsstoffe: <\/strong>Wirkstoffgehalt Biozide: 5 g\/l und 3,9 g\/l<\/p>\n<p>Enth\u00e4lt Biozidprodukte: Quatern\u00e4re Ammoniumverbindungen, Benzyl-C12-16 (gradzahlig) Alkyldimethyl-Chloride, Ethanol<\/p>","protected":false},"excerpt":{"rendered":"<p>Der INOX\u00ae Gr\u00fcnbelagentferner Konzentrat ist ein leistungsstarkes Reinigungsmittel zur effektiven Entfernung von Algenbel\u00e4gen, Gr\u00fcnbelag und organischen Verschmutzungen auf mineralischen Au\u00dfenfl\u00e4chen. Es eignet sich ideal f\u00fcr Terrassen, Wege, Treppen, Fassaden sowie Beton- und Natursteinfl\u00e4chen. Das hochwirksame Konzentrat kann je nach Verschmutzungsgrad verd\u00fcnnt werden und eignet sich sowohl zur intensiven Reinigung als auch zur vorbeugenden Behandlung gegen [&hellip;]<\/p>","protected":false},"featured_media":1744,"comment_status":"open","ping_status":"closed","template":"","meta":[],"product_brand":[],"product_cat":[34],"product_tag":[],"class_list":{"0":"post-1751","1":"product","2":"type-product","3":"status-publish","4":"has-post-thumbnail","6":"product_cat-technische-reiniger","8":"first","9":"instock","10":"shipping-taxable","11":"product-type-simple"},"_links":{"self":[{"href":"https:\/\/inox-vertrieb.de\/en\/wp-json\/wp\/v2\/product\/1751","targetHints":{"allow":["GET"]}}],"collection":[{"href":"https:\/\/inox-vertrieb.de\/en\/wp-json\/wp\/v2\/product"}],"about":[{"href":"https:\/\/inox-vertrieb.de\/en\/wp-json\/wp\/v2\/types\/product"}],"replies":[{"embeddable":true,"href":"https:\/\/inox-vertrieb.de\/en\/wp-json\/wp\/v2\/comments?post=1751"}],"wp:featuredmedia":[{"embeddable":true,"href":"https:\/\/inox-vertrieb.de\/en\/wp-json\/wp\/v2\/media\/1744"}],"wp:attachment":[{"href":"https:\/\/inox-vertrieb.de\/en\/wp-json\/wp\/v2\/media?parent=1751"}],"wp:term":[{"taxonomy":"product_brand","embeddable":true,"href":"https:\/\/inox-vertrieb.de\/en\/wp-json\/wp\/v2\/product_brand?post=1751"},{"taxonomy":"product_cat","embeddable":true,"href":"https:\/\/inox-vertrieb.de\/en\/wp-json\/wp\/v2\/product_cat?post=1751"},{"taxonomy":"product_tag","embeddable":true,"href":"https:\/\/inox-vertrieb.de\/en\/wp-json\/wp\/v2\/product_tag?post=1751"}],"curies":[{"name":"wp","href":"https:\/\/api.w.org\/{rel}","templated":true}]}}